{"id":1430,"date":"2026-01-19T13:46:35","date_gmt":"2026-01-19T13:46:35","guid":{"rendered":"https:\/\/manekispincasino.com\/app-2\/"},"modified":"2026-01-20T09:55:47","modified_gmt":"2026-01-20T09:55:47","slug":"app","status":"publish","type":"page","link":"https:\/\/manekispincasino.com\/de\/app\/","title":{"rendered":"App"},"content":{"rendered":"<h1>Manekispin mobile App f\u00fcr iOS und Android<\/h1>\n<p>Die Manekispin App bietet Ihnen die M\u00f6glichkeit, von \u00fcberall aus online zu bleiben. Jetzt sind Sie nicht mehr an Ihr Zuhause oder Ihren Computer gebunden. Wir bieten Ihnen ein komplettes Online-Casino-Erlebnis direkt auf Ihrem Smartphone oder Tablet. W\u00e4hlen Sie zwischen einer Browser-Version und einer speziellen Software. Wir garantieren Ihnen, dass Sie mit beiden Versionen auf alle Titel und Funktionen zugreifen k\u00f6nnen, die auch auf dem Desktop verf\u00fcgbar sind.<\/p>\n<p><div class=\"banner-wrap\" aria-label=\"Banner\"><img src=\"https:\/\/manekispincasino.com\/wp-content\/uploads\/2026\/01\/Manekispin-banner-carousel-800\u0445400-6.webp\" class=\"w-100 d-none d-lg-block img-pc main-banner-img\" alt=\"Manekispin desktop banner\" fetchpriority=\"high\" decoding=\"async\"><img src=\"https:\/\/manekispincasino.com\/wp-content\/uploads\/2026\/01\/Manekispin-mobile-banner.webp\" class=\"w-100 d-none d-md-block d-lg-none main-banner-img\" alt=\"Manekispin mobile banner\" fetchpriority=\"high\" decoding=\"async\"><img src=\"https:\/\/manekispincasino.com\/wp-content\/uploads\/2026\/01\/Manekispin-mobile-banner.webp\" class=\"w-100 d-md-none\" alt=\"Manekispin mobile banner\" fetchpriority=\"high\" decoding=\"async\"><div class=\"banner-description\">\n<div class=\"banner-title\">Willkommensboni<\/div>\n<p class=\"banner-header-title\">1500 \u20ac<\/p>\n<div class=\"banner-header-AdditionalText\">+ 250 Freispiele<\/div>\n<button data-item=\"homepage_banner_link\" class=\"goto m-button m-gradient-border m-button--primary m-button--large banner-button btn-orange\">\n            <div class=\"m-button-content\">\n                <span>Jetzt anmelden<\/span>\n                <span><\/span>\n            <\/div>\n        <\/button>\n<\/div>\n<div class=\"WelcomePack\">\n<p><img loading=\"lazy\" decoding=\"async\" class=\"alignnone size-full wp-image-1359\" src=\"https:\/\/manekispincasino.com\/wp-content\/uploads\/2026\/01\/welcome-crown.png\" alt=\"crown\" width=\"25\" height=\"26\" \/><\/p>\n<div class=\"WelcomePack-Info\">W\u00f6chentlicher Cashback von bis zu 25 %<\/div>\n<p><img loading=\"lazy\" decoding=\"async\" class=\"alignnone size-full wp-image-1359\" src=\"https:\/\/manekispincasino.com\/wp-content\/uploads\/2026\/01\/welcome-crown.png\" alt=\"crown\" width=\"25\" height=\"26\" \/><\/p>\n<\/div>\n<\/div><div class=\"scrollable-content-wrap my-5\"><div class=\"scrollable-content-inner\"><h2>Manekispin auf Mac oder Windows<\/h2>\n<p>Ein Computer mit gro\u00dfem Bildschirm bleibt eine bequeme Option f\u00fcr alle unsere neuen und regelm\u00e4\u00dfigen Nutzer. Maneki Spin Casino ist mit allen modernen PCs und Laptops kompatibel. Das Design, die Navigation und die Spiele passen sich perfekt an die Gr\u00f6\u00dfe Ihres Bildschirms an.<\/p>\n<p>Sie k\u00f6nnen Ihre Lieblingsspiele in Ihrem bevorzugten Browser auf einem Mac- oder Windows-Ger\u00e4t spielen. F\u00fcr einen schnelleren Zugriff k\u00f6nnen Sie die Webseite in Ihrem Browser anheften oder ein Verkn\u00fcpfungssymbol erstellen. So k\u00f6nnen Sie die Website mit einem Klick direkt vom Startbildschirm aus aufrufen.<\/p>\n<p>Wenn Sie mehrere Ger\u00e4te kombinieren und je nach Situation von einem PC, Smartphone oder Tablet aus spielen m\u00f6chten, ist dies mit Manekispin ebenfalls m\u00f6glich. Nach der Anmeldung bei Ihrem Konto werden alle Ihre Erfolge und Einstellungen ger\u00e4te\u00fcbergreifend synchronisiert.<\/p>\n<p><img loading=\"lazy\" decoding=\"async\" src=\"https:\/\/manekispincasino.com\/wp-content\/uploads\/2026\/01\/Manekispin-Desktop.webp\" alt=\"Manekispin Desktop\" width=\"1248\" height=\"536\" \/><\/p>\n<\/div><\/div><div style=\"clear: both\"><\/div><div class=\"d-flex justify-content-center\"><button data-item=\"decouvrez_link\" data-group=\"website_links\" class=\"goto fw-bold rounded-pill btn btn-orange\" aria-label=\"Laden Sie die Manekispin-App herunter\" >Laden Sie die Manekispin-App herunter<\/button><\/div><div class=\"scrollable-content-wrap my-5\"><div class=\"scrollable-content-inner\"><h2>Manekispin App f\u00fcr Android Ger\u00e4te<\/h2>\n<p>Jeder, der ein Android-Ger\u00e4t besitzt, kann ohne Einschr\u00e4nkungen auf die mobile Version zugreifen. Nutzer k\u00f6nnen unsere Website ganz einfach mit jedem mobilen Browser, wie beispielsweise Google Chrome, aufrufen. Alle Ihre Lieblingsspiele, darunter Online-Slots, Tischspiele, Live-Dealer-Optionen und Sofortgewinnspiele, sind auf einem Android-Smartphone oder -Tablet verf\u00fcgbar.<\/p>\n<p>Die mobile Software von Manekispin Casino ist als Progressive Web App (PWA) aufgebaut. Das bedeutet, dass das mobile Casino nur zwischengespeicherte Daten verwendet und keinen Speicherplatz auf Ihrem Ger\u00e4t beansprucht. Das Laden und Spielen verl\u00e4uft reibungslos und schnell.<\/p>\n<h3>Installation der Anwendung<\/h3>\n<p>Die einfache Installation finden Sie auf unserer Website. Wir \u00fcberpr\u00fcfen regelm\u00e4\u00dfig die Manekispin App und k\u00f6nnen garantieren, dass sie f\u00fcr Ihr Ger\u00e4t sicher ist. Nachfolgend finden Sie die Installationsanleitung:<\/p>\n<ol>\n<li>Gehen Sie auf einem beliebigen Mobilger\u00e4t zum Ende unserer Website.<\/li>\n<li>Suchen Sie die Schaltfl\u00e4che \u201eCasino-App\u201c und klicken Sie darauf.<\/li>\n<li>W\u00e4hlen Sie auf der neu angezeigten Seite in der Mitte des Bildschirms \u201eInstallieren\u201c.<\/li>\n<li>Bei einer stabilen Internetverbindung dauert die Installation nur wenige Minuten.<\/li>\n<li>Nachdem der Vorgang abgeschlossen ist, sehen Sie das Symbol der Marke Maneki Spin Casino auf Ihrem Startbildschirm. Um mit echtem Geld zu spielen, registrieren Sie sich und melden Sie sich bei Ihrem Konto an.<\/li>\n<\/ol>\n<p><img loading=\"lazy\" decoding=\"async\" src=\"https:\/\/manekispincasino.com\/wp-content\/uploads\/2026\/01\/Manekispin-Android-App.webp\" alt=\"Manekispin Android App\" width=\"1248\" height=\"536\" \/><\/p>\n<\/div><\/div><div style=\"clear: both\"><\/div><div class=\"d-flex justify-content-center\"><button data-item=\"decouvrez_link\" data-group=\"website_links\" class=\"goto fw-bold rounded-pill btn btn-orange\" aria-label=\"Manekispin herunterladen\" >Manekispin herunterladen<\/button><\/div><div class=\"scrollable-content-wrap my-5\"><div class=\"scrollable-content-inner\"><h2>Mobile Anwendung f\u00fcr iPhones und iPads<\/h2>\n<p>Alle iOS-Nutzer von Manekispin haben ebenfalls die M\u00f6glichkeit, ihre Lieblingsspiele unterwegs zu spielen. Wir garantieren Ihnen, dass Sie w\u00e4hrend des gesamten Prozesses die gleiche oder eine noch gr\u00f6\u00dfere Zufriedenheit erleben werden. Die Registrierung und Anmeldung sind auf mobilen Ger\u00e4ten m\u00f6glich. Au\u00dferdem m\u00fcssen Sie vor der ersten Auszahlung den Verifizierungsprozess abschlie\u00dfen.<\/p>\n<p>Sie k\u00f6nnen die Browser-Version der Plattform auf Ihrem iPhone oder iPad verwenden. Es sind keine zus\u00e4tzlichen Downloads erforderlich. Wenn Sie Probleme mit der mobilen Version haben, k\u00f6nnen Sie sich jederzeit \u00fcber den Live-Chat oder per E-Mail an unser Support-Team wenden. Unsere Manager werden alles \u00fcberpr\u00fcfen und sich mit einer L\u00f6sung bei Ihnen melden.<\/p>\n<h3>Einrichtung der iOS-App<\/h3>\n<p>Um schneller auf die Website auf Ihrem Mobilger\u00e4t zugreifen zu k\u00f6nnen, k\u00f6nnen Sie eine Verkn\u00fcpfung f\u00fcr den Startbildschirm installieren. Dies kann in den Einstellungen jedes modernen Browsers durch Auswahl der Option \u201eZum Startbildschirm hinzuf\u00fcgen\u201d oder \u00fcber die Shortcuts-App f\u00fcr iPhone und iPad erfolgen.<\/p>\n<p>F\u00fcr einen individuelleren Ablauf k\u00f6nnen Sie die Manekispin-App von unserer Plattform installieren. Damit erhalten Sie Push-Benachrichtigungen und Zugang zu exklusiven Angeboten, die nur f\u00fcr mobile Spieler verf\u00fcgbar sind.<\/p>\n<p><img loading=\"lazy\" decoding=\"async\" src=\"https:\/\/manekispincasino.com\/wp-content\/uploads\/2026\/01\/Manekispin-iOS-App.webp\" alt=\"Manekispin iOS App\" width=\"1248\" height=\"536\" \/><\/p>\n<\/div><\/div><div style=\"clear: both\"><\/div><div class=\"d-flex justify-content-center\"><button data-item=\"decouvrez_link\" data-group=\"website_links\" class=\"goto fw-bold rounded-pill btn btn-orange\" aria-label=\"Laden Sie die Manekispin-App herunter\" >Laden Sie die Manekispin-App herunter<\/button><\/div><\/p>\n<h2>Vorteile der Maneki Spin App<\/h2>\n<p>In der modernen Welt ist eine Website ohne mobile Version oder spezielle mobile App kaum noch vorstellbar. Bei Manekispin Casino bevorzugen mehr als die H\u00e4lfte der Nutzer ihr Smartphone oder Tablet, um das Spiel zu genie\u00dfen. Deshalb war es f\u00fcr uns unerl\u00e4sslich, eine komfortable Option zu entwickeln, die der Hauptversion f\u00fcr den PC in nichts nachsteht.<\/p>\n<p>Wir bieten unseren Kunden zwei M\u00f6glichkeiten, auf Mobilger\u00e4ten zu spielen: eine browserbasierte Version und die Manekispin Casino App. Sie erhalten Zugriff auf die gesamte Spielesammlung, ohne den auf dem PC erzielten Fortschritt zu verlieren. Die folgende Tabelle zeigt die wichtigsten Vorteile der mobilen Software f\u00fcr Android und iOS.<\/p>\n<table>\n<tbody>\n<tr>\n<td>Funktion<\/td>\n<td>Beschreibung<\/td>\n<\/tr>\n<tr>\n<td>Aktualisierungen<\/td>\n<td>Aktualisierungen werden sofort und ohne Ihr Zutun durchgef\u00fchrt.<\/td>\n<\/tr>\n<tr>\n<td>Plattform\u00fcbergreifende Unterst\u00fctzung<\/td>\n<td>Funktioniert auf Android, iOS, Windows und macOS mit derselben webbasierten Technologie.<\/td>\n<\/tr>\n<tr>\n<td>Push-Benachrichtigungen<\/td>\n<td>Unterst\u00fctzt Echtzeit-Benachrichtigungen f\u00fcr Nachrichten.<\/td>\n<\/tr>\n<tr>\n<td>Zugang<\/td>\n<td>Startet direkt vom Startbildschirm des Ger\u00e4ts aus.<\/td>\n<\/tr>\n<tr>\n<td>Sicherheitsintegration<\/td>\n<td>Verwendet Sicherheit auf Browser-Ebene, HTTPS-Verschl\u00fcsselung und Sandbox-Ausf\u00fchrung.<\/td>\n<\/tr>\n<tr>\n<td>Dateneffizienz<\/td>\n<td>Entwickelt, um weniger mobile Daten zu verbrauchen als die Browser-Version.<\/td>\n<\/tr>\n<tr>\n<td>Ger\u00e4tekompatibilit\u00e4t<\/td>\n<td>Passt sich automatisch an verschiedene Bildschirmgr\u00f6\u00dfen und Aufl\u00f6sungen an.<\/td>\n<\/tr>\n<\/tbody>\n<\/table>\n<div class=\"scrollable-content-wrap my-5\"><div class=\"scrollable-content-inner\"><h2>H\u00e4ufig gestellte Fragen<\/h2>\n<h3>Wie kann ich die Anwendung aktualisieren?<\/h3>\n<p>Die Maneki Spin App wird automatisch aktualisiert, ohne dass Sie etwas tun m\u00fcssen. Bei wesentlichen \u00c4nderungen und der Notwendigkeit, eine neue Version zu installieren, werden Sie per Push-Benachrichtigung und E-Mail informiert.<\/p>\n<h3>Sind alle Spiele und Funktionen auf Mobilger\u00e4ten verf\u00fcgbar?<\/h3>\n<p>Alle \u00fcber 6.000 Titel sind in der mobilen Version von Manekispin Casino verf\u00fcgbar. Sie sind alle f\u00fcr kleine Bildschirme optimiert und bieten ein hochwertiges Spielerlebnis. Alle anderen Funktionen, wie Werbeaktionen, Zahlungen, Kontoeinstellungen und vieles mehr, sind in der App verf\u00fcgbar.<\/p>\n<h3>Ist die Nutzung der Manekispin App f\u00fcr mich sicher?<\/h3>\n<p>Unser Online-Casino nimmt die Sicherheit unserer Kunden und Daten sehr ernst. Wir testen regelm\u00e4\u00dfig die mobile Version und die App. Alle Ihre pers\u00f6nlichen Daten und Zahlungsinformationen werden verschl\u00fcsselt. F\u00fcr einen h\u00f6heren Schutz k\u00f6nnen Sie in den Kontoeinstellungen die Zwei-Faktor-Authentifizierung aktivieren.<\/p>\n<\/div><\/div>\n","protected":false},"excerpt":{"rendered":"<p>Manekispin mobile App f\u00fcr iOS und Android Die Manekispin App bietet Ihnen die M\u00f6glichkeit, von \u00fcberall aus online zu bleiben. Jetzt sind Sie nicht mehr an Ihr Zuhause oder Ihren Computer gebunden. Wir bieten Ihnen ein komplettes Online-Casino-Erlebnis direkt auf Ihrem Smartphone oder Tablet. W\u00e4hlen Sie zwischen einer Browser-Version und einer speziellen Software. Wir garantieren [&hellip;]<\/p>\n","protected":false},"author":1,"featured_media":0,"parent":0,"menu_order":0,"comment_status":"closed","ping_status":"closed","template":"template-builder.php","meta":{"_acf_changed":false,"inline_featured_image":false,"footnotes":""},"class_list":["post-1430","page","type-page","status-publish","hentry"],"acf":[],"yoast_head":"<!-- This site is optimized with the Yoast SEO plugin v27.3 - https:\/\/yoast.com\/product\/yoast-seo-wordpress\/ -->\n<title>Manekispin App | Mobiles Casino f\u00fcr Android und iOS<\/title>\n<meta name=\"description\" content=\"Spiele Slots, Jackpots und Live-Dealer-Spiele \u00fcberall mit der Maneki Spin App. Schnell, sicher und f\u00fcr alle Ger\u00e4te optimiert. Jetzt herunterladen!\" \/>\n<meta name=\"robots\" content=\"index, follow, max-snippet:-1, max-image-preview:large, max-video-preview:-1\" \/>\n<link rel=\"canonical\" href=\"https:\/\/manekispincasino.com\/de\/app\/\" \/>\n<meta property=\"og:locale\" content=\"de_DE\" \/>\n<meta property=\"og:type\" content=\"article\" \/>\n<meta property=\"og:title\" content=\"Manekispin App | Mobiles Casino f\u00fcr Android und iOS\" \/>\n<meta property=\"og:description\" content=\"Spiele Slots, Jackpots und Live-Dealer-Spiele \u00fcberall mit der Maneki Spin App. Schnell, sicher und f\u00fcr alle Ger\u00e4te optimiert. Jetzt herunterladen!\" \/>\n<meta property=\"og:url\" content=\"https:\/\/manekispincasino.com\/de\/app\/\" \/>\n<meta property=\"og:site_name\" content=\"manekispin\" \/>\n<meta property=\"article:modified_time\" content=\"2026-01-20T09:55:47+00:00\" \/>\n<meta name=\"twitter:card\" content=\"summary_large_image\" \/>\n<meta name=\"twitter:label1\" content=\"Gesch\u00e4tzte Lesezeit\" \/>\n\t<meta name=\"twitter:data1\" content=\"2\u00a0Minuten\" \/>\n<script type=\"application\/ld+json\" class=\"yoast-schema-graph\">{\"@context\":\"https:\\\/\\\/schema.org\",\"@graph\":[{\"@type\":\"WebPage\",\"@id\":\"https:\\\/\\\/manekispincasino.com\\\/de\\\/app\\\/\",\"url\":\"https:\\\/\\\/manekispincasino.com\\\/de\\\/app\\\/\",\"name\":\"Manekispin App | Mobiles Casino f\u00fcr Android und iOS\",\"isPartOf\":{\"@id\":\"https:\\\/\\\/manekispincasino.com\\\/de\\\/#website\"},\"datePublished\":\"2026-01-19T13:46:35+00:00\",\"dateModified\":\"2026-01-20T09:55:47+00:00\",\"description\":\"Spiele Slots, Jackpots und Live-Dealer-Spiele \u00fcberall mit der Maneki Spin App. Schnell, sicher und f\u00fcr alle Ger\u00e4te optimiert. Jetzt herunterladen!\",\"breadcrumb\":{\"@id\":\"https:\\\/\\\/manekispincasino.com\\\/de\\\/app\\\/#breadcrumb\"},\"inLanguage\":\"de\",\"potentialAction\":[{\"@type\":\"ReadAction\",\"target\":[\"https:\\\/\\\/manekispincasino.com\\\/de\\\/app\\\/\"]}]},{\"@type\":\"BreadcrumbList\",\"@id\":\"https:\\\/\\\/manekispincasino.com\\\/de\\\/app\\\/#breadcrumb\",\"itemListElement\":[{\"@type\":\"ListItem\",\"position\":1,\"name\":\"Manekispin\",\"item\":\"https:\\\/\\\/manekispincasino.com\\\/de\\\/\"},{\"@type\":\"ListItem\",\"position\":2,\"name\":\"App\"}]},{\"@type\":\"WebSite\",\"@id\":\"https:\\\/\\\/manekispincasino.com\\\/de\\\/#website\",\"url\":\"https:\\\/\\\/manekispincasino.com\\\/de\\\/\",\"name\":\"Manekispin\",\"description\":\"\",\"publisher\":{\"@id\":\"https:\\\/\\\/manekispincasino.com\\\/de\\\/#organization\"},\"potentialAction\":[{\"@type\":\"SearchAction\",\"target\":{\"@type\":\"EntryPoint\",\"urlTemplate\":\"https:\\\/\\\/manekispincasino.com\\\/de\\\/?s={search_term_string}\"},\"query-input\":{\"@type\":\"PropertyValueSpecification\",\"valueRequired\":true,\"valueName\":\"search_term_string\"}}],\"inLanguage\":\"de\"},{\"@type\":\"Organization\",\"@id\":\"https:\\\/\\\/manekispincasino.com\\\/de\\\/#organization\",\"name\":\"Manekispin\",\"url\":\"https:\\\/\\\/manekispincasino.com\\\/de\\\/\",\"logo\":{\"@type\":\"ImageObject\",\"inLanguage\":\"de\",\"@id\":\"https:\\\/\\\/manekispincasino.com\\\/de\\\/#\\\/schema\\\/logo\\\/image\\\/\",\"url\":\"https:\\\/\\\/manekispincasino.com\\\/wp-content\\\/uploads\\\/2026\\\/01\\\/logo.png\",\"contentUrl\":\"https:\\\/\\\/manekispincasino.com\\\/wp-content\\\/uploads\\\/2026\\\/01\\\/logo.png\",\"width\":79,\"height\":24,\"caption\":\"Manekispin\"},\"image\":{\"@id\":\"https:\\\/\\\/manekispincasino.com\\\/de\\\/#\\\/schema\\\/logo\\\/image\\\/\"}}]}<\/script>\n<!-- \/ Yoast SEO plugin. -->","yoast_head_json":{"title":"Manekispin App | Mobiles Casino f\u00fcr Android und iOS","description":"Spiele Slots, Jackpots und Live-Dealer-Spiele \u00fcberall mit der Maneki Spin App. Schnell, sicher und f\u00fcr alle Ger\u00e4te optimiert. Jetzt herunterladen!","robots":{"index":"index","follow":"follow","max-snippet":"max-snippet:-1","max-image-preview":"max-image-preview:large","max-video-preview":"max-video-preview:-1"},"canonical":"https:\/\/manekispincasino.com\/de\/app\/","og_locale":"de_DE","og_type":"article","og_title":"Manekispin App | Mobiles Casino f\u00fcr Android und iOS","og_description":"Spiele Slots, Jackpots und Live-Dealer-Spiele \u00fcberall mit der Maneki Spin App. Schnell, sicher und f\u00fcr alle Ger\u00e4te optimiert. Jetzt herunterladen!","og_url":"https:\/\/manekispincasino.com\/de\/app\/","og_site_name":"manekispin","article_modified_time":"2026-01-20T09:55:47+00:00","twitter_card":"summary_large_image","twitter_misc":{"Gesch\u00e4tzte Lesezeit":"2\u00a0Minuten"},"schema":{"@context":"https:\/\/schema.org","@graph":[{"@type":"WebPage","@id":"https:\/\/manekispincasino.com\/de\/app\/","url":"https:\/\/manekispincasino.com\/de\/app\/","name":"Manekispin App | Mobiles Casino f\u00fcr Android und iOS","isPartOf":{"@id":"https:\/\/manekispincasino.com\/de\/#website"},"datePublished":"2026-01-19T13:46:35+00:00","dateModified":"2026-01-20T09:55:47+00:00","description":"Spiele Slots, Jackpots und Live-Dealer-Spiele \u00fcberall mit der Maneki Spin App. Schnell, sicher und f\u00fcr alle Ger\u00e4te optimiert. Jetzt herunterladen!","breadcrumb":{"@id":"https:\/\/manekispincasino.com\/de\/app\/#breadcrumb"},"inLanguage":"de","potentialAction":[{"@type":"ReadAction","target":["https:\/\/manekispincasino.com\/de\/app\/"]}]},{"@type":"BreadcrumbList","@id":"https:\/\/manekispincasino.com\/de\/app\/#breadcrumb","itemListElement":[{"@type":"ListItem","position":1,"name":"Manekispin","item":"https:\/\/manekispincasino.com\/de\/"},{"@type":"ListItem","position":2,"name":"App"}]},{"@type":"WebSite","@id":"https:\/\/manekispincasino.com\/de\/#website","url":"https:\/\/manekispincasino.com\/de\/","name":"Manekispin","description":"","publisher":{"@id":"https:\/\/manekispincasino.com\/de\/#organization"},"potentialAction":[{"@type":"SearchAction","target":{"@type":"EntryPoint","urlTemplate":"https:\/\/manekispincasino.com\/de\/?s={search_term_string}"},"query-input":{"@type":"PropertyValueSpecification","valueRequired":true,"valueName":"search_term_string"}}],"inLanguage":"de"},{"@type":"Organization","@id":"https:\/\/manekispincasino.com\/de\/#organization","name":"Manekispin","url":"https:\/\/manekispincasino.com\/de\/","logo":{"@type":"ImageObject","inLanguage":"de","@id":"https:\/\/manekispincasino.com\/de\/#\/schema\/logo\/image\/","url":"https:\/\/manekispincasino.com\/wp-content\/uploads\/2026\/01\/logo.png","contentUrl":"https:\/\/manekispincasino.com\/wp-content\/uploads\/2026\/01\/logo.png","width":79,"height":24,"caption":"Manekispin"},"image":{"@id":"https:\/\/manekispincasino.com\/de\/#\/schema\/logo\/image\/"}}]}},"_links":{"self":[{"href":"https:\/\/manekispincasino.com\/de\/wp-json\/wp\/v2\/pages\/1430","targetHints":{"allow":["GET"]}}],"collection":[{"href":"https:\/\/manekispincasino.com\/de\/wp-json\/wp\/v2\/pages"}],"about":[{"href":"https:\/\/manekispincasino.com\/de\/wp-json\/wp\/v2\/types\/page"}],"author":[{"embeddable":true,"href":"https:\/\/manekispincasino.com\/de\/wp-json\/wp\/v2\/users\/1"}],"replies":[{"embeddable":true,"href":"https:\/\/manekispincasino.com\/de\/wp-json\/wp\/v2\/comments?post=1430"}],"version-history":[{"count":3,"href":"https:\/\/manekispincasino.com\/de\/wp-json\/wp\/v2\/pages\/1430\/revisions"}],"predecessor-version":[{"id":1784,"href":"https:\/\/manekispincasino.com\/de\/wp-json\/wp\/v2\/pages\/1430\/revisions\/1784"}],"wp:attachment":[{"href":"https:\/\/manekispincasino.com\/de\/wp-json\/wp\/v2\/media?parent=1430"}],"curies":[{"name":"wp","href":"https:\/\/api.w.org\/{rel}","templated":true}]}}