{"id":1442,"date":"2026-01-19T14:00:05","date_gmt":"2026-01-19T14:00:05","guid":{"rendered":"https:\/\/manekispincasino.com\/bonus\/"},"modified":"2026-01-20T08:00:15","modified_gmt":"2026-01-20T08:00:15","slug":"aktionen","status":"publish","type":"page","link":"https:\/\/manekispincasino.com\/de\/aktionen\/","title":{"rendered":"Aktionen"},"content":{"rendered":"<h1>Manekispin Werbeaktionen und Boni<\/h1>\n<p>Das Manekispin Bonus System \u00fcberrascht alle Spieler mit seiner gro\u00dfen Auswahl und gro\u00dfz\u00fcgigen Belohnungen. Unsere Angebote machen Ihre Reise noch profitabler und verl\u00e4ngern die Spielzeit. Das Willkommenspaket umfasst Bonusgelder und Freispiele. Stammkunden k\u00f6nnen vom w\u00f6chentlichen Cashback, dem Rakeback-System und vielem mehr profitieren. Dar\u00fcber hinaus gibt es Turniere mit riesigen Preisen und viele saisonale Veranstaltungen.<\/p>\n<p><div class=\"banner-wrap\" aria-label=\"Banner\"><img src=\"https:\/\/manekispincasino.com\/wp-content\/uploads\/2026\/01\/Manekispin-banner-carousel-800\u0445400-6.webp\" class=\"w-100 d-none d-lg-block img-pc main-banner-img\" alt=\"Manekispin desktop banner\" fetchpriority=\"high\" decoding=\"async\"><img src=\"https:\/\/manekispincasino.com\/wp-content\/uploads\/2026\/01\/Manekispin-mobile-banner.webp\" class=\"w-100 d-none d-md-block d-lg-none main-banner-img\" alt=\"Manekispin mobile banner\" fetchpriority=\"high\" decoding=\"async\"><img src=\"https:\/\/manekispincasino.com\/wp-content\/uploads\/2026\/01\/Manekispin-mobile-banner.webp\" class=\"w-100 d-md-none\" alt=\"Manekispin mobile banner\" fetchpriority=\"high\" decoding=\"async\"><div class=\"banner-description\">\n<div class=\"banner-title\">Willkommensboni<\/div>\n<p class=\"banner-header-title\">1500 \u20ac<\/p>\n<div class=\"banner-header-AdditionalText\">+ 250 Freispiele<\/div>\n<button data-item=\"homepage_banner_link\" class=\"goto m-button m-gradient-border m-button--primary m-button--large banner-button btn-orange\">\n            <div class=\"m-button-content\">\n                <span>Jetzt anmelden<\/span>\n                <span><\/span>\n            <\/div>\n        <\/button>\n<\/div>\n<div class=\"WelcomePack\">\n<p><img loading=\"lazy\" decoding=\"async\" class=\"alignnone size-full wp-image-1359\" src=\"https:\/\/manekispincasino.com\/wp-content\/uploads\/2026\/01\/welcome-crown.png\" alt=\"crown\" width=\"25\" height=\"26\" \/><\/p>\n<div class=\"WelcomePack-Info\">W\u00f6chentlicher Cashback von bis zu 25 %<\/div>\n<p><img loading=\"lazy\" decoding=\"async\" class=\"alignnone size-full wp-image-1359\" src=\"https:\/\/manekispincasino.com\/wp-content\/uploads\/2026\/01\/welcome-crown.png\" alt=\"crown\" width=\"25\" height=\"26\" \/><\/p>\n<\/div>\n<\/div><div class=\"promotions-wrap\"><div class=\"promotion-card\" style=\"background-image: url(https:\/\/manekispincasino.com\/wp-content\/uploads\/2026\/01\/First-deposit.webp);\"><h2 class=\"promotion-card__title\">Ersteinzahlungsbonus<\/h2><label class=\"promotion-card__offer\">100 % bis zu 500 \u20ac + 150 Freispiele<\/label><label class=\"promotion-card__description\"><\/label><div class=\"promotion-card__actions\"><button data-item=\"payments_link\" data-group=\"website_links\" class=\"goto btn btn-orange rounded-pill fw-bold px-4 m-button m-gradient-border m-button--primary m-button--large promotion-button promotion-card__action-btn\" aria-label=\"Anmelden\"><div class=\"m-button-content\"><span class=\"promotion-button__content\">Anmelden<\/span><\/div><\/button><button data-item=\"http:\/\/bonus_link\" data-group=\"website_links\" class=\"goto m-button m-gradient-border m-button--secondary m-button--medium promotion-card__info-btn\" aria-label=\"More information\"><div class=\"m-button-content\"><svg viewBox=\"0 0 24 24\" fill=\"none\" xmlns=\"http:\/\/www.w3.org\/2000\/svg\" class=\"m-icon m-icon-loadable\" name=\"Attention\" loading=\"false\" aria-hidden=\"true\"><path d=\"M12 22C6.477 22 2 17.522 2 12S6.477 2 12 2s10 4.478 10 10-4.477 10-10 10m-.002-13.004a.999.999 0 1 0 0-1.997.999.999 0 0 0 0 1.997M12 17a1 1 0 0 0 .993-.884L13 16l-.002-5.001-.007-.117a1 1 0 0 0-1.986 0l-.007.117L11 16l.007.117A1 1 0 0 0 12 17\" fill=\"currentColor\"><\/path><\/svg><\/div><\/button><\/div><\/div><div class=\"promotion-card\" style=\"background-image: url(https:\/\/manekispincasino.com\/wp-content\/uploads\/2026\/01\/Second-deposit.webp);\"><h2 class=\"promotion-card__title\">Zweiter Einzahlungsbonus<\/h2><label class=\"promotion-card__offer\">55 % bis zu 500 \u20ac + 100 Freispiele<\/label><label class=\"promotion-card__description\"><\/label><div class=\"promotion-card__actions\"><button data-item=\"payments_link\" data-group=\"website_links\" class=\"goto btn btn-orange rounded-pill fw-bold px-4 m-button m-gradient-border m-button--primary m-button--large promotion-button promotion-card__action-btn\" aria-label=\"Anmelden\"><div class=\"m-button-content\"><span class=\"promotion-button__content\">Anmelden<\/span><\/div><\/button><button data-item=\"http:\/\/bonus_link\" data-group=\"website_links\" class=\"goto m-button m-gradient-border m-button--secondary m-button--medium promotion-card__info-btn\" aria-label=\"More information\"><div class=\"m-button-content\"><svg viewBox=\"0 0 24 24\" fill=\"none\" xmlns=\"http:\/\/www.w3.org\/2000\/svg\" class=\"m-icon m-icon-loadable\" name=\"Attention\" loading=\"false\" aria-hidden=\"true\"><path d=\"M12 22C6.477 22 2 17.522 2 12S6.477 2 12 2s10 4.478 10 10-4.477 10-10 10m-.002-13.004a.999.999 0 1 0 0-1.997.999.999 0 0 0 0 1.997M12 17a1 1 0 0 0 .993-.884L13 16l-.002-5.001-.007-.117a1 1 0 0 0-1.986 0l-.007.117L11 16l.007.117A1 1 0 0 0 12 17\" fill=\"currentColor\"><\/path><\/svg><\/div><\/button><\/div><\/div><div class=\"promotion-card\" style=\"background-image: url(https:\/\/manekispincasino.com\/wp-content\/uploads\/2026\/01\/Third-deposit.webp);\"><h2 class=\"promotion-card__title\">Dritter Einzahlungsbonus<\/h2><label class=\"promotion-card__offer\">100 % bis zu 500 \u20ac<\/label><label class=\"promotion-card__description\"><\/label><div class=\"promotion-card__actions\"><button data-item=\"payments_link\" data-group=\"website_links\" class=\"goto btn btn-orange rounded-pill fw-bold px-4 m-button m-gradient-border m-button--primary m-button--large promotion-button promotion-card__action-btn\" aria-label=\"Anmelden\"><div class=\"m-button-content\"><span class=\"promotion-button__content\">Anmelden<\/span><\/div><\/button><button data-item=\"http:\/\/bonus_link\" data-group=\"website_links\" class=\"goto m-button m-gradient-border m-button--secondary m-button--medium promotion-card__info-btn\" aria-label=\"More information\"><div class=\"m-button-content\"><svg viewBox=\"0 0 24 24\" fill=\"none\" xmlns=\"http:\/\/www.w3.org\/2000\/svg\" class=\"m-icon m-icon-loadable\" name=\"Attention\" loading=\"false\" aria-hidden=\"true\"><path d=\"M12 22C6.477 22 2 17.522 2 12S6.477 2 12 2s10 4.478 10 10-4.477 10-10 10m-.002-13.004a.999.999 0 1 0 0-1.997.999.999 0 0 0 0 1.997M12 17a1 1 0 0 0 .993-.884L13 16l-.002-5.001-.007-.117a1 1 0 0 0-1.986 0l-.007.117L11 16l.007.117A1 1 0 0 0 12 17\" fill=\"currentColor\"><\/path><\/svg><\/div><\/button><\/div><\/div><div class=\"promotion-card\" style=\"background-image: url(https:\/\/manekispincasino.com\/wp-content\/uploads\/2026\/01\/Cashback.webp);\"><h2 class=\"promotion-card__title\">W\u00f6chentlicher Cashback<\/h2><label class=\"promotion-card__offer\">bis zu 25 %<\/label><label class=\"promotion-card__description\"><\/label><div class=\"promotion-card__actions\"><button data-item=\"payments_link\" data-group=\"website_links\" class=\"goto btn btn-orange rounded-pill fw-bold px-4 m-button m-gradient-border m-button--primary m-button--large promotion-button promotion-card__action-btn\" aria-label=\"Anmelden\"><div class=\"m-button-content\"><span class=\"promotion-button__content\">Anmelden<\/span><\/div><\/button><button data-item=\"http:\/\/bonus_link\" data-group=\"website_links\" class=\"goto m-button m-gradient-border m-button--secondary m-button--medium promotion-card__info-btn\" aria-label=\"More information\"><div class=\"m-button-content\"><svg viewBox=\"0 0 24 24\" fill=\"none\" xmlns=\"http:\/\/www.w3.org\/2000\/svg\" class=\"m-icon m-icon-loadable\" name=\"Attention\" loading=\"false\" aria-hidden=\"true\"><path d=\"M12 22C6.477 22 2 17.522 2 12S6.477 2 12 2s10 4.478 10 10-4.477 10-10 10m-.002-13.004a.999.999 0 1 0 0-1.997.999.999 0 0 0 0 1.997M12 17a1 1 0 0 0 .993-.884L13 16l-.002-5.001-.007-.117a1 1 0 0 0-1.986 0l-.007.117L11 16l.007.117A1 1 0 0 0 12 17\" fill=\"currentColor\"><\/path><\/svg><\/div><\/button><\/div><\/div><div class=\"promotion-card\" style=\"background-image: url(https:\/\/manekispincasino.com\/wp-content\/uploads\/2026\/01\/Sunday-reload.webp);\"><h2 class=\"promotion-card__title\">Sonntag-Reload<\/h2><label class=\"promotion-card__offer\">25 % bis zu 100 \u20ac<\/label><label class=\"promotion-card__description\"><\/label><div class=\"promotion-card__actions\"><button data-item=\"payments_link\" data-group=\"website_links\" class=\"goto btn btn-orange rounded-pill fw-bold px-4 m-button m-gradient-border m-button--primary m-button--large promotion-button promotion-card__action-btn\" aria-label=\"Anmelden\"><div class=\"m-button-content\"><span class=\"promotion-button__content\">Anmelden<\/span><\/div><\/button><button data-item=\"http:\/\/bonus_link\" data-group=\"website_links\" class=\"goto m-button m-gradient-border m-button--secondary m-button--medium promotion-card__info-btn\" aria-label=\"More information\"><div class=\"m-button-content\"><svg viewBox=\"0 0 24 24\" fill=\"none\" xmlns=\"http:\/\/www.w3.org\/2000\/svg\" class=\"m-icon m-icon-loadable\" name=\"Attention\" loading=\"false\" aria-hidden=\"true\"><path d=\"M12 22C6.477 22 2 17.522 2 12S6.477 2 12 2s10 4.478 10 10-4.477 10-10 10m-.002-13.004a.999.999 0 1 0 0-1.997.999.999 0 0 0 0 1.997M12 17a1 1 0 0 0 .993-.884L13 16l-.002-5.001-.007-.117a1 1 0 0 0-1.986 0l-.007.117L11 16l.007.117A1 1 0 0 0 12 17\" fill=\"currentColor\"><\/path><\/svg><\/div><\/button><\/div><\/div><div class=\"promotion-card\" style=\"background-image: url(https:\/\/manekispincasino.com\/wp-content\/uploads\/2026\/01\/Rakeback.webp);\"><h2 class=\"promotion-card__title\">Rakeback<\/h2><label class=\"promotion-card__offer\">bis zu 17 %<\/label><label class=\"promotion-card__description\"><\/label><div class=\"promotion-card__actions\"><button data-item=\"payments_link\" data-group=\"website_links\" class=\"goto btn btn-orange rounded-pill fw-bold px-4 m-button m-gradient-border m-button--primary m-button--large promotion-button promotion-card__action-btn\" aria-label=\"Anmelden\"><div class=\"m-button-content\"><span class=\"promotion-button__content\">Anmelden<\/span><\/div><\/button><button data-item=\"http:\/\/bonus_link\" data-group=\"website_links\" class=\"goto m-button m-gradient-border m-button--secondary m-button--medium promotion-card__info-btn\" aria-label=\"More information\"><div class=\"m-button-content\"><svg viewBox=\"0 0 24 24\" fill=\"none\" xmlns=\"http:\/\/www.w3.org\/2000\/svg\" class=\"m-icon m-icon-loadable\" name=\"Attention\" loading=\"false\" aria-hidden=\"true\"><path d=\"M12 22C6.477 22 2 17.522 2 12S6.477 2 12 2s10 4.478 10 10-4.477 10-10 10m-.002-13.004a.999.999 0 1 0 0-1.997.999.999 0 0 0 0 1.997M12 17a1 1 0 0 0 .993-.884L13 16l-.002-5.001-.007-.117a1 1 0 0 0-1.986 0l-.007.117L11 16l.007.117A1 1 0 0 0 12 17\" fill=\"currentColor\"><\/path><\/svg><\/div><\/button><\/div><\/div><div class=\"promotion-card\" style=\"background-image: url(https:\/\/manekispincasino.com\/wp-content\/uploads\/2026\/01\/Highroller.webp);\"><h2 class=\"promotion-card__title\">Highroller-Bonus<\/h2><label class=\"promotion-card__offer\">50 % bis zu 500 \u20ac<\/label><label class=\"promotion-card__description\"><\/label><div class=\"promotion-card__actions\"><button data-item=\"payments_link\" data-group=\"website_links\" class=\"goto btn btn-orange rounded-pill fw-bold px-4 m-button m-gradient-border m-button--primary m-button--large promotion-button promotion-card__action-btn\" aria-label=\"Anmelden\"><div class=\"m-button-content\"><span class=\"promotion-button__content\">Anmelden<\/span><\/div><\/button><button data-item=\"http:\/\/bonus_link\" data-group=\"website_links\" class=\"goto m-button m-gradient-border m-button--secondary m-button--medium promotion-card__info-btn\" aria-label=\"More information\"><div class=\"m-button-content\"><svg viewBox=\"0 0 24 24\" fill=\"none\" xmlns=\"http:\/\/www.w3.org\/2000\/svg\" class=\"m-icon m-icon-loadable\" name=\"Attention\" loading=\"false\" aria-hidden=\"true\"><path d=\"M12 22C6.477 22 2 17.522 2 12S6.477 2 12 2s10 4.478 10 10-4.477 10-10 10m-.002-13.004a.999.999 0 1 0 0-1.997.999.999 0 0 0 0 1.997M12 17a1 1 0 0 0 .993-.884L13 16l-.002-5.001-.007-.117a1 1 0 0 0-1.986 0l-.007.117L11 16l.007.117A1 1 0 0 0 12 17\" fill=\"currentColor\"><\/path><\/svg><\/div><\/button><\/div><\/div><\/div><div class=\"scrollable-content-wrap my-5\"><div class=\"scrollable-content-inner\"><h2>Manekispin Casino Aktionen f\u00fcr alle Spieler<\/h2>\n<p>Ihre Lieblingsspiele zu spielen macht schon Spa\u00df, aber was w\u00e4re, wenn Sie mit dem Manekispin-Bonusprogramm noch mehr Gewinn erzielen k\u00f6nnten? Wir belohnen sowohl neue als auch regelm\u00e4\u00dfige Spieler. F\u00fcr Sie ist dies eine gro\u00dfartige Gelegenheit, das Spiel zu verl\u00e4ngern. Nutzer k\u00f6nnen Freispiele, Bonusgeld und andere exklusive Belohnungen erhalten.<\/p>\n<p>Zu Beginn Ihrer Reise bei Maneki Spin Casino erhalten Sie automatisch ein Willkommenspaket im Wert von bis zu 1.500 \u20ac + 250 Freispiele. Sie m\u00fcssen lediglich ein Konto erstellen und Ihre erste Einzahlung t\u00e4tigen. Lesen Sie unbedingt die Angebotsbedingungen, um Ihren Gewinn zu maximieren.<\/p>\n<p>Sie haben nun Zugang zu den Aktionen f\u00fcr Stammspieler. Hier finden Sie viele Optionen, und wir garantieren Ihnen, dass etwas f\u00fcr Ihren Geschmack dabei ist. Alle unsere Spieler k\u00f6nnen vom w\u00f6chentlichen Cashback von bis zu 25 %, dem Rakeback von bis zu 17 % und der Sunday Reload-Aktion profitieren, bei der Sie 25 % bis zu 100 \u20ac erhalten.<\/p>\n<h2>Turniere und Missionen<\/h2>\n<p>Als Teil des Manekispin Bonus Systems bieten wir eine gro\u00dfe Auswahl an Turnieren an. Dies ist eine gro\u00dfartige Gelegenheit f\u00fcr alle, die gerne an Wettbewerben teilnehmen und gro\u00dfe Gewinne erzielen m\u00f6chten. Die meisten Veranstaltungen auf unserer Website konzentrieren sich auf Online-Slots und Live-Casinospiele. Sie alle bieten riesige Preispools in H\u00f6he von Tausenden und Millionen Euro. Es gibt tempor\u00e4re und saisonale Turniere, sodass Sie immer die Wahl haben.<\/p>\n<p>Um an einem Turnier teilzunehmen, muss der Spieler es im entsprechenden Bereich aktivieren. Manekispin Casino-Nutzer k\u00f6nnen automatisch an einem Event teilnehmen, indem sie die erforderlichen Spiele spielen, oder eine Eintrittskarte mit M\u00fcnzen kaufen. Dies h\u00e4ngt von den Turnierregeln ab. Derzeit finden auf unserer Plattform folgende Events statt:<\/p>\n<ul>\n<li>Spinoleague mit einem Preispool von 12.000.000 \u20ac<\/li>\n<li>BGaming Drops Frenzy, wo Sie 660.000 \u20ac und noch mehr gewinnen k\u00f6nnen<\/li>\n<li>Live-Turnier mit einem Preispool von 10.000 \u20ac<\/li>\n<\/ul>\n<p>Bei Maneki Spin finden Sie auch Missionen, bei denen Sie Punkte sammeln und gegen coole Belohnungen eintauschen k\u00f6nnen. Die Aufgaben sind einfach: Best\u00e4tigen Sie beispielsweise Ihre Telefonnummer, platzieren Sie eine Wette in einem bestimmten Spiel oder nehmen Sie an einer Lotterie teil. Den Fortschritt der Mission k\u00f6nnen Sie jederzeit in Ihrem pers\u00f6nlichen Konto \u00fcberpr\u00fcfen.<\/p>\n<h2>Bedingungen und Bonusbedingungen<\/h2>\n<p>Alle Manekispin-Bonusangebote unterliegen eigenen Regeln. Auch wenn Sie bereits in einem anderen Online-Casino gespielt haben, empfehlen wir Ihnen dringend, sich mit den spezifischen Bedingungen jeder Aktion vertraut zu machen, da diese variieren k\u00f6nnen.<\/p>\n<p>F\u00fcr die meisten Boni auf unserer Website gelten bestimmte Regelkategorien. Alle Angebote haben eine G\u00fcltigkeitsdauer, die in der Regel 7 bis 14 Tage betr\u00e4gt. Bei Einzahlungsaktionen gibt es einen Mindestbetrag, den Sie auf Ihr Konto \u00fcberweisen m\u00fcssen. Vergessen Sie niemals die Umsatzbedingungen. Diese geben an, wie oft Sie die Bonusgewinne einsetzen m\u00fcssen, bevor Sie sie auszahlen lassen k\u00f6nnen.<\/p>\n<h2>Manekispin Willkommensbonus f\u00fcr neue Nutzer<\/h2>\n<p>Wenn Sie neu auf der Plattform sind, empfehlen wir Ihnen dringend, den Registrierungsprozess bei Manekispin Casino abzuschlie\u00dfen. Damit erhalten Sie nicht nur Zugang zu Tausenden von Titeln, sondern auch zu einem gro\u00dfz\u00fcgigen Willkommensbonus von bis zu 1.500 \u20ac + 250 Freispielen. Dieser wird relativ gleichm\u00e4\u00dfig auf Ihre ersten drei Einzahlungen verteilt.<\/p>\n<table>\n<tbody>\n<tr>\n<td>Ersteinzahlungsangebot<\/td>\n<td>100 % bis zu 500 \u20ac + 150 Freispiele<\/td>\n<\/tr>\n<tr>\n<td>Zweites Einzahlungsangebot<\/td>\n<td>55 % bis zu 500 \u20ac + 100 Freispiele<\/td>\n<\/tr>\n<tr>\n<td>Drittes Einzahlungsangebot<\/td>\n<td>100 % bis zu 500 \u20ac<\/td>\n<\/tr>\n<\/tbody>\n<\/table>\n<p>Wie bei jeder Aktion bei Maneki Spin Casino gelten auch hier bestimmte Bedingungen. Sie m\u00fcssen mindestens 20 \u20ac einzahlen. Nach der Aktivierung ist das Paket innerhalb von 7 Tagen verf\u00fcgbar. Sie m\u00fcssen es 35 Mal umsetzen, um Ihre Gewinne auszahlen zu k\u00f6nnen.<\/p>\n<h2>H\u00e4ufig gestellte Fragen<\/h2>\n<h3>Wie viel m\u00fcssen Sie einzahlen, um den Willkommensbonus zu erhalten?<\/h3>\n<p>Um den Manekispin-Bonus f\u00fcr Neukunden zu aktivieren, m\u00fcssen Sie mindestens 20 \u20ac einzahlen. Vergessen Sie nicht, dass Sie den Betrag mindestens 35 Mal umsetzen m\u00fcssen, um die Gewinne auszahlen zu k\u00f6nnen.<\/p>\n<h3>Warum wird mein Manekispin Bonus nicht in meinem Konto angezeigt?<\/h3>\n<p>\u00dcberpr\u00fcfen Sie, ob Sie alle Voraussetzungen f\u00fcr die Aktivierung der Werbeaktion erf\u00fcllt haben. Wenn Sie nichts gefunden haben, wenden Sie sich bitte per Live-Chat oder E-Mail an unseren Kundendienst. Die Manager werden Ihre Situation pr\u00fcfen und sich mit einer L\u00f6sung bei Ihnen melden.<\/p>\n<h3>Muss ich mich zwischen Turnieren und Aktionen entscheiden?<\/h3>\n<p>W\u00e4hlen Sie einfach die Maneki Spin Casino-Aktionen oder -Turniere aus, die Ihnen gefallen. Vergessen Sie nicht, die jeweiligen Teilnahmebedingungen zu lesen. Sie k\u00f6nnen nicht mehrere aktive Einzahlungsboni gleichzeitig nutzen. Dies gilt nicht f\u00fcr Turniere.<\/p>\n<\/div><\/div><\/p>\n","protected":false},"excerpt":{"rendered":"<p>Manekispin Werbeaktionen und Boni Das Manekispin Bonus System \u00fcberrascht alle Spieler mit seiner gro\u00dfen Auswahl und gro\u00dfz\u00fcgigen Belohnungen. Unsere Angebote machen Ihre Reise noch profitabler und verl\u00e4ngern die Spielzeit. Das Willkommenspaket umfasst Bonusgelder und Freispiele. Stammkunden k\u00f6nnen vom w\u00f6chentlichen Cashback, dem Rakeback-System und vielem mehr profitieren. Dar\u00fcber hinaus gibt es Turniere mit riesigen Preisen und [&hellip;]<\/p>\n","protected":false},"author":1,"featured_media":0,"parent":0,"menu_order":0,"comment_status":"closed","ping_status":"closed","template":"template-builder.php","meta":{"_acf_changed":false,"inline_featured_image":false,"footnotes":""},"class_list":["post-1442","page","type-page","status-publish","hentry"],"acf":[],"yoast_head":"<!-- This site is optimized with the Yoast SEO plugin v27.3 - https:\/\/yoast.com\/product\/yoast-seo-wordpress\/ -->\n<title>Exklusiver Manekispin Bonus | Cashback, VIP-Pr\u00e4mien &amp; Freispiele<\/title>\n<meta name=\"description\" content=\"Verpasse nicht die Maneki Spin Bonus Angebote! Sichere dir w\u00f6chentliches Cashback, Turniere und VIP-Vorteile f\u00fcr treue Spieler. Entdecke jetzt alle aktuellen Angebote!\" \/>\n<meta name=\"robots\" content=\"index, follow, max-snippet:-1, max-image-preview:large, max-video-preview:-1\" \/>\n<link rel=\"canonical\" href=\"https:\/\/manekispincasino.com\/de\/aktionen\/\" \/>\n<meta property=\"og:locale\" content=\"de_DE\" \/>\n<meta property=\"og:type\" content=\"article\" \/>\n<meta property=\"og:title\" content=\"Exklusiver Manekispin Bonus | Cashback, VIP-Pr\u00e4mien &amp; Freispiele\" \/>\n<meta property=\"og:description\" content=\"Verpasse nicht die Maneki Spin Bonus Angebote! Sichere dir w\u00f6chentliches Cashback, Turniere und VIP-Vorteile f\u00fcr treue Spieler. Entdecke jetzt alle aktuellen Angebote!\" \/>\n<meta property=\"og:url\" content=\"https:\/\/manekispincasino.com\/de\/aktionen\/\" \/>\n<meta property=\"og:site_name\" content=\"manekispin\" \/>\n<meta property=\"article:modified_time\" content=\"2026-01-20T08:00:15+00:00\" \/>\n<meta name=\"twitter:card\" content=\"summary_large_image\" \/>\n<meta name=\"twitter:label1\" content=\"Gesch\u00e4tzte Lesezeit\" \/>\n\t<meta name=\"twitter:data1\" content=\"1\u00a0Minute\" \/>\n<script type=\"application\/ld+json\" class=\"yoast-schema-graph\">{\"@context\":\"https:\\\/\\\/schema.org\",\"@graph\":[{\"@type\":\"WebPage\",\"@id\":\"https:\\\/\\\/manekispincasino.com\\\/de\\\/aktionen\\\/\",\"url\":\"https:\\\/\\\/manekispincasino.com\\\/de\\\/aktionen\\\/\",\"name\":\"Exklusiver Manekispin Bonus | Cashback, VIP-Pr\u00e4mien & Freispiele\",\"isPartOf\":{\"@id\":\"https:\\\/\\\/manekispincasino.com\\\/de\\\/#website\"},\"datePublished\":\"2026-01-19T14:00:05+00:00\",\"dateModified\":\"2026-01-20T08:00:15+00:00\",\"description\":\"Verpasse nicht die Maneki Spin Bonus Angebote! Sichere dir w\u00f6chentliches Cashback, Turniere und VIP-Vorteile f\u00fcr treue Spieler. Entdecke jetzt alle aktuellen Angebote!\",\"breadcrumb\":{\"@id\":\"https:\\\/\\\/manekispincasino.com\\\/de\\\/aktionen\\\/#breadcrumb\"},\"inLanguage\":\"de\",\"potentialAction\":[{\"@type\":\"ReadAction\",\"target\":[\"https:\\\/\\\/manekispincasino.com\\\/de\\\/aktionen\\\/\"]}]},{\"@type\":\"BreadcrumbList\",\"@id\":\"https:\\\/\\\/manekispincasino.com\\\/de\\\/aktionen\\\/#breadcrumb\",\"itemListElement\":[{\"@type\":\"ListItem\",\"position\":1,\"name\":\"Manekispin\",\"item\":\"https:\\\/\\\/manekispincasino.com\\\/de\\\/\"},{\"@type\":\"ListItem\",\"position\":2,\"name\":\"Aktionen\"}]},{\"@type\":\"WebSite\",\"@id\":\"https:\\\/\\\/manekispincasino.com\\\/de\\\/#website\",\"url\":\"https:\\\/\\\/manekispincasino.com\\\/de\\\/\",\"name\":\"Manekispin\",\"description\":\"\",\"publisher\":{\"@id\":\"https:\\\/\\\/manekispincasino.com\\\/de\\\/#organization\"},\"potentialAction\":[{\"@type\":\"SearchAction\",\"target\":{\"@type\":\"EntryPoint\",\"urlTemplate\":\"https:\\\/\\\/manekispincasino.com\\\/de\\\/?s={search_term_string}\"},\"query-input\":{\"@type\":\"PropertyValueSpecification\",\"valueRequired\":true,\"valueName\":\"search_term_string\"}}],\"inLanguage\":\"de\"},{\"@type\":\"Organization\",\"@id\":\"https:\\\/\\\/manekispincasino.com\\\/de\\\/#organization\",\"name\":\"Manekispin\",\"url\":\"https:\\\/\\\/manekispincasino.com\\\/de\\\/\",\"logo\":{\"@type\":\"ImageObject\",\"inLanguage\":\"de\",\"@id\":\"https:\\\/\\\/manekispincasino.com\\\/de\\\/#\\\/schema\\\/logo\\\/image\\\/\",\"url\":\"https:\\\/\\\/manekispincasino.com\\\/wp-content\\\/uploads\\\/2026\\\/01\\\/logo.png\",\"contentUrl\":\"https:\\\/\\\/manekispincasino.com\\\/wp-content\\\/uploads\\\/2026\\\/01\\\/logo.png\",\"width\":79,\"height\":24,\"caption\":\"Manekispin\"},\"image\":{\"@id\":\"https:\\\/\\\/manekispincasino.com\\\/de\\\/#\\\/schema\\\/logo\\\/image\\\/\"}}]}<\/script>\n<!-- \/ Yoast SEO plugin. -->","yoast_head_json":{"title":"Exklusiver Manekispin Bonus | Cashback, VIP-Pr\u00e4mien & Freispiele","description":"Verpasse nicht die Maneki Spin Bonus Angebote! Sichere dir w\u00f6chentliches Cashback, Turniere und VIP-Vorteile f\u00fcr treue Spieler. Entdecke jetzt alle aktuellen Angebote!","robots":{"index":"index","follow":"follow","max-snippet":"max-snippet:-1","max-image-preview":"max-image-preview:large","max-video-preview":"max-video-preview:-1"},"canonical":"https:\/\/manekispincasino.com\/de\/aktionen\/","og_locale":"de_DE","og_type":"article","og_title":"Exklusiver Manekispin Bonus | Cashback, VIP-Pr\u00e4mien & Freispiele","og_description":"Verpasse nicht die Maneki Spin Bonus Angebote! Sichere dir w\u00f6chentliches Cashback, Turniere und VIP-Vorteile f\u00fcr treue Spieler. Entdecke jetzt alle aktuellen Angebote!","og_url":"https:\/\/manekispincasino.com\/de\/aktionen\/","og_site_name":"manekispin","article_modified_time":"2026-01-20T08:00:15+00:00","twitter_card":"summary_large_image","twitter_misc":{"Gesch\u00e4tzte Lesezeit":"1\u00a0Minute"},"schema":{"@context":"https:\/\/schema.org","@graph":[{"@type":"WebPage","@id":"https:\/\/manekispincasino.com\/de\/aktionen\/","url":"https:\/\/manekispincasino.com\/de\/aktionen\/","name":"Exklusiver Manekispin Bonus | Cashback, VIP-Pr\u00e4mien & Freispiele","isPartOf":{"@id":"https:\/\/manekispincasino.com\/de\/#website"},"datePublished":"2026-01-19T14:00:05+00:00","dateModified":"2026-01-20T08:00:15+00:00","description":"Verpasse nicht die Maneki Spin Bonus Angebote! Sichere dir w\u00f6chentliches Cashback, Turniere und VIP-Vorteile f\u00fcr treue Spieler. Entdecke jetzt alle aktuellen Angebote!","breadcrumb":{"@id":"https:\/\/manekispincasino.com\/de\/aktionen\/#breadcrumb"},"inLanguage":"de","potentialAction":[{"@type":"ReadAction","target":["https:\/\/manekispincasino.com\/de\/aktionen\/"]}]},{"@type":"BreadcrumbList","@id":"https:\/\/manekispincasino.com\/de\/aktionen\/#breadcrumb","itemListElement":[{"@type":"ListItem","position":1,"name":"Manekispin","item":"https:\/\/manekispincasino.com\/de\/"},{"@type":"ListItem","position":2,"name":"Aktionen"}]},{"@type":"WebSite","@id":"https:\/\/manekispincasino.com\/de\/#website","url":"https:\/\/manekispincasino.com\/de\/","name":"Manekispin","description":"","publisher":{"@id":"https:\/\/manekispincasino.com\/de\/#organization"},"potentialAction":[{"@type":"SearchAction","target":{"@type":"EntryPoint","urlTemplate":"https:\/\/manekispincasino.com\/de\/?s={search_term_string}"},"query-input":{"@type":"PropertyValueSpecification","valueRequired":true,"valueName":"search_term_string"}}],"inLanguage":"de"},{"@type":"Organization","@id":"https:\/\/manekispincasino.com\/de\/#organization","name":"Manekispin","url":"https:\/\/manekispincasino.com\/de\/","logo":{"@type":"ImageObject","inLanguage":"de","@id":"https:\/\/manekispincasino.com\/de\/#\/schema\/logo\/image\/","url":"https:\/\/manekispincasino.com\/wp-content\/uploads\/2026\/01\/logo.png","contentUrl":"https:\/\/manekispincasino.com\/wp-content\/uploads\/2026\/01\/logo.png","width":79,"height":24,"caption":"Manekispin"},"image":{"@id":"https:\/\/manekispincasino.com\/de\/#\/schema\/logo\/image\/"}}]}},"_links":{"self":[{"href":"https:\/\/manekispincasino.com\/de\/wp-json\/wp\/v2\/pages\/1442","targetHints":{"allow":["GET"]}}],"collection":[{"href":"https:\/\/manekispincasino.com\/de\/wp-json\/wp\/v2\/pages"}],"about":[{"href":"https:\/\/manekispincasino.com\/de\/wp-json\/wp\/v2\/types\/page"}],"author":[{"embeddable":true,"href":"https:\/\/manekispincasino.com\/de\/wp-json\/wp\/v2\/users\/1"}],"replies":[{"embeddable":true,"href":"https:\/\/manekispincasino.com\/de\/wp-json\/wp\/v2\/comments?post=1442"}],"version-history":[{"count":2,"href":"https:\/\/manekispincasino.com\/de\/wp-json\/wp\/v2\/pages\/1442\/revisions"}],"predecessor-version":[{"id":1626,"href":"https:\/\/manekispincasino.com\/de\/wp-json\/wp\/v2\/pages\/1442\/revisions\/1626"}],"wp:attachment":[{"href":"https:\/\/manekispincasino.com\/de\/wp-json\/wp\/v2\/media?parent=1442"}],"curies":[{"name":"wp","href":"https:\/\/api.w.org\/{rel}","templated":true}]}}