{"id":1471,"date":"2026-01-19T13:53:44","date_gmt":"2026-01-19T13:53:44","guid":{"rendered":"https:\/\/manekispincasino.com\/login-and-registration\/"},"modified":"2026-01-20T07:57:21","modified_gmt":"2026-01-20T07:57:21","slug":"anmeldung-und-registrierung","status":"publish","type":"page","link":"https:\/\/manekispincasino.com\/de\/anmeldung-und-registrierung\/","title":{"rendered":"Anmeldung und Registrierung"},"content":{"rendered":"<h1>Manekispin Anmeldung und Registrierung<\/h1>\n<p>Um mit echtem Geld zu spielen und alle coolen Funktionen unseres Online-Casinos nutzen zu k\u00f6nnen, m\u00fcssen Nutzer den Manekispin Login Prozess durchlaufen. Alle Personen, die mindestens 18 Jahre alt sind und noch kein Konto auf unserer Plattform haben, k\u00f6nnen ein neues Konto registrieren. Der Vorgang ist einfach und dauert nicht lange. In der Regel ben\u00f6tigen Spieler bis zu 3 Minuten, um die Registrierung abzuschlie\u00dfen.<\/p>\n<p><div class=\"banner-wrap\" aria-label=\"Banner\"><img src=\"https:\/\/manekispincasino.com\/wp-content\/uploads\/2026\/01\/Manekispin-banner-carousel-800\u0445400-6.webp\" class=\"w-100 d-none d-lg-block img-pc main-banner-img\" alt=\"Manekispin desktop banner\" fetchpriority=\"high\" decoding=\"async\"><img src=\"https:\/\/manekispincasino.com\/wp-content\/uploads\/2026\/01\/Manekispin-mobile-banner.webp\" class=\"w-100 d-none d-md-block d-lg-none main-banner-img\" alt=\"Manekispin mobile banner\" fetchpriority=\"high\" decoding=\"async\"><img src=\"https:\/\/manekispincasino.com\/wp-content\/uploads\/2026\/01\/Manekispin-mobile-banner.webp\" class=\"w-100 d-md-none\" alt=\"Manekispin mobile banner\" fetchpriority=\"high\" decoding=\"async\"><div class=\"banner-description\">\n<div class=\"banner-title\">Willkommensboni<\/div>\n<p class=\"banner-header-title\">1500 \u20ac<\/p>\n<div class=\"banner-header-AdditionalText\">+ 250 Freispiele<\/div>\n<button data-item=\"homepage_banner_link\" class=\"goto m-button m-gradient-border m-button--primary m-button--large banner-button btn-orange\">\n            <div class=\"m-button-content\">\n                <span>Jetzt anmelden<\/span>\n                <span><\/span>\n            <\/div>\n        <\/button>\n<\/div>\n<div class=\"WelcomePack\">\n<p><img loading=\"lazy\" decoding=\"async\" class=\"alignnone size-full wp-image-1359\" src=\"https:\/\/manekispincasino.com\/wp-content\/uploads\/2026\/01\/welcome-crown.png\" alt=\"crown\" width=\"25\" height=\"26\" \/><\/p>\n<div class=\"WelcomePack-Info\">W\u00f6chentlicher Cashback von bis zu 25 %<\/div>\n<p><img loading=\"lazy\" decoding=\"async\" class=\"alignnone size-full wp-image-1359\" src=\"https:\/\/manekispincasino.com\/wp-content\/uploads\/2026\/01\/welcome-crown.png\" alt=\"crown\" width=\"25\" height=\"26\" \/><\/p>\n<\/div>\n<\/div><div class=\"scrollable-content-wrap my-5\"><div class=\"scrollable-content-inner\"><h2>Registrieren Sie ein Konto bei Manekispin Casino<\/h2>\n<p>Wir verlangen von unseren Nutzern keine Registrierung auf unserer Plattform, aber wenn Sie sich registrieren, profitieren Sie von vielen Vorteilen und erhalten vollen Zugriff auf alle Funktionen. Wenn Sie die Manekispin Anmeldung nicht abgeschlossen haben, k\u00f6nnen Sie einige Titel im Demo-Modus ohne Einzahlungen und Risiken spielen. In diesem Fall haben Sie jedoch auch keine M\u00f6glichkeit, Ihre Gewinne auszuzahlen.<\/p>\n<p>Um jedoch aus Tausenden von Titeln ausw\u00e4hlen zu k\u00f6nnen, um echtes Geld zu spielen, Ein- und Auszahlungen vorzunehmen und die Werbeaktionen zu nutzen, ben\u00f6tigen Sie ein Konto bei Maneki Spin Casino. Au\u00dferdem wird Ihr Erlebnis durch alle Einstellungen in Ihrem Profil, darunter die folgenden, pers\u00f6nlicher gestaltet:<\/p>\n<ul>\n<li>Verwaltung pers\u00f6nlicher Daten und Zahlungsinformationen<\/li>\n<li>Tools f\u00fcr verantwortungsbewusstes Spielen<\/li>\n<li>Zwei-Faktor-Authentifizierung f\u00fcr h\u00f6here Sicherheit<\/li>\n<li>Aktivit\u00e4tsverlauf<\/li>\n<li>Link zum Partnerprogramm und Fortschritt<\/li>\n<\/ul>\n<h3>So richten Sie Ihr Profil ein<\/h3>\n<p>Wie bereits erw\u00e4hnt, dauert die Registrierung eines neuen Kontos bei Manekispin Casino nicht lange. Der Vorgang ist so einfach, dass selbst Neulinge alles verstehen werden. Sollten Sie dennoch Schwierigkeiten haben, wenden Sie sich bitte \u00fcber den Live-Chat oder per E-Mail an unser Support-Team. Nachfolgend finden Sie eine Schritt-f\u00fcr-Schritt-Anleitung zur Erstellung eines neuen Profils:<\/p>\n<ol>\n<li>Klicken Sie oben rechts auf unserer Website auf die Schaltfl\u00e4che \u201eAnmelden\u201c.<\/li>\n<li>F\u00fcllen Sie in dem angezeigten Formular die Felder mit Ihrer E-Mail-Adresse, Ihrem Passwort und Ihrem Promo-Code aus, falls Sie einen haben.<\/li>\n<li>Best\u00e4tigen Sie, dass Sie mindestens 18 Jahre alt sind und die Regeln der Plattform akzeptieren. Sie k\u00f6nnen auch den Newsletter abonnieren.<\/li>\n<li>Nachdem Sie die eingegebenen Daten \u00fcberpr\u00fcft haben, klicken Sie zur Best\u00e4tigung auf die Schaltfl\u00e4che \u201eAnmelden\u201c.<\/li>\n<li>Alle Nutzer von Manekispin werden gebeten, ihre zus\u00e4tzlichen pers\u00f6nlichen Daten einzugeben. Sie k\u00f6nnen dies jetzt tun oder diesen Schritt \u00fcberspringen und sp\u00e4ter ausf\u00fcllen.<\/li>\n<\/ol>\n<h2>Verifizierungsprozess f\u00fcr Maneki Spin Spieler<\/h2>\n<p>Alle unsere Nutzer, die sich bei Manekispin anmelden, m\u00fcssen vor ihrer ersten Auszahlung einen Verifizierungsprozess durchlaufen. Dies ist ein wichtiger Schritt, um die Sicherheit unserer Plattform zu gew\u00e4hrleisten und Betrug zu vermeiden. Wir m\u00fcssen Ihre Identit\u00e4t, Ihr Alter, Ihre Wohnadresse und die Inhaberschaft Ihres Zahlungskontos \u00fcberpr\u00fcfen. Sie m\u00fcssen Fotos oder Kopien Ihrer pers\u00f6nlichen Dokumente auf die Website hochladen. In der folgenden Tabelle finden Sie weitere Informationen zum KYC-Verifizierungsprozess.<\/p>\n<table>\n<tbody>\n<tr>\n<td>Schritt<\/td>\n<td>Details<\/td>\n<\/tr>\n<tr>\n<td>Zugriff auf den Verifizierungsbereich<\/td>\n<td>F\u00fchren Sie die Maneki Spin Anmeldung durch und \u00f6ffnen Sie anschlie\u00dfend den Bereich \u201eVerifizierung\u201d in Ihrem Kontomen\u00fc.<\/td>\n<\/tr>\n<tr>\n<td>Laden Sie die erforderlichen Dokumente hoch, um Ihre Identit\u00e4t und Ihr Alter nachzuweisen.<\/td>\n<td>Reichen Sie ein klares Foto oder einen Scan eines g\u00fcltigen amtlichen Ausweises (Reisepass, Personalausweis oder F\u00fchrerschein) ein.<\/td>\n<\/tr>\n<tr>\n<td>Laden Sie Dokumente hoch, die Ihre Wohnadresse best\u00e4tigen.<\/td>\n<td>Legen Sie ein aktuelles Dokument vor, das Ihre Adresse best\u00e4tigt, z. B. eine Stromrechnung oder einen Kontoauszug, der innerhalb der letzten 3 Monate ausgestellt wurde.<\/td>\n<\/tr>\n<tr>\n<td>Laden Sie den Zahlungsnachweis hoch.<\/td>\n<td>Laden Sie ein Dokument oder einen Screenshot hoch, das\/der die Inhaberschaft der f\u00fcr Einzahlungen verwendeten Zahlungsmethode best\u00e4tigt.<\/td>\n<\/tr>\n<tr>\n<td>Zur \u00dcberpr\u00fcfung einreichen<\/td>\n<td>Sobald alle Dokumente hochgeladen sind, reichen Sie diese bitte \u00fcber die Verifizierungsseite zur \u00dcberpr\u00fcfung ein.<\/td>\n<\/tr>\n<tr>\n<td>\u00dcberpr\u00fcfung der Verifizierung<\/td>\n<td>Unser Team pr\u00fcft die Dokumente innerhalb von 48 Stunden.<\/td>\n<\/tr>\n<tr>\n<td>Best\u00e4tigung der \u00dcberpr\u00fcfung<\/td>\n<td>Sie erhalten eine Benachrichtigung, sobald Ihr Konto verifiziert und Auszahlungen vollst\u00e4ndig aktiviert sind.<\/td>\n<\/tr>\n<\/tbody>\n<\/table>\n<h2>Melden Sie sich bei Ihrem Konto an<\/h2>\n<p>Wenn Sie bereits ein Konto auf unserer Website oder in der mobilen Software haben, ist es f\u00fcr Sie noch einfacher. Sie m\u00fcssen nur den Manekispin-Anmeldeprozess durchlaufen. Geben Sie dazu Ihre E-Mail-Adresse und Ihr Passwort, das Sie bei der Registrierung erstellt haben, im Anmeldebereich ein. Wenn Sie die Zwei-Faktor-Authentifizierung aktiviert haben, m\u00fcssen Sie Ihre Identit\u00e4t zus\u00e4tzlich per SMS oder einer separaten App best\u00e4tigen.<\/p>\n<p>Sie k\u00f6nnen Ihre pers\u00f6nlichen Daten oder Zahlungsinformationen jederzeit in den Kontoeinstellungen \u00e4ndern. Wenn Sie Ihr Passwort beim Einloggen vergessen haben, ist das kein Problem, denn wir bieten die Option Manekispin-Passwort zur\u00fccksetzen an. Dies kann \u00fcber den Link \u201ePasswort vergessen?\u201c auf der Anmeldeseite erfolgen, indem Sie Ihre E-Mail-Adresse eingeben. Sie erhalten dann einen Link zum Zur\u00fccksetzen und k\u00f6nnen ein neues Passwort erstellen. Bei Fragen zur Manekispin-Anmeldung k\u00f6nnen sich Spieler an unser mehrsprachiges Support-Team wenden.<\/p>\n<h2>H\u00e4ufig gestellte Fragen<\/h2>\n<h3>Wie lange dauert es, bis mein Konto verifiziert ist?<\/h3>\n<p>Nachdem Sie die Dokumente hochgeladen und best\u00e4tigt haben, werden unsere Manager diese innerhalb von 48 Stunden pr\u00fcfen. Sobald sie fertig sind, erhalten Sie eine Best\u00e4tigung per Push-Benachrichtigung und E-Mail.<\/p>\n<h3>Werden alle bereitgestellten personenbezogenen Daten sicher aufbewahrt?<\/h3>\n<p>Wir garantieren Ihnen, dass alle Ihre pers\u00f6nlichen Daten und Zahlungsinformationen bei Manekispin Casino sicher sind. Wir verwenden fortschrittliche SSL-Verschl\u00fcsselung, um Ihre Daten und alle Website-Prozesse zu sch\u00fctzen.<\/p>\n<h3>Was soll ich tun, wenn ich nicht auf mein Manekispin Casino Konto zugreifen kann?<\/h3>\n<p>Bitte \u00fcberpr\u00fcfen Sie, ob Sie die richtige E-Mail-Adresse und das richtige Passwort eingegeben haben. Es sollte das sein, das Sie bei der Registrierung erstellt haben. Wenden Sie sich per Live-Chat oder E-Mail an den Kundendienst von Maneki Spin Casino, um Hilfe zu erhalten.<\/p>\n<\/div><\/div><\/p>\n","protected":false},"excerpt":{"rendered":"<p>Manekispin Anmeldung und Registrierung Um mit echtem Geld zu spielen und alle coolen Funktionen unseres Online-Casinos nutzen zu k\u00f6nnen, m\u00fcssen Nutzer den Manekispin Login Prozess durchlaufen. Alle Personen, die mindestens 18 Jahre alt sind und noch kein Konto auf unserer Plattform haben, k\u00f6nnen ein neues Konto registrieren. Der Vorgang ist einfach und dauert nicht lange. [&hellip;]<\/p>\n","protected":false},"author":1,"featured_media":0,"parent":0,"menu_order":0,"comment_status":"closed","ping_status":"closed","template":"template-builder.php","meta":{"_acf_changed":false,"inline_featured_image":false,"footnotes":""},"class_list":["post-1471","page","type-page","status-publish","hentry"],"acf":[],"yoast_head":"<!-- This site is optimized with the Yoast SEO plugin v27.3 - https:\/\/yoast.com\/product\/yoast-seo-wordpress\/ -->\n<title>Manekispin Login | Sicherer Kontozugriff &amp; Registrierung<\/title>\n<meta name=\"description\" content=\"Melden Sie sich mit Ihrem Maneki Spin Casino Login an oder registrieren Sie sich in Sekundenschnelle. Verwalten Sie Einzahlungen, Boni und den Verifizierungsprozess. Informieren Sie sich \u00fcber Aktionen und genie\u00dfen Sie sicheres Spielen mit 24\/7-Support.\" \/>\n<meta name=\"robots\" content=\"index, follow, max-snippet:-1, max-image-preview:large, max-video-preview:-1\" \/>\n<link rel=\"canonical\" href=\"https:\/\/manekispincasino.com\/de\/anmeldung-und-registrierung\/\" \/>\n<meta property=\"og:locale\" content=\"de_DE\" \/>\n<meta property=\"og:type\" content=\"article\" \/>\n<meta property=\"og:title\" content=\"Manekispin Login | Sicherer Kontozugriff &amp; Registrierung\" \/>\n<meta property=\"og:description\" content=\"Melden Sie sich mit Ihrem Maneki Spin Casino Login an oder registrieren Sie sich in Sekundenschnelle. Verwalten Sie Einzahlungen, Boni und den Verifizierungsprozess. Informieren Sie sich \u00fcber Aktionen und genie\u00dfen Sie sicheres Spielen mit 24\/7-Support.\" \/>\n<meta property=\"og:url\" content=\"https:\/\/manekispincasino.com\/de\/anmeldung-und-registrierung\/\" \/>\n<meta property=\"og:site_name\" content=\"manekispin\" \/>\n<meta property=\"article:modified_time\" content=\"2026-01-20T07:57:21+00:00\" \/>\n<meta name=\"twitter:card\" content=\"summary_large_image\" \/>\n<meta name=\"twitter:label1\" content=\"Gesch\u00e4tzte Lesezeit\" \/>\n\t<meta name=\"twitter:data1\" content=\"1\u00a0Minute\" \/>\n<script type=\"application\/ld+json\" class=\"yoast-schema-graph\">{\"@context\":\"https:\\\/\\\/schema.org\",\"@graph\":[{\"@type\":\"WebPage\",\"@id\":\"https:\\\/\\\/manekispincasino.com\\\/de\\\/anmeldung-und-registrierung\\\/\",\"url\":\"https:\\\/\\\/manekispincasino.com\\\/de\\\/anmeldung-und-registrierung\\\/\",\"name\":\"Manekispin Login | Sicherer Kontozugriff & Registrierung\",\"isPartOf\":{\"@id\":\"https:\\\/\\\/manekispincasino.com\\\/de\\\/#website\"},\"datePublished\":\"2026-01-19T13:53:44+00:00\",\"dateModified\":\"2026-01-20T07:57:21+00:00\",\"description\":\"Melden Sie sich mit Ihrem Maneki Spin Casino Login an oder registrieren Sie sich in Sekundenschnelle. Verwalten Sie Einzahlungen, Boni und den Verifizierungsprozess. Informieren Sie sich \u00fcber Aktionen und genie\u00dfen Sie sicheres Spielen mit 24\\\/7-Support.\",\"breadcrumb\":{\"@id\":\"https:\\\/\\\/manekispincasino.com\\\/de\\\/anmeldung-und-registrierung\\\/#breadcrumb\"},\"inLanguage\":\"de\",\"potentialAction\":[{\"@type\":\"ReadAction\",\"target\":[\"https:\\\/\\\/manekispincasino.com\\\/de\\\/anmeldung-und-registrierung\\\/\"]}]},{\"@type\":\"BreadcrumbList\",\"@id\":\"https:\\\/\\\/manekispincasino.com\\\/de\\\/anmeldung-und-registrierung\\\/#breadcrumb\",\"itemListElement\":[{\"@type\":\"ListItem\",\"position\":1,\"name\":\"Manekispin\",\"item\":\"https:\\\/\\\/manekispincasino.com\\\/de\\\/\"},{\"@type\":\"ListItem\",\"position\":2,\"name\":\"Anmeldung und Registrierung\"}]},{\"@type\":\"WebSite\",\"@id\":\"https:\\\/\\\/manekispincasino.com\\\/de\\\/#website\",\"url\":\"https:\\\/\\\/manekispincasino.com\\\/de\\\/\",\"name\":\"Manekispin\",\"description\":\"\",\"publisher\":{\"@id\":\"https:\\\/\\\/manekispincasino.com\\\/de\\\/#organization\"},\"potentialAction\":[{\"@type\":\"SearchAction\",\"target\":{\"@type\":\"EntryPoint\",\"urlTemplate\":\"https:\\\/\\\/manekispincasino.com\\\/de\\\/?s={search_term_string}\"},\"query-input\":{\"@type\":\"PropertyValueSpecification\",\"valueRequired\":true,\"valueName\":\"search_term_string\"}}],\"inLanguage\":\"de\"},{\"@type\":\"Organization\",\"@id\":\"https:\\\/\\\/manekispincasino.com\\\/de\\\/#organization\",\"name\":\"Manekispin\",\"url\":\"https:\\\/\\\/manekispincasino.com\\\/de\\\/\",\"logo\":{\"@type\":\"ImageObject\",\"inLanguage\":\"de\",\"@id\":\"https:\\\/\\\/manekispincasino.com\\\/de\\\/#\\\/schema\\\/logo\\\/image\\\/\",\"url\":\"https:\\\/\\\/manekispincasino.com\\\/wp-content\\\/uploads\\\/2026\\\/01\\\/logo.png\",\"contentUrl\":\"https:\\\/\\\/manekispincasino.com\\\/wp-content\\\/uploads\\\/2026\\\/01\\\/logo.png\",\"width\":79,\"height\":24,\"caption\":\"Manekispin\"},\"image\":{\"@id\":\"https:\\\/\\\/manekispincasino.com\\\/de\\\/#\\\/schema\\\/logo\\\/image\\\/\"}}]}<\/script>\n<!-- \/ Yoast SEO plugin. -->","yoast_head_json":{"title":"Manekispin Login | Sicherer Kontozugriff & Registrierung","description":"Melden Sie sich mit Ihrem Maneki Spin Casino Login an oder registrieren Sie sich in Sekundenschnelle. Verwalten Sie Einzahlungen, Boni und den Verifizierungsprozess. Informieren Sie sich \u00fcber Aktionen und genie\u00dfen Sie sicheres Spielen mit 24\/7-Support.","robots":{"index":"index","follow":"follow","max-snippet":"max-snippet:-1","max-image-preview":"max-image-preview:large","max-video-preview":"max-video-preview:-1"},"canonical":"https:\/\/manekispincasino.com\/de\/anmeldung-und-registrierung\/","og_locale":"de_DE","og_type":"article","og_title":"Manekispin Login | Sicherer Kontozugriff & Registrierung","og_description":"Melden Sie sich mit Ihrem Maneki Spin Casino Login an oder registrieren Sie sich in Sekundenschnelle. Verwalten Sie Einzahlungen, Boni und den Verifizierungsprozess. Informieren Sie sich \u00fcber Aktionen und genie\u00dfen Sie sicheres Spielen mit 24\/7-Support.","og_url":"https:\/\/manekispincasino.com\/de\/anmeldung-und-registrierung\/","og_site_name":"manekispin","article_modified_time":"2026-01-20T07:57:21+00:00","twitter_card":"summary_large_image","twitter_misc":{"Gesch\u00e4tzte Lesezeit":"1\u00a0Minute"},"schema":{"@context":"https:\/\/schema.org","@graph":[{"@type":"WebPage","@id":"https:\/\/manekispincasino.com\/de\/anmeldung-und-registrierung\/","url":"https:\/\/manekispincasino.com\/de\/anmeldung-und-registrierung\/","name":"Manekispin Login | Sicherer Kontozugriff & Registrierung","isPartOf":{"@id":"https:\/\/manekispincasino.com\/de\/#website"},"datePublished":"2026-01-19T13:53:44+00:00","dateModified":"2026-01-20T07:57:21+00:00","description":"Melden Sie sich mit Ihrem Maneki Spin Casino Login an oder registrieren Sie sich in Sekundenschnelle. Verwalten Sie Einzahlungen, Boni und den Verifizierungsprozess. Informieren Sie sich \u00fcber Aktionen und genie\u00dfen Sie sicheres Spielen mit 24\/7-Support.","breadcrumb":{"@id":"https:\/\/manekispincasino.com\/de\/anmeldung-und-registrierung\/#breadcrumb"},"inLanguage":"de","potentialAction":[{"@type":"ReadAction","target":["https:\/\/manekispincasino.com\/de\/anmeldung-und-registrierung\/"]}]},{"@type":"BreadcrumbList","@id":"https:\/\/manekispincasino.com\/de\/anmeldung-und-registrierung\/#breadcrumb","itemListElement":[{"@type":"ListItem","position":1,"name":"Manekispin","item":"https:\/\/manekispincasino.com\/de\/"},{"@type":"ListItem","position":2,"name":"Anmeldung und Registrierung"}]},{"@type":"WebSite","@id":"https:\/\/manekispincasino.com\/de\/#website","url":"https:\/\/manekispincasino.com\/de\/","name":"Manekispin","description":"","publisher":{"@id":"https:\/\/manekispincasino.com\/de\/#organization"},"potentialAction":[{"@type":"SearchAction","target":{"@type":"EntryPoint","urlTemplate":"https:\/\/manekispincasino.com\/de\/?s={search_term_string}"},"query-input":{"@type":"PropertyValueSpecification","valueRequired":true,"valueName":"search_term_string"}}],"inLanguage":"de"},{"@type":"Organization","@id":"https:\/\/manekispincasino.com\/de\/#organization","name":"Manekispin","url":"https:\/\/manekispincasino.com\/de\/","logo":{"@type":"ImageObject","inLanguage":"de","@id":"https:\/\/manekispincasino.com\/de\/#\/schema\/logo\/image\/","url":"https:\/\/manekispincasino.com\/wp-content\/uploads\/2026\/01\/logo.png","contentUrl":"https:\/\/manekispincasino.com\/wp-content\/uploads\/2026\/01\/logo.png","width":79,"height":24,"caption":"Manekispin"},"image":{"@id":"https:\/\/manekispincasino.com\/de\/#\/schema\/logo\/image\/"}}]}},"_links":{"self":[{"href":"https:\/\/manekispincasino.com\/de\/wp-json\/wp\/v2\/pages\/1471","targetHints":{"allow":["GET"]}}],"collection":[{"href":"https:\/\/manekispincasino.com\/de\/wp-json\/wp\/v2\/pages"}],"about":[{"href":"https:\/\/manekispincasino.com\/de\/wp-json\/wp\/v2\/types\/page"}],"author":[{"embeddable":true,"href":"https:\/\/manekispincasino.com\/de\/wp-json\/wp\/v2\/users\/1"}],"replies":[{"embeddable":true,"href":"https:\/\/manekispincasino.com\/de\/wp-json\/wp\/v2\/comments?post=1471"}],"version-history":[{"count":2,"href":"https:\/\/manekispincasino.com\/de\/wp-json\/wp\/v2\/pages\/1471\/revisions"}],"predecessor-version":[{"id":1624,"href":"https:\/\/manekispincasino.com\/de\/wp-json\/wp\/v2\/pages\/1471\/revisions\/1624"}],"wp:attachment":[{"href":"https:\/\/manekispincasino.com\/de\/wp-json\/wp\/v2\/media?parent=1471"}],"curies":[{"name":"wp","href":"https:\/\/api.w.org\/{rel}","templated":true}]}}