{"id":1437,"date":"2026-01-19T13:46:35","date_gmt":"2026-01-19T13:46:35","guid":{"rendered":"https:\/\/manekispincasino.com\/app-2\/"},"modified":"2026-01-20T10:34:41","modified_gmt":"2026-01-20T10:34:41","slug":"aplicacion","status":"publish","type":"page","link":"https:\/\/manekispincasino.com\/es\/aplicacion\/","title":{"rendered":"Aplicaci\u00f3n"},"content":{"rendered":"<h1>Aplicaci\u00f3n m\u00f3vil Manekispin para iOS y Android<\/h1>\n<p>La Manekispin app te ofrece la oportunidad de jugar online desde cualquier lugar de Espa\u00f1a. Ahora ya no estar\u00e1s limitado por la ubicaci\u00f3n de tu casa o tu ordenador. Te ofrecemos una experiencia de casino online completa directamente en tu smartphone o tableta. Elige entre la versi\u00f3n para navegador y el software espec\u00edfico. Te garantizamos que ambos te permiten acceder a todos los t\u00edtulos y funciones disponibles en la versi\u00f3n de escritorio.<\/p>\n<p><div class=\"banner-wrap\" aria-label=\"Banner\"><img src=\"https:\/\/manekispincasino.com\/wp-content\/uploads\/2026\/01\/Manekispin-banner-carousel-800\u0445400-6.webp\" class=\"w-100 d-none d-lg-block img-pc main-banner-img\" alt=\"Manekispin desktop banner\" fetchpriority=\"high\" decoding=\"async\"><img src=\"https:\/\/manekispincasino.com\/wp-content\/uploads\/2026\/01\/Manekispin-mobile-banner.webp\" class=\"w-100 d-none d-md-block d-lg-none main-banner-img\" alt=\"Manekispin mobile banner\" fetchpriority=\"high\" decoding=\"async\"><img src=\"https:\/\/manekispincasino.com\/wp-content\/uploads\/2026\/01\/Manekispin-mobile-banner.webp\" class=\"w-100 d-md-none\" alt=\"Manekispin mobile banner\" fetchpriority=\"high\" decoding=\"async\"><div class=\"banner-description\">\n<div class=\"banner-title\">Bonos de bienvenida<\/div>\n<p class=\"banner-header-title\">1500 \u20ac<\/p>\n<div class=\"banner-header-AdditionalText\">+ 250 Tiradas gratis<\/div>\n<button data-item=\"homepage_banner_link\" class=\"goto m-button m-gradient-border m-button--primary m-button--large banner-button btn-orange\">\n            <div class=\"m-button-content\">\n                <span>Reg\u00edstrate ahora<\/span>\n                <span><\/span>\n            <\/div>\n        <\/button>\n<\/div>\n<div class=\"WelcomePack\">\n<p><img loading=\"lazy\" decoding=\"async\" class=\"alignnone size-full wp-image-1359\" src=\"https:\/\/manekispincasino.com\/wp-content\/uploads\/2026\/01\/welcome-crown.png\" alt=\"crown\" width=\"25\" height=\"26\" \/><\/p>\n<div class=\"WelcomePack-Info\">Reembolso semanal de hasta el 25 %<\/div>\n<p><img loading=\"lazy\" decoding=\"async\" class=\"alignnone size-full wp-image-1359\" src=\"https:\/\/manekispincasino.com\/wp-content\/uploads\/2026\/01\/welcome-crown.png\" alt=\"crown\" width=\"25\" height=\"26\" \/><\/p>\n<\/div>\n<\/div><div class=\"scrollable-content-wrap my-5\"><div class=\"scrollable-content-inner\"><h2>Manekispin en Mac o Windows<\/h2>\n<p>Un ordenador con su gran pantalla sigue siendo una opci\u00f3n c\u00f3moda para todos nuestros usuarios nuevos y habituales. Maneki Spin Casino es compatible con todos los ordenadores y port\u00e1tiles modernos. El dise\u00f1o, la navegaci\u00f3n y los juegos se ajustan perfectamente al tama\u00f1o de tu pantalla.<\/p>\n<p>Puedes jugar a tus juegos favoritos en tu navegador preferido en un dispositivo Mac o Windows. Para un acceso m\u00e1s r\u00e1pido, puedes anclar la p\u00e1gina web en tu navegador o crear un icono de acceso directo. Esto te permitir\u00e1 visitar el sitio web con un solo clic directamente desde la pantalla de inicio.<\/p>\n<p>Si quieres combinar varios dispositivos y jugar desde un PC, un smartphone o una tableta, dependiendo de la situaci\u00f3n, tambi\u00e9n es posible con Manekispin. Despu\u00e9s de iniciar sesi\u00f3n en tu cuenta, todos tus logros y ajustes se sincronizar\u00e1n en todos los dispositivos.<\/p>\n<p><img loading=\"lazy\" decoding=\"async\" src=\"https:\/\/manekispincasino.com\/wp-content\/uploads\/2026\/01\/Manekispin-Desktop.webp\" alt=\"Manekispin Desktop\" width=\"1248\" height=\"536\" \/><\/p>\n<\/div><\/div><div style=\"clear: both\"><\/div><div class=\"d-flex justify-content-center\"><button data-item=\"decouvrez_link\" data-group=\"website_links\" class=\"goto fw-bold rounded-pill btn btn-orange\" aria-label=\"Descarga la aplicaci\u00f3n Manekispin\" >Descarga la aplicaci\u00f3n Manekispin<\/button><\/div><div class=\"scrollable-content-wrap my-5\"><div class=\"scrollable-content-inner\"><h2>App Manekispin para dispositivos Android<\/h2>\n<p>Cualquier persona con un dispositivo Android puede acceder a la versi\u00f3n m\u00f3vil sin restricciones. Los usuarios pueden visitar f\u00e1cilmente nuestro sitio web utilizando cualquier navegador m\u00f3vil, como Google Chrome. Todos tus juegos favoritos, incluyendo tragamonedas en l\u00ednea, juegos de mesa, opciones con crupier en vivo y juegos con premios instant\u00e1neos, estar\u00e1n disponibles en un smartphone o tableta Android.<\/p>\n<p>El software m\u00f3vil de Manekispin Casino est\u00e1 dise\u00f1ado como una aplicaci\u00f3n web progresiva (PWA). Esto significa que el casino m\u00f3vil solo utiliza datos almacenados en cach\u00e9 y no consume espacio de almacenamiento en tu dispositivo. La carga y el juego son fluidos y r\u00e1pidos.<\/p>\n<h3>Instalaci\u00f3n de la aplicaci\u00f3n<\/h3>\n<p>El sencillo proceso de instalaci\u00f3n est\u00e1 disponible en nuestro sitio web. Comprobamos regularmente la aplicaci\u00f3n Manekispin y podemos garantizar que es segura para su dispositivo. A continuaci\u00f3n, encontrar\u00e1 las instrucciones de instalaci\u00f3n:<\/p>\n<ol>\n<li>Ve a la parte inferior de nuestro sitio web en cualquier dispositivo m\u00f3vil.<\/li>\n<li>Busca y haz clic en el bot\u00f3n \u00abAplicaci\u00f3n del casino\u00bb.<\/li>\n<li>En la p\u00e1gina que aparecer\u00e1, seleccione \u00abInstalar\u00bb en el centro de la pantalla.<\/li>\n<li>Con una conexi\u00f3n a Internet estable, la instalaci\u00f3n no tardar\u00e1 m\u00e1s de unos minutos.<\/li>\n<li>Una vez completado el proceso, ver\u00e1 el icono de la marca Maneki Spin Casino en su pantalla de inicio. Para empezar a jugar con dinero real, reg\u00edstrese e inicie sesi\u00f3n en su cuenta.<\/li>\n<\/ol>\n<p><img loading=\"lazy\" decoding=\"async\" src=\"https:\/\/manekispincasino.com\/wp-content\/uploads\/2026\/01\/Manekispin-Android-App.webp\" alt=\"Manekispin Android App\" width=\"1248\" height=\"536\" \/><\/p>\n<\/div><\/div><div style=\"clear: both\"><\/div><div class=\"d-flex justify-content-center\"><button data-item=\"decouvrez_link\" data-group=\"website_links\" class=\"goto fw-bold rounded-pill btn btn-orange\" aria-label=\"Descargar Manekispin\" >Descargar Manekispin<\/button><\/div><div class=\"scrollable-content-wrap my-5\"><div class=\"scrollable-content-inner\"><h2>Aplicaci\u00f3n m\u00f3vil para iPhone y iPad<\/h2>\n<p>Todos los usuarios de iOS de Manekispin tambi\u00e9n tienen la oportunidad de jugar a sus juegos favoritos sobre la marcha. Le garantizamos que experimentar\u00e1 la misma o mayor satisfacci\u00f3n durante todo el proceso. El registro y el inicio de sesi\u00f3n est\u00e1n disponibles en dispositivos m\u00f3viles. Adem\u00e1s, debe completar el proceso de verificaci\u00f3n antes de realizar el primer retiro.<\/p>\n<p>Puede utilizar la versi\u00f3n del navegador de la plataforma en su iPhone o iPad. No requiere descargas adicionales. Si tiene alg\u00fan problema con la versi\u00f3n m\u00f3vil, siempre puede ponerse en contacto con nuestro equipo de asistencia a trav\u00e9s del chat en vivo o por correo electr\u00f3nico. Nuestros gestores lo revisar\u00e1n todo y le responder\u00e1n con una soluci\u00f3n.<\/p>\n<h3>Configurar la aplicaci\u00f3n para iOS<\/h3>\n<p>Para acceder m\u00e1s r\u00e1pidamente al sitio web desde su dispositivo m\u00f3vil, puede instalar un acceso directo en la pantalla de inicio. Se puede completar en la configuraci\u00f3n de cualquier navegador moderno seleccionando la opci\u00f3n \u00abA\u00f1adir a la pantalla de inicio\u00bb o a trav\u00e9s de la aplicaci\u00f3n Atajos para iPhone y iPad.<\/p>\n<p>Para un proceso m\u00e1s personalizado, puede instalar la aplicaci\u00f3n Manekispin desde nuestra plataforma. Le permitir\u00e1 recibir notificaciones push y acceder a ofertas exclusivas disponibles solo para jugadores m\u00f3viles.<\/p>\n<p><img loading=\"lazy\" decoding=\"async\" src=\"https:\/\/manekispincasino.com\/wp-content\/uploads\/2026\/01\/Manekispin-iOS-App.webp\" alt=\"Manekispin iOS App\" width=\"1248\" height=\"536\" \/><\/p>\n<\/div><\/div><div style=\"clear: both\"><\/div><div class=\"d-flex justify-content-center\"><button data-item=\"decouvrez_link\" data-group=\"website_links\" class=\"goto fw-bold rounded-pill btn btn-orange\" aria-label=\"Descarga la aplicaci\u00f3n Manekispin\" >Descarga la aplicaci\u00f3n Manekispin<\/button><\/div><\/p>\n<h2>Ventajas de la aplicaci\u00f3n Maneki Spin<\/h2>\n<p>En el mundo moderno, es dif\u00edcil imaginar un sitio web sin una versi\u00f3n m\u00f3vil o una aplicaci\u00f3n m\u00f3vil dedicada. En Manekispin Casino, m\u00e1s de la mitad de los usuarios prefieren utilizar sus tel\u00e9fonos inteligentes o tabletas para disfrutar del proceso de juego. Por eso era esencial para nosotros crear una opci\u00f3n c\u00f3moda que no fuera inferior a la versi\u00f3n principal para PC.<\/p>\n<p>Ofrecemos a nuestros clientes dos formas de jugar en el m\u00f3vil: una versi\u00f3n basada en el navegador y la aplicaci\u00f3n Manekispin Casino. Tendr\u00e1s acceso a toda la colecci\u00f3n de juegos sin perder el progreso que hayas logrado en el PC. La siguiente tabla muestra las principales ventajas del software m\u00f3vil para Android e iOS.<\/p>\n<table>\n<tbody>\n<tr>\n<td>Caracter\u00edstica<\/td>\n<td>Descripci\u00f3n<\/td>\n<\/tr>\n<tr>\n<td>Actualizaciones<\/td>\n<td>Las actualizaciones se realizan al instante sin necesidad de intervenir.<\/td>\n<\/tr>\n<tr>\n<td>Compatibilidad multiplataforma<\/td>\n<td>Funciona en Android, iOS, Windows y macOS utilizando la misma tecnolog\u00eda basada en web.<\/td>\n<\/tr>\n<tr>\n<td>Notificaciones push<\/td>\n<td>Admite alertas en tiempo real para noticias.<\/td>\n<\/tr>\n<tr>\n<td>Acceso<\/td>\n<td>Se inicia directamente desde la pantalla de inicio del dispositivo.<\/td>\n<\/tr>\n<tr>\n<td>Integraci\u00f3n de seguridad<\/td>\n<td>Utiliza seguridad a nivel del navegador, cifrado HTTPS y ejecuci\u00f3n en entornos aislados.<\/td>\n<\/tr>\n<tr>\n<td>Eficiencia de datos<\/td>\n<td>Dise\u00f1ado para consumir menos datos m\u00f3viles que la versi\u00f3n del navegador.<\/td>\n<\/tr>\n<tr>\n<td>Compatibilidad con dispositivos<\/td>\n<td>Se adapta autom\u00e1ticamente a diferentes tama\u00f1os y resoluciones de pantalla.<\/td>\n<\/tr>\n<\/tbody>\n<\/table>\n<div class=\"scrollable-content-wrap my-5\"><div class=\"scrollable-content-inner\"><h2>Preguntas frecuentes<\/h2>\n<h3>\u00bfC\u00f3mo puedo actualizar la aplicaci\u00f3n?<\/h3>\n<p>La aplicaci\u00f3n Maneki Spin se actualiza autom\u00e1ticamente sin que tengas que hacer nada. Si hay cambios importantes y tienes que instalar la nueva versi\u00f3n, te lo comunicaremos mediante notificaciones push y correo electr\u00f3nico.<\/p>\n<h3>\u00bfTodos los juegos y funciones est\u00e1n disponibles en el m\u00f3vil?<\/h3>\n<p>Los m\u00e1s de 6.000 t\u00edtulos est\u00e1n disponibles en la versi\u00f3n m\u00f3vil de Manekispin Casino. Todos ellos est\u00e1n optimizados para pantallas peque\u00f1as y ofrecen una experiencia de juego de alta calidad. El resto de funciones, como promociones, pagos, configuraci\u00f3n de la cuenta y mucho m\u00e1s, est\u00e1n disponibles en la aplicaci\u00f3n.<\/p>\n<h3>\u00bfEs seguro para m\u00ed utilizar la app Manekispin?<\/h3>\n<p>Nuestro casino online se toma muy en serio la seguridad de los clientes y los datos. Probamos regularmente la versi\u00f3n m\u00f3vil y la aplicaci\u00f3n. Toda tu informaci\u00f3n personal y de pago est\u00e1 encriptada. Para una mayor protecci\u00f3n, puedes habilitar la autenticaci\u00f3n de dos factores en la configuraci\u00f3n de la cuenta.<\/p>\n<\/div><\/div>\n","protected":false},"excerpt":{"rendered":"<p>Aplicaci\u00f3n m\u00f3vil Manekispin para iOS y Android La Manekispin app te ofrece la oportunidad de jugar online desde cualquier lugar de Espa\u00f1a. Ahora ya no estar\u00e1s limitado por la ubicaci\u00f3n de tu casa o tu ordenador. Te ofrecemos una experiencia de casino online completa directamente en tu smartphone o tableta. Elige entre la versi\u00f3n para [&hellip;]<\/p>\n","protected":false},"author":1,"featured_media":0,"parent":0,"menu_order":0,"comment_status":"closed","ping_status":"closed","template":"template-builder.php","meta":{"_acf_changed":false,"inline_featured_image":false,"footnotes":""},"class_list":["post-1437","page","type-page","status-publish","hentry"],"acf":[],"yoast_head":"<!-- This site is optimized with the Yoast SEO plugin v27.3 - https:\/\/yoast.com\/product\/yoast-seo-wordpress\/ -->\n<title>Manekispin App | Casino m\u00f3vil para Android e iOS<\/title>\n<meta name=\"description\" content=\"Juega a tragamonedas, jackpots y juegos con crupier en vivo donde quieras con la Maneki Spin App. R\u00e1pida, segura y optimizada para todos los dispositivos. \u00a1Desc\u00e1rgala ahora!\" \/>\n<meta name=\"robots\" content=\"index, follow, max-snippet:-1, max-image-preview:large, max-video-preview:-1\" \/>\n<link rel=\"canonical\" href=\"https:\/\/manekispincasino.com\/es\/aplicacion\/\" \/>\n<meta property=\"og:locale\" content=\"es_ES\" \/>\n<meta property=\"og:type\" content=\"article\" \/>\n<meta property=\"og:title\" content=\"Manekispin App | Casino m\u00f3vil para Android e iOS\" \/>\n<meta property=\"og:description\" content=\"Juega a tragamonedas, jackpots y juegos con crupier en vivo donde quieras con la Maneki Spin App. R\u00e1pida, segura y optimizada para todos los dispositivos. \u00a1Desc\u00e1rgala ahora!\" \/>\n<meta property=\"og:url\" content=\"https:\/\/manekispincasino.com\/es\/aplicacion\/\" \/>\n<meta property=\"og:site_name\" content=\"manekispin\" \/>\n<meta property=\"article:modified_time\" content=\"2026-01-20T10:34:41+00:00\" \/>\n<meta name=\"twitter:card\" content=\"summary_large_image\" \/>\n<meta name=\"twitter:label1\" content=\"Est. reading time\" \/>\n\t<meta name=\"twitter:data1\" content=\"2 minutes\" \/>\n<script type=\"application\/ld+json\" class=\"yoast-schema-graph\">{\"@context\":\"https:\\\/\\\/schema.org\",\"@graph\":[{\"@type\":\"WebPage\",\"@id\":\"https:\\\/\\\/manekispincasino.com\\\/es\\\/aplicacion\\\/\",\"url\":\"https:\\\/\\\/manekispincasino.com\\\/es\\\/aplicacion\\\/\",\"name\":\"Manekispin App | Casino m\u00f3vil para Android e iOS\",\"isPartOf\":{\"@id\":\"https:\\\/\\\/manekispincasino.com\\\/es\\\/#website\"},\"datePublished\":\"2026-01-19T13:46:35+00:00\",\"dateModified\":\"2026-01-20T10:34:41+00:00\",\"description\":\"Juega a tragamonedas, jackpots y juegos con crupier en vivo donde quieras con la Maneki Spin App. R\u00e1pida, segura y optimizada para todos los dispositivos. \u00a1Desc\u00e1rgala ahora!\",\"breadcrumb\":{\"@id\":\"https:\\\/\\\/manekispincasino.com\\\/es\\\/aplicacion\\\/#breadcrumb\"},\"inLanguage\":\"es-ES\",\"potentialAction\":[{\"@type\":\"ReadAction\",\"target\":[\"https:\\\/\\\/manekispincasino.com\\\/es\\\/aplicacion\\\/\"]}]},{\"@type\":\"BreadcrumbList\",\"@id\":\"https:\\\/\\\/manekispincasino.com\\\/es\\\/aplicacion\\\/#breadcrumb\",\"itemListElement\":[{\"@type\":\"ListItem\",\"position\":1,\"name\":\"Manekispin\",\"item\":\"https:\\\/\\\/manekispincasino.com\\\/es\\\/\"},{\"@type\":\"ListItem\",\"position\":2,\"name\":\"Aplicaci\u00f3n\"}]},{\"@type\":\"WebSite\",\"@id\":\"https:\\\/\\\/manekispincasino.com\\\/es\\\/#website\",\"url\":\"https:\\\/\\\/manekispincasino.com\\\/es\\\/\",\"name\":\"Manekispin\",\"description\":\"\",\"publisher\":{\"@id\":\"https:\\\/\\\/manekispincasino.com\\\/es\\\/#organization\"},\"potentialAction\":[{\"@type\":\"SearchAction\",\"target\":{\"@type\":\"EntryPoint\",\"urlTemplate\":\"https:\\\/\\\/manekispincasino.com\\\/es\\\/?s={search_term_string}\"},\"query-input\":{\"@type\":\"PropertyValueSpecification\",\"valueRequired\":true,\"valueName\":\"search_term_string\"}}],\"inLanguage\":\"es-ES\"},{\"@type\":\"Organization\",\"@id\":\"https:\\\/\\\/manekispincasino.com\\\/es\\\/#organization\",\"name\":\"Manekispin\",\"url\":\"https:\\\/\\\/manekispincasino.com\\\/es\\\/\",\"logo\":{\"@type\":\"ImageObject\",\"inLanguage\":\"es-ES\",\"@id\":\"https:\\\/\\\/manekispincasino.com\\\/es\\\/#\\\/schema\\\/logo\\\/image\\\/\",\"url\":\"https:\\\/\\\/manekispincasino.com\\\/wp-content\\\/uploads\\\/2026\\\/01\\\/logo.png\",\"contentUrl\":\"https:\\\/\\\/manekispincasino.com\\\/wp-content\\\/uploads\\\/2026\\\/01\\\/logo.png\",\"width\":79,\"height\":24,\"caption\":\"Manekispin\"},\"image\":{\"@id\":\"https:\\\/\\\/manekispincasino.com\\\/es\\\/#\\\/schema\\\/logo\\\/image\\\/\"}}]}<\/script>\n<!-- \/ Yoast SEO plugin. -->","yoast_head_json":{"title":"Manekispin App | Casino m\u00f3vil para Android e iOS","description":"Juega a tragamonedas, jackpots y juegos con crupier en vivo donde quieras con la Maneki Spin App. R\u00e1pida, segura y optimizada para todos los dispositivos. \u00a1Desc\u00e1rgala ahora!","robots":{"index":"index","follow":"follow","max-snippet":"max-snippet:-1","max-image-preview":"max-image-preview:large","max-video-preview":"max-video-preview:-1"},"canonical":"https:\/\/manekispincasino.com\/es\/aplicacion\/","og_locale":"es_ES","og_type":"article","og_title":"Manekispin App | Casino m\u00f3vil para Android e iOS","og_description":"Juega a tragamonedas, jackpots y juegos con crupier en vivo donde quieras con la Maneki Spin App. R\u00e1pida, segura y optimizada para todos los dispositivos. \u00a1Desc\u00e1rgala ahora!","og_url":"https:\/\/manekispincasino.com\/es\/aplicacion\/","og_site_name":"manekispin","article_modified_time":"2026-01-20T10:34:41+00:00","twitter_card":"summary_large_image","twitter_misc":{"Est. reading time":"2 minutes"},"schema":{"@context":"https:\/\/schema.org","@graph":[{"@type":"WebPage","@id":"https:\/\/manekispincasino.com\/es\/aplicacion\/","url":"https:\/\/manekispincasino.com\/es\/aplicacion\/","name":"Manekispin App | Casino m\u00f3vil para Android e iOS","isPartOf":{"@id":"https:\/\/manekispincasino.com\/es\/#website"},"datePublished":"2026-01-19T13:46:35+00:00","dateModified":"2026-01-20T10:34:41+00:00","description":"Juega a tragamonedas, jackpots y juegos con crupier en vivo donde quieras con la Maneki Spin App. R\u00e1pida, segura y optimizada para todos los dispositivos. \u00a1Desc\u00e1rgala ahora!","breadcrumb":{"@id":"https:\/\/manekispincasino.com\/es\/aplicacion\/#breadcrumb"},"inLanguage":"es-ES","potentialAction":[{"@type":"ReadAction","target":["https:\/\/manekispincasino.com\/es\/aplicacion\/"]}]},{"@type":"BreadcrumbList","@id":"https:\/\/manekispincasino.com\/es\/aplicacion\/#breadcrumb","itemListElement":[{"@type":"ListItem","position":1,"name":"Manekispin","item":"https:\/\/manekispincasino.com\/es\/"},{"@type":"ListItem","position":2,"name":"Aplicaci\u00f3n"}]},{"@type":"WebSite","@id":"https:\/\/manekispincasino.com\/es\/#website","url":"https:\/\/manekispincasino.com\/es\/","name":"Manekispin","description":"","publisher":{"@id":"https:\/\/manekispincasino.com\/es\/#organization"},"potentialAction":[{"@type":"SearchAction","target":{"@type":"EntryPoint","urlTemplate":"https:\/\/manekispincasino.com\/es\/?s={search_term_string}"},"query-input":{"@type":"PropertyValueSpecification","valueRequired":true,"valueName":"search_term_string"}}],"inLanguage":"es-ES"},{"@type":"Organization","@id":"https:\/\/manekispincasino.com\/es\/#organization","name":"Manekispin","url":"https:\/\/manekispincasino.com\/es\/","logo":{"@type":"ImageObject","inLanguage":"es-ES","@id":"https:\/\/manekispincasino.com\/es\/#\/schema\/logo\/image\/","url":"https:\/\/manekispincasino.com\/wp-content\/uploads\/2026\/01\/logo.png","contentUrl":"https:\/\/manekispincasino.com\/wp-content\/uploads\/2026\/01\/logo.png","width":79,"height":24,"caption":"Manekispin"},"image":{"@id":"https:\/\/manekispincasino.com\/es\/#\/schema\/logo\/image\/"}}]}},"_links":{"self":[{"href":"https:\/\/manekispincasino.com\/es\/wp-json\/wp\/v2\/pages\/1437","targetHints":{"allow":["GET"]}}],"collection":[{"href":"https:\/\/manekispincasino.com\/es\/wp-json\/wp\/v2\/pages"}],"about":[{"href":"https:\/\/manekispincasino.com\/es\/wp-json\/wp\/v2\/types\/page"}],"author":[{"embeddable":true,"href":"https:\/\/manekispincasino.com\/es\/wp-json\/wp\/v2\/users\/1"}],"replies":[{"embeddable":true,"href":"https:\/\/manekispincasino.com\/es\/wp-json\/wp\/v2\/comments?post=1437"}],"version-history":[{"count":3,"href":"https:\/\/manekispincasino.com\/es\/wp-json\/wp\/v2\/pages\/1437\/revisions"}],"predecessor-version":[{"id":1806,"href":"https:\/\/manekispincasino.com\/es\/wp-json\/wp\/v2\/pages\/1437\/revisions\/1806"}],"wp:attachment":[{"href":"https:\/\/manekispincasino.com\/es\/wp-json\/wp\/v2\/media?parent=1437"}],"curies":[{"name":"wp","href":"https:\/\/api.w.org\/{rel}","templated":true}]}}