{"id":1475,"date":"2026-01-19T13:53:44","date_gmt":"2026-01-19T13:53:44","guid":{"rendered":"https:\/\/manekispincasino.com\/login-and-registration\/"},"modified":"2026-01-20T10:36:32","modified_gmt":"2026-01-20T10:36:32","slug":"inicio-de-sesion-y-registro","status":"publish","type":"page","link":"https:\/\/manekispincasino.com\/es\/inicio-de-sesion-y-registro\/","title":{"rendered":"Inicio de sesi\u00f3n y Registro"},"content":{"rendered":"<h1>Inicio de sesi\u00f3n y registro en Manekispin<\/h1>\n<p>Para empezar a jugar con dinero real y acceder a todas las fant\u00e1sticas funciones de nuestro casino online, los usuarios espa\u00f1oles deben completar el proceso de Manekispin login. Todas las personas mayores de 18 a\u00f1os que a\u00fan no tengan una cuenta en nuestra plataforma pueden registrarse. Es un proceso sencillo que no te llevar\u00e1 mucho tiempo. Por lo general, los jugadores necesitan hasta 3 minutos para completar el registro.<\/p>\n<p><div class=\"banner-wrap\" aria-label=\"Banner\"><img src=\"https:\/\/manekispincasino.com\/wp-content\/uploads\/2026\/01\/Manekispin-banner-carousel-800\u0445400-6.webp\" class=\"w-100 d-none d-lg-block img-pc main-banner-img\" alt=\"Manekispin desktop banner\" fetchpriority=\"high\" decoding=\"async\"><img src=\"https:\/\/manekispincasino.com\/wp-content\/uploads\/2026\/01\/Manekispin-mobile-banner.webp\" class=\"w-100 d-none d-md-block d-lg-none main-banner-img\" alt=\"Manekispin mobile banner\" fetchpriority=\"high\" decoding=\"async\"><img src=\"https:\/\/manekispincasino.com\/wp-content\/uploads\/2026\/01\/Manekispin-mobile-banner.webp\" class=\"w-100 d-md-none\" alt=\"Manekispin mobile banner\" fetchpriority=\"high\" decoding=\"async\"><div class=\"banner-description\">\n<div class=\"banner-title\">Bonos de bienvenida<\/div>\n<p class=\"banner-header-title\">1500 \u20ac<\/p>\n<div class=\"banner-header-AdditionalText\">+ 250 Tiradas gratis<\/div>\n<button data-item=\"homepage_banner_link\" class=\"goto m-button m-gradient-border m-button--primary m-button--large banner-button btn-orange\">\n            <div class=\"m-button-content\">\n                <span>Reg\u00edstrate ahora<\/span>\n                <span><\/span>\n            <\/div>\n        <\/button>\n<\/div>\n<div class=\"WelcomePack\">\n<p><img loading=\"lazy\" decoding=\"async\" class=\"alignnone size-full wp-image-1359\" src=\"https:\/\/manekispincasino.com\/wp-content\/uploads\/2026\/01\/welcome-crown.png\" alt=\"crown\" width=\"25\" height=\"26\" \/><\/p>\n<div class=\"WelcomePack-Info\">Reembolso semanal de hasta el 25 %<\/div>\n<p><img loading=\"lazy\" decoding=\"async\" class=\"alignnone size-full wp-image-1359\" src=\"https:\/\/manekispincasino.com\/wp-content\/uploads\/2026\/01\/welcome-crown.png\" alt=\"crown\" width=\"25\" height=\"26\" \/><\/p>\n<\/div>\n<\/div><div class=\"scrollable-content-wrap my-5\"><div class=\"scrollable-content-inner\"><h2>Registrar una cuenta en Manekispin Casino<\/h2>\n<p>No es obligatorio que los usuarios se registren en nuestra plataforma, pero hacerlo te dar\u00e1 muchas ventajas y acceso completo a todas las funciones. Si no has completado el inicio de sesi\u00f3n en Manekispin, puedes jugar a algunos t\u00edtulos en modo demo sin dep\u00f3sitos ni riesgos. En este caso, tampoco tendr\u00e1s la oportunidad de retirar tus ganancias.<\/p>\n<p>Pero para elegir entre miles de t\u00edtulos para jugar con dinero real, realizar dep\u00f3sitos y retiradas y aprovechar las promociones, necesita una cuenta en Maneki Spin Casino. Tambi\u00e9n har\u00e1 que su experiencia sea m\u00e1s personalizada con todos los ajustes de su perfil, incluyendo los siguientes:<\/p>\n<ul>\n<li>Gesti\u00f3n de la informaci\u00f3n personal y de pago<\/li>\n<li>Herramientas de juego responsable<\/li>\n<li>Autenticaci\u00f3n de dos factores para mayor seguridad<\/li>\n<li>Historial de actividad<\/li>\n<li>Enlace al programa de afiliados y progreso<\/li>\n<\/ul>\n<h3>C\u00f3mo configurar tu perfil<\/h3>\n<p>Como ya hemos mencionado, registrar una nueva cuenta en Manekispin Casino no te llevar\u00e1 mucho tiempo. El proceso es muy sencillo, por lo que incluso los principiantes lo entender\u00e1n perfectamente. Pero si tienes alguna dificultad, ponte en contacto con nuestro equipo de asistencia a trav\u00e9s del chat en vivo o por correo electr\u00f3nico. A continuaci\u00f3n, encontrar\u00e1s una gu\u00eda paso a paso sobre c\u00f3mo crear un nuevo perfil:<\/p>\n<ol>\n<li>En la esquina superior derecha de nuestra p\u00e1gina web, haz clic en el bot\u00f3n \u00abRegistrarse\u00bb.<\/li>\n<li>En el formulario que aparece, rellene los campos con su direcci\u00f3n de correo electr\u00f3nico, contrase\u00f1a y c\u00f3digo promocional, si tiene uno.<\/li>\n<li>Confirma que tienes al menos 18 a\u00f1os y que aceptas las normas de la plataforma. Tambi\u00e9n puedes suscribirte al bolet\u00edn informativo.<\/li>\n<li>Despu\u00e9s de revisar los datos introducidos, haz clic en el bot\u00f3n \u00abRegistrarse\u00bb para confirmar.<\/li>\n<li>A todos los usuarios de Manekispin se les pedir\u00e1 que introduzcan su informaci\u00f3n personal adicional. Puede hacerlo ahora o saltarse este paso y completarlo m\u00e1s tarde.<\/li>\n<\/ol>\n<h2>Proceso de verificaci\u00f3n para los jugadores de Maneki Spin<\/h2>\n<p>Todos nuestros usuarios que completen el inicio de sesi\u00f3n en Manekispin deben pasar por el proceso de verificaci\u00f3n antes de su primer retiro. Es un paso importante para mantener la seguridad de nuestra plataforma y evitar fraudes. Necesitamos verificar su identidad, edad, domicilio y titularidad de la cuenta de pago. Debe subir fotos o copias de sus documentos personales al sitio web. En la tabla siguiente encontrar\u00e1 m\u00e1s informaci\u00f3n sobre el proceso de verificaci\u00f3n KYC.<\/p>\n<table>\n<tbody>\n<tr>\n<td>Paso<\/td>\n<td>Detalles<\/td>\n<\/tr>\n<tr>\n<td>Acceda a la secci\u00f3n de verificaci\u00f3n<\/td>\n<td>Completa el inicio de sesi\u00f3n en Maneki Spin y, a continuaci\u00f3n, abre la secci\u00f3n de verificaci\u00f3n en el men\u00fa de tu cuenta.<\/td>\n<\/tr>\n<tr>\n<td>Sube los documentos necesarios para demostrar tu identidad y edad<\/td>\n<td>Env\u00ede una foto o un escaneo n\u00edtido de un documento de identidad v\u00e1lido emitido por el gobierno (pasaporte, documento nacional de identidad o permiso de conducir).<\/td>\n<\/tr>\n<tr>\n<td>Sube documentos que confirmen tu domicilio<\/td>\n<td>Proporcione un documento reciente que confirme su direcci\u00f3n, como una factura de servicios p\u00fablicos o un extracto bancario emitido en los \u00faltimos 3 meses.<\/td>\n<\/tr>\n<tr>\n<td>Sube el comprobante de pago.<\/td>\n<td>Sube un documento o una captura de pantalla que confirme la titularidad del m\u00e9todo de pago utilizado para los dep\u00f3sitos.<\/td>\n<\/tr>\n<tr>\n<td>Env\u00ede los documentos para su revisi\u00f3n<\/td>\n<td>Una vez que hayas subido todos los documentos, env\u00edalos para su revisi\u00f3n a trav\u00e9s de la p\u00e1gina de verificaci\u00f3n.<\/td>\n<\/tr>\n<tr>\n<td>Revisi\u00f3n de la verificaci\u00f3n<\/td>\n<td>Nuestro equipo revisa los documentos en un plazo de 48 horas.<\/td>\n<\/tr>\n<tr>\n<td>Confirmaci\u00f3n de la verificaci\u00f3n<\/td>\n<td>Recibir\u00e1 una notificaci\u00f3n una vez que su cuenta haya sido verificada y los retiros est\u00e9n completamente habilitados.<\/td>\n<\/tr>\n<\/tbody>\n<\/table>\n<h2>Inicie sesi\u00f3n en su cuenta<\/h2>\n<p>Si ya tiene una cuenta en nuestro sitio web o en la aplicaci\u00f3n m\u00f3vil, le resultar\u00e1 a\u00fan m\u00e1s f\u00e1cil. Solo tiene que completar el proceso de inicio de sesi\u00f3n en Manekispin. Para ello, introduzca su direcci\u00f3n de correo electr\u00f3nico y la contrase\u00f1a que cre\u00f3 durante el registro en la secci\u00f3n de inicio de sesi\u00f3n. Si ha habilitado la autenticaci\u00f3n de dos factores, tambi\u00e9n deber\u00e1 verificar su identidad mediante SMS o una aplicaci\u00f3n independiente.<\/p>\n<p>Siempre puede cambiar su informaci\u00f3n personal o de pago en la configuraci\u00f3n de la cuenta. Pero si ha olvidado su contrase\u00f1a al iniciar sesi\u00f3n, no hay problema, ya que ofrecemos la opci\u00f3n de restablecimiento de contrase\u00f1a de Manekispin. Puede hacerlo a trav\u00e9s del enlace \u00ab\u00bfHa olvidado su contrase\u00f1a?\u00bb de la p\u00e1gina de inicio de sesi\u00f3n, introduciendo su direcci\u00f3n de correo electr\u00f3nico. Recibir\u00e1s un enlace de restablecimiento y podr\u00e1s crear una nueva. Los jugadores pueden ponerse en contacto con nuestro equipo de asistencia multiling\u00fce si tienen alguna pregunta sobre el inicio de sesi\u00f3n en Manekispin.<\/p>\n<h2>Preguntas frecuentes<\/h2>\n<h3>\u00bfCu\u00e1nto tiempo tardar\u00e1 en verificarse mi cuenta?<\/h3>\n<p>Despu\u00e9s de subir y confirmar los documentos, nuestros gestores los revisar\u00e1n en un plazo de 48 horas. Una vez que hayan terminado, recibir\u00e1s una confirmaci\u00f3n mediante una notificaci\u00f3n push y un correo electr\u00f3nico.<\/p>\n<h3>\u00bfSe mantendr\u00e1 segura toda la informaci\u00f3n personal proporcionada?<\/h3>\n<p>Garantizamos que toda su informaci\u00f3n personal y de pago est\u00e1 segura con Manekispin Casino. Utilizamos encriptaci\u00f3n SSL avanzada para proteger sus datos y todos los procesos del sitio web.<\/p>\n<h3>\u00bfQu\u00e9 debo hacer si no puedo acceder a mi cuenta de Manekispin Casino?<\/h3>\n<p>Compruebe que ha introducido la direcci\u00f3n de correo electr\u00f3nico y la contrase\u00f1a correctas. Deben ser las que cre\u00f3 al registrarse. P\u00f3ngase en contacto con el servicio de asistencia de Maneki Spin Casino a trav\u00e9s del chat en vivo o por correo electr\u00f3nico para obtener ayuda.<\/p>\n<\/div><\/div><\/p>\n","protected":false},"excerpt":{"rendered":"<p>Inicio de sesi\u00f3n y registro en Manekispin Para empezar a jugar con dinero real y acceder a todas las fant\u00e1sticas funciones de nuestro casino online, los usuarios espa\u00f1oles deben completar el proceso de Manekispin login. Todas las personas mayores de 18 a\u00f1os que a\u00fan no tengan una cuenta en nuestra plataforma pueden registrarse. Es un [&hellip;]<\/p>\n","protected":false},"author":1,"featured_media":0,"parent":0,"menu_order":0,"comment_status":"closed","ping_status":"closed","template":"template-builder.php","meta":{"_acf_changed":false,"inline_featured_image":false,"footnotes":""},"class_list":["post-1475","page","type-page","status-publish","hentry"],"acf":[],"yoast_head":"<!-- This site is optimized with the Yoast SEO plugin v27.3 - https:\/\/yoast.com\/product\/yoast-seo-wordpress\/ -->\n<title>Manekispin Login | Acceso y registro seguros de la cuenta<\/title>\n<meta name=\"description\" content=\"Utilice su Maneki Spin Casino login o reg\u00edstrese en segundos. Gestione sus dep\u00f3sitos, bonos y el proceso de verificaci\u00f3n. Consulte las promociones y disfrute de un juego seguro con soporte 24\/7.\" \/>\n<meta name=\"robots\" content=\"index, follow, max-snippet:-1, max-image-preview:large, max-video-preview:-1\" \/>\n<link rel=\"canonical\" href=\"https:\/\/manekispincasino.com\/es\/inicio-de-sesion-y-registro\/\" \/>\n<meta property=\"og:locale\" content=\"es_ES\" \/>\n<meta property=\"og:type\" content=\"article\" \/>\n<meta property=\"og:title\" content=\"Manekispin Login | Acceso y registro seguros de la cuenta\" \/>\n<meta property=\"og:description\" content=\"Utilice su Maneki Spin Casino login o reg\u00edstrese en segundos. Gestione sus dep\u00f3sitos, bonos y el proceso de verificaci\u00f3n. Consulte las promociones y disfrute de un juego seguro con soporte 24\/7.\" \/>\n<meta property=\"og:url\" content=\"https:\/\/manekispincasino.com\/es\/inicio-de-sesion-y-registro\/\" \/>\n<meta property=\"og:site_name\" content=\"manekispin\" \/>\n<meta property=\"article:modified_time\" content=\"2026-01-20T10:36:32+00:00\" \/>\n<meta name=\"twitter:card\" content=\"summary_large_image\" \/>\n<meta name=\"twitter:label1\" content=\"Est. reading time\" \/>\n\t<meta name=\"twitter:data1\" content=\"1 minute\" \/>\n<script type=\"application\/ld+json\" class=\"yoast-schema-graph\">{\"@context\":\"https:\\\/\\\/schema.org\",\"@graph\":[{\"@type\":\"WebPage\",\"@id\":\"https:\\\/\\\/manekispincasino.com\\\/es\\\/inicio-de-sesion-y-registro\\\/\",\"url\":\"https:\\\/\\\/manekispincasino.com\\\/es\\\/inicio-de-sesion-y-registro\\\/\",\"name\":\"Manekispin Login | Acceso y registro seguros de la cuenta\",\"isPartOf\":{\"@id\":\"https:\\\/\\\/manekispincasino.com\\\/es\\\/#website\"},\"datePublished\":\"2026-01-19T13:53:44+00:00\",\"dateModified\":\"2026-01-20T10:36:32+00:00\",\"description\":\"Utilice su Maneki Spin Casino login o reg\u00edstrese en segundos. Gestione sus dep\u00f3sitos, bonos y el proceso de verificaci\u00f3n. Consulte las promociones y disfrute de un juego seguro con soporte 24\\\/7.\",\"breadcrumb\":{\"@id\":\"https:\\\/\\\/manekispincasino.com\\\/es\\\/inicio-de-sesion-y-registro\\\/#breadcrumb\"},\"inLanguage\":\"es-ES\",\"potentialAction\":[{\"@type\":\"ReadAction\",\"target\":[\"https:\\\/\\\/manekispincasino.com\\\/es\\\/inicio-de-sesion-y-registro\\\/\"]}]},{\"@type\":\"BreadcrumbList\",\"@id\":\"https:\\\/\\\/manekispincasino.com\\\/es\\\/inicio-de-sesion-y-registro\\\/#breadcrumb\",\"itemListElement\":[{\"@type\":\"ListItem\",\"position\":1,\"name\":\"Manekispin\",\"item\":\"https:\\\/\\\/manekispincasino.com\\\/es\\\/\"},{\"@type\":\"ListItem\",\"position\":2,\"name\":\"Inicio de sesi\u00f3n y Registro\"}]},{\"@type\":\"WebSite\",\"@id\":\"https:\\\/\\\/manekispincasino.com\\\/es\\\/#website\",\"url\":\"https:\\\/\\\/manekispincasino.com\\\/es\\\/\",\"name\":\"Manekispin\",\"description\":\"\",\"publisher\":{\"@id\":\"https:\\\/\\\/manekispincasino.com\\\/es\\\/#organization\"},\"potentialAction\":[{\"@type\":\"SearchAction\",\"target\":{\"@type\":\"EntryPoint\",\"urlTemplate\":\"https:\\\/\\\/manekispincasino.com\\\/es\\\/?s={search_term_string}\"},\"query-input\":{\"@type\":\"PropertyValueSpecification\",\"valueRequired\":true,\"valueName\":\"search_term_string\"}}],\"inLanguage\":\"es-ES\"},{\"@type\":\"Organization\",\"@id\":\"https:\\\/\\\/manekispincasino.com\\\/es\\\/#organization\",\"name\":\"Manekispin\",\"url\":\"https:\\\/\\\/manekispincasino.com\\\/es\\\/\",\"logo\":{\"@type\":\"ImageObject\",\"inLanguage\":\"es-ES\",\"@id\":\"https:\\\/\\\/manekispincasino.com\\\/es\\\/#\\\/schema\\\/logo\\\/image\\\/\",\"url\":\"https:\\\/\\\/manekispincasino.com\\\/wp-content\\\/uploads\\\/2026\\\/01\\\/logo.png\",\"contentUrl\":\"https:\\\/\\\/manekispincasino.com\\\/wp-content\\\/uploads\\\/2026\\\/01\\\/logo.png\",\"width\":79,\"height\":24,\"caption\":\"Manekispin\"},\"image\":{\"@id\":\"https:\\\/\\\/manekispincasino.com\\\/es\\\/#\\\/schema\\\/logo\\\/image\\\/\"}}]}<\/script>\n<!-- \/ Yoast SEO plugin. -->","yoast_head_json":{"title":"Manekispin Login | Acceso y registro seguros de la cuenta","description":"Utilice su Maneki Spin Casino login o reg\u00edstrese en segundos. Gestione sus dep\u00f3sitos, bonos y el proceso de verificaci\u00f3n. Consulte las promociones y disfrute de un juego seguro con soporte 24\/7.","robots":{"index":"index","follow":"follow","max-snippet":"max-snippet:-1","max-image-preview":"max-image-preview:large","max-video-preview":"max-video-preview:-1"},"canonical":"https:\/\/manekispincasino.com\/es\/inicio-de-sesion-y-registro\/","og_locale":"es_ES","og_type":"article","og_title":"Manekispin Login | Acceso y registro seguros de la cuenta","og_description":"Utilice su Maneki Spin Casino login o reg\u00edstrese en segundos. Gestione sus dep\u00f3sitos, bonos y el proceso de verificaci\u00f3n. Consulte las promociones y disfrute de un juego seguro con soporte 24\/7.","og_url":"https:\/\/manekispincasino.com\/es\/inicio-de-sesion-y-registro\/","og_site_name":"manekispin","article_modified_time":"2026-01-20T10:36:32+00:00","twitter_card":"summary_large_image","twitter_misc":{"Est. reading time":"1 minute"},"schema":{"@context":"https:\/\/schema.org","@graph":[{"@type":"WebPage","@id":"https:\/\/manekispincasino.com\/es\/inicio-de-sesion-y-registro\/","url":"https:\/\/manekispincasino.com\/es\/inicio-de-sesion-y-registro\/","name":"Manekispin Login | Acceso y registro seguros de la cuenta","isPartOf":{"@id":"https:\/\/manekispincasino.com\/es\/#website"},"datePublished":"2026-01-19T13:53:44+00:00","dateModified":"2026-01-20T10:36:32+00:00","description":"Utilice su Maneki Spin Casino login o reg\u00edstrese en segundos. Gestione sus dep\u00f3sitos, bonos y el proceso de verificaci\u00f3n. Consulte las promociones y disfrute de un juego seguro con soporte 24\/7.","breadcrumb":{"@id":"https:\/\/manekispincasino.com\/es\/inicio-de-sesion-y-registro\/#breadcrumb"},"inLanguage":"es-ES","potentialAction":[{"@type":"ReadAction","target":["https:\/\/manekispincasino.com\/es\/inicio-de-sesion-y-registro\/"]}]},{"@type":"BreadcrumbList","@id":"https:\/\/manekispincasino.com\/es\/inicio-de-sesion-y-registro\/#breadcrumb","itemListElement":[{"@type":"ListItem","position":1,"name":"Manekispin","item":"https:\/\/manekispincasino.com\/es\/"},{"@type":"ListItem","position":2,"name":"Inicio de sesi\u00f3n y Registro"}]},{"@type":"WebSite","@id":"https:\/\/manekispincasino.com\/es\/#website","url":"https:\/\/manekispincasino.com\/es\/","name":"Manekispin","description":"","publisher":{"@id":"https:\/\/manekispincasino.com\/es\/#organization"},"potentialAction":[{"@type":"SearchAction","target":{"@type":"EntryPoint","urlTemplate":"https:\/\/manekispincasino.com\/es\/?s={search_term_string}"},"query-input":{"@type":"PropertyValueSpecification","valueRequired":true,"valueName":"search_term_string"}}],"inLanguage":"es-ES"},{"@type":"Organization","@id":"https:\/\/manekispincasino.com\/es\/#organization","name":"Manekispin","url":"https:\/\/manekispincasino.com\/es\/","logo":{"@type":"ImageObject","inLanguage":"es-ES","@id":"https:\/\/manekispincasino.com\/es\/#\/schema\/logo\/image\/","url":"https:\/\/manekispincasino.com\/wp-content\/uploads\/2026\/01\/logo.png","contentUrl":"https:\/\/manekispincasino.com\/wp-content\/uploads\/2026\/01\/logo.png","width":79,"height":24,"caption":"Manekispin"},"image":{"@id":"https:\/\/manekispincasino.com\/es\/#\/schema\/logo\/image\/"}}]}},"_links":{"self":[{"href":"https:\/\/manekispincasino.com\/es\/wp-json\/wp\/v2\/pages\/1475","targetHints":{"allow":["GET"]}}],"collection":[{"href":"https:\/\/manekispincasino.com\/es\/wp-json\/wp\/v2\/pages"}],"about":[{"href":"https:\/\/manekispincasino.com\/es\/wp-json\/wp\/v2\/types\/page"}],"author":[{"embeddable":true,"href":"https:\/\/manekispincasino.com\/es\/wp-json\/wp\/v2\/users\/1"}],"replies":[{"embeddable":true,"href":"https:\/\/manekispincasino.com\/es\/wp-json\/wp\/v2\/comments?post=1475"}],"version-history":[{"count":1,"href":"https:\/\/manekispincasino.com\/es\/wp-json\/wp\/v2\/pages\/1475\/revisions"}],"predecessor-version":[{"id":1807,"href":"https:\/\/manekispincasino.com\/es\/wp-json\/wp\/v2\/pages\/1475\/revisions\/1807"}],"wp:attachment":[{"href":"https:\/\/manekispincasino.com\/es\/wp-json\/wp\/v2\/media?parent=1475"}],"curies":[{"name":"wp","href":"https:\/\/api.w.org\/{rel}","templated":true}]}}