{"id":1428,"date":"2026-01-19T13:46:35","date_gmt":"2026-01-19T13:46:35","guid":{"rendered":"https:\/\/manekispincasino.com\/app\/"},"modified":"2026-01-20T09:55:26","modified_gmt":"2026-01-20T09:55:26","slug":"app","status":"publish","type":"page","link":"https:\/\/manekispincasino.com\/fr\/app\/","title":{"rendered":"App"},"content":{"rendered":"<h1>Manekispin application mobile pour iOS et Android<\/h1>\n<p>Manekispin App vous permet de rester connect\u00e9 o\u00f9 que vous soyez. Vous n&rsquo;\u00eates d\u00e9sormais plus limit\u00e9 par votre domicile ou l&#8217;emplacement de votre ordinateur. Nous vous offrons une exp\u00e9rience de casino en ligne compl\u00e8te directement sur votre smartphone ou votre tablette. Choisissez entre une version navigateur et un logiciel d\u00e9di\u00e9. Nous vous garantissons que les deux vous permettent d&rsquo;acc\u00e9der \u00e0 tous les titres et fonctionnalit\u00e9s disponibles sur ordinateur.<\/p>\n<p><div class=\"banner-wrap\" aria-label=\"Banner\"><img src=\"https:\/\/manekispincasino.com\/wp-content\/uploads\/2026\/01\/Manekispin-banner-carousel-800\u0445400-6.webp\" class=\"w-100 d-none d-lg-block img-pc main-banner-img\" alt=\"Manekispin desktop banner\" fetchpriority=\"high\" decoding=\"async\"><img src=\"https:\/\/manekispincasino.com\/wp-content\/uploads\/2026\/01\/Manekispin-mobile-banner.webp\" class=\"w-100 d-none d-md-block d-lg-none main-banner-img\" alt=\"Manekispin mobile banner\" fetchpriority=\"high\" decoding=\"async\"><img src=\"https:\/\/manekispincasino.com\/wp-content\/uploads\/2026\/01\/Manekispin-mobile-banner.webp\" class=\"w-100 d-md-none\" alt=\"Manekispin mobile banner\" fetchpriority=\"high\" decoding=\"async\"><div class=\"banner-description\">\n<div class=\"banner-title\">Bonus de bienvenue<\/div>\n<p class=\"banner-header-title\">1500 \u20ac<\/p>\n<div class=\"banner-header-AdditionalText\">+ 250 Tours gratuits<\/div>\n<button data-item=\"homepage_banner_link\" class=\"goto m-button m-gradient-border m-button--primary m-button--large banner-button btn-orange\">\n            <div class=\"m-button-content\">\n                <span>Inscrivez-vous d\u00e8s maintenant<\/span>\n                <span><\/span>\n            <\/div>\n        <\/button>\n<\/div>\n<div class=\"WelcomePack\">\n<p><img loading=\"lazy\" decoding=\"async\" class=\"alignnone size-full wp-image-1359\" src=\"https:\/\/manekispincasino.com\/wp-content\/uploads\/2026\/01\/welcome-crown.png\" alt=\"crown\" width=\"25\" height=\"26\" \/><\/p>\n<div class=\"WelcomePack-Info\">Cashback hebdomadaire jusqu&rsquo;\u00e0 25 %<\/div>\n<p><img loading=\"lazy\" decoding=\"async\" class=\"alignnone size-full wp-image-1359\" src=\"https:\/\/manekispincasino.com\/wp-content\/uploads\/2026\/01\/welcome-crown.png\" alt=\"crown\" width=\"25\" height=\"26\" \/><\/p>\n<\/div>\n<\/div><div class=\"scrollable-content-wrap my-5\"><div class=\"scrollable-content-inner\"><h2>Manekispin sur Mac ou Windows<\/h2>\n<p>Un ordinateur avec son grand \u00e9cran reste une option pratique pour tous nos nouveaux utilisateurs et nos utilisateurs r\u00e9guliers. Maneki Spin Casino est compatible avec tous les PC et ordinateurs portables modernes. Le design, la navigation et les jeux s&rsquo;adaptent parfaitement \u00e0 la taille de votre \u00e9cran.<\/p>\n<p>Vous pouvez jouer \u00e0 vos jeux pr\u00e9f\u00e9r\u00e9s dans votre navigateur pr\u00e9f\u00e9r\u00e9 sur un appareil Mac ou Windows. Pour un acc\u00e8s plus rapide, vous pouvez \u00e9pingler la page Web dans votre navigateur ou cr\u00e9er une ic\u00f4ne de raccourci. Cela vous permettra de visiter le site Web en un seul clic directement depuis l&rsquo;\u00e9cran d&rsquo;accueil.<\/p>\n<p>Si vous souhaitez combiner plusieurs appareils et jouer depuis un PC, un smartphone ou une tablette, selon la situation, cela est \u00e9galement possible avec Manekispin. Apr\u00e8s vous \u00eatre connect\u00e9 \u00e0 votre compte, toutes vos r\u00e9alisations et tous vos param\u00e8tres seront synchronis\u00e9s sur tous vos appareils.<\/p>\n<p><img loading=\"lazy\" decoding=\"async\" src=\"https:\/\/manekispincasino.com\/wp-content\/uploads\/2026\/01\/Manekispin-Desktop.webp\" alt=\"Manekispin Desktop\" width=\"1248\" height=\"536\" \/><\/p>\n<\/div><\/div><div style=\"clear: both\"><\/div><div class=\"d-flex justify-content-center\"><button data-item=\"decouvrez_link\" data-group=\"website_links\" class=\"goto fw-bold rounded-pill btn btn-orange\" aria-label=\"T\u00e9l\u00e9chargez l&#039;application Manekispin\" >T\u00e9l\u00e9chargez l&#039;application Manekispin<\/button><\/div><div class=\"scrollable-content-wrap my-5\"><div class=\"scrollable-content-inner\"><h2>App Manekispin pour appareils Android<\/h2>\n<p>Toute personne disposant d&rsquo;un appareil Android peut acc\u00e9der \u00e0 la version mobile sans restriction. Les utilisateurs peuvent facilement visiter notre site Web \u00e0 l&rsquo;aide de n&rsquo;importe quel navigateur mobile, tel que Google Chrome. Tous vos jeux pr\u00e9f\u00e9r\u00e9s, y compris les machines \u00e0 sous en ligne, les jeux de table, les options avec croupier en direct et les jeux \u00e0 gains instantan\u00e9s, seront disponibles sur un smartphone ou une tablette Android.<\/p>\n<p>Le logiciel mobile Manekispin Casino est con\u00e7u comme une application web progressive (PWA). Cela signifie que le casino mobile utilise uniquement des donn\u00e9es mises en cache et ne consomme pas d&rsquo;espace de stockage sur votre appareil. Le chargement et le gameplay sont fluides et rapides.<\/p>\n<h3>Installation de l&rsquo;application<\/h3>\n<p>Le processus d&rsquo;installation simple est disponible sur notre site Web. Nous v\u00e9rifions r\u00e9guli\u00e8rement l&rsquo;application Manekispin et pouvons garantir qu&rsquo;elle est sans danger pour votre appareil. Vous trouverez ci-dessous les instructions d&rsquo;installation :<\/p>\n<ol>\n<li>Acc\u00e9dez au bas de notre site Web sur n&rsquo;importe quel appareil mobile.<\/li>\n<li>Recherchez et cliquez sur le bouton \u00ab Application Casino \u00bb.<\/li>\n<li>Dans la nouvelle page qui s&rsquo;affiche, s\u00e9lectionnez \u00ab Installer \u00bb au milieu de l&rsquo;\u00e9cran.<\/li>\n<li>Avec une connexion Internet stable, l&rsquo;installation ne prendra que quelques minutes.<\/li>\n<li>Une fois le processus termin\u00e9, vous verrez l&rsquo;ic\u00f4ne de la marque Maneki Spin Casino sur votre \u00e9cran d&rsquo;accueil. Pour commencer \u00e0 jouer avec de l&rsquo;argent r\u00e9el, inscrivez-vous et connectez-vous \u00e0 votre compte.<\/li>\n<\/ol>\n<p><img loading=\"lazy\" decoding=\"async\" src=\"https:\/\/manekispincasino.com\/wp-content\/uploads\/2026\/01\/Manekispin-Android-App.webp\" alt=\"Manekispin Android App\" width=\"1248\" height=\"536\" \/><\/p>\n<\/div><\/div><div style=\"clear: both\"><\/div><div class=\"d-flex justify-content-center\"><button data-item=\"decouvrez_link\" data-group=\"website_links\" class=\"goto fw-bold rounded-pill btn btn-orange\" aria-label=\"T\u00e9l\u00e9charger Manekispin\" >T\u00e9l\u00e9charger Manekispin<\/button><\/div><div class=\"scrollable-content-wrap my-5\"><div class=\"scrollable-content-inner\"><h2>Application mobile pour iPhone et iPad<\/h2>\n<p>Tous les utilisateurs iOS de Manekispin ont \u00e9galement la possibilit\u00e9 de jouer \u00e0 tous leurs jeux pr\u00e9f\u00e9r\u00e9s lors de leurs d\u00e9placements. Nous vous garantissons que vous b\u00e9n\u00e9ficierez d&rsquo;une satisfaction identique, voire sup\u00e9rieure, tout au long du processus. L&rsquo;inscription et la connexion sont disponibles sur les appareils mobiles. De plus, vous devez effectuer le processus de v\u00e9rification avant le premier retrait.<\/p>\n<p>Vous pouvez utiliser la version navigateur de la plateforme sur votre iPhone ou iPad. Aucun t\u00e9l\u00e9chargement suppl\u00e9mentaire n&rsquo;est n\u00e9cessaire. Si vous rencontrez des probl\u00e8mes avec la version mobile, vous pouvez toujours contacter notre \u00e9quipe d&rsquo;assistance via le chat en direct ou par e-mail. Nos responsables examineront votre demande et vous proposeront une solution.<\/p>\n<h3>Configurer l&rsquo;application iOS<\/h3>\n<p>Pour acc\u00e9der plus rapidement au site Web sur votre appareil mobile, vous pouvez installer un raccourci sur l&rsquo;\u00e9cran d&rsquo;accueil. Cela peut \u00eatre fait dans les param\u00e8tres de n&rsquo;importe quel navigateur moderne en s\u00e9lectionnant l&rsquo;option \u00ab Ajouter \u00e0 l&rsquo;\u00e9cran d&rsquo;accueil \u00bb ou via l&rsquo;application Raccourcis pour iPhone et iPad.<\/p>\n<p>Pour un processus plus personnalis\u00e9, vous pouvez installer l&rsquo;application Manekispin depuis notre plateforme. Elle vous permettra de recevoir des notifications push et d&rsquo;acc\u00e9der \u00e0 des offres exclusives r\u00e9serv\u00e9es aux joueurs mobiles.<\/p>\n<p><img loading=\"lazy\" decoding=\"async\" src=\"https:\/\/manekispincasino.com\/wp-content\/uploads\/2026\/01\/Manekispin-iOS-App.webp\" alt=\"Manekispin iOS App\" width=\"1248\" height=\"536\" \/><\/p>\n<\/div><\/div><div style=\"clear: both\"><\/div><div class=\"d-flex justify-content-center\"><button data-item=\"decouvrez_link\" data-group=\"website_links\" class=\"goto fw-bold rounded-pill btn btn-orange\" aria-label=\"T\u00e9l\u00e9chargez l&#039;application Manekispin\" >T\u00e9l\u00e9chargez l&#039;application Manekispin<\/button><\/div><\/p>\n<h2>Avantages de l&rsquo;app Maneki Spin<\/h2>\n<p>Dans le monde moderne, il est difficile d&rsquo;imaginer un site web sans version mobile ou application mobile d\u00e9di\u00e9e. Chez Manekispin Casino, plus de la moiti\u00e9 des utilisateurs pr\u00e9f\u00e8rent utiliser leur smartphone ou leur tablette pour profiter du jeu. C&rsquo;est pourquoi il \u00e9tait essentiel pour nous de cr\u00e9er une option pratique qui ne soit pas inf\u00e9rieure \u00e0 la version principale pour PC.<\/p>\n<p>Nous proposons \u00e0 nos clients deux fa\u00e7ons de jouer sur mobile : une version navigateur et l&rsquo;application Manekispin Casino. Vous avez acc\u00e8s \u00e0 l&rsquo;ensemble de la collection de jeux sans perdre la progression que vous avez r\u00e9alis\u00e9e sur PC. Le tableau ci-dessous pr\u00e9sente les principaux avantages du logiciel mobile pour Android et iOS.<\/p>\n<table>\n<tbody>\n<tr>\n<td>Fonctionnalit\u00e9<\/td>\n<td>Description<\/td>\n<\/tr>\n<tr>\n<td>Mises \u00e0 jour<\/td>\n<td>Les mises \u00e0 jour sont effectu\u00e9es instantan\u00e9ment sans aucune intervention de votre part.<\/td>\n<\/tr>\n<tr>\n<td>Prise en charge multiplateforme<\/td>\n<td>Fonctionne sur Android, iOS, Windows et macOS \u00e0 l&rsquo;aide de la m\u00eame technologie Web.<\/td>\n<\/tr>\n<tr>\n<td>Notifications push<\/td>\n<td>Prend en charge les alertes en temps r\u00e9el pour les actualit\u00e9s.<\/td>\n<\/tr>\n<tr>\n<td>Acc\u00e8s<\/td>\n<td>Se lance directement depuis l&rsquo;\u00e9cran d&rsquo;accueil de l&rsquo;appareil.<\/td>\n<\/tr>\n<tr>\n<td>Int\u00e9gration de la s\u00e9curit\u00e9<\/td>\n<td>Utilise la s\u00e9curit\u00e9 au niveau du navigateur, le cryptage HTTPS et l&rsquo;ex\u00e9cution en mode sandbox.<\/td>\n<\/tr>\n<tr>\n<td>Efficacit\u00e9 des donn\u00e9es<\/td>\n<td>Con\u00e7u pour consommer moins de donn\u00e9es mobiles que la version navigateur.<\/td>\n<\/tr>\n<tr>\n<td>Compatibilit\u00e9 des appareils<\/td>\n<td>S&rsquo;adapte automatiquement aux diff\u00e9rentes tailles et r\u00e9solutions d&rsquo;\u00e9cran.<\/td>\n<\/tr>\n<\/tbody>\n<\/table>\n<div class=\"scrollable-content-wrap my-5\"><div class=\"scrollable-content-inner\"><h2>FAQ<\/h2>\n<h3>Comment puis-je mettre \u00e0 jour l&rsquo;application ?<\/h3>\n<p>L&rsquo;application Maneki Spin se met \u00e0 jour automatiquement sans aucune action suppl\u00e9mentaire de votre part. En cas de modifications importantes n\u00e9cessitant l&rsquo;installation d&rsquo;une nouvelle version, nous vous en informerons par notification push et par e-mail.<\/p>\n<h3>Tous les jeux et toutes les fonctionnalit\u00e9s sont-ils disponibles sur mobile ?<\/h3>\n<p>Les plus de 6 000 titres sont disponibles dans la version mobile de Manekispin Casino. Ils sont tous optimis\u00e9s pour les petits \u00e9crans et offrent une exp\u00e9rience de jeu de haute qualit\u00e9. Toutes les autres fonctionnalit\u00e9s, telles que les promotions, les paiements, les param\u00e8tres du compte et bien plus encore, sont disponibles dans l&rsquo;application.<\/p>\n<h3>Est-ce s\u00e9curis\u00e9 pour moi d&rsquo;utiliser l&rsquo;application Manekispin ?<\/h3>\n<p>Notre casino en ligne prend tr\u00e8s au s\u00e9rieux la s\u00e9curit\u00e9 de ses clients et de leurs donn\u00e9es. Nous testons r\u00e9guli\u00e8rement la version mobile et l&rsquo;application. Toutes vos informations personnelles et bancaires sont crypt\u00e9es. Pour une protection accrue, vous pouvez activer l&rsquo;authentification \u00e0 deux facteurs dans les param\u00e8tres de votre compte.<\/p>\n<\/div><\/div>\n","protected":false},"excerpt":{"rendered":"<p>Manekispin application mobile pour iOS et Android Manekispin App vous permet de rester connect\u00e9 o\u00f9 que vous soyez. Vous n&rsquo;\u00eates d\u00e9sormais plus limit\u00e9 par votre domicile ou l&#8217;emplacement de votre ordinateur. Nous vous offrons une exp\u00e9rience de casino en ligne compl\u00e8te directement sur votre smartphone ou votre tablette. Choisissez entre une version navigateur et un [&hellip;]<\/p>\n","protected":false},"author":1,"featured_media":0,"parent":0,"menu_order":0,"comment_status":"closed","ping_status":"closed","template":"template-builder.php","meta":{"_acf_changed":false,"inline_featured_image":false,"footnotes":""},"class_list":["post-1428","page","type-page","status-publish","hentry"],"acf":[],"yoast_head":"<!-- This site is optimized with the Yoast SEO plugin v27.3 - https:\/\/yoast.com\/product\/yoast-seo-wordpress\/ -->\n<title>Manekispin App | Casino mobile Android et iOS<\/title>\n<meta name=\"description\" content=\"Jouez aux machines \u00e0 sous, aux jackpots et aux jeux avec croupiers en direct o\u00f9 que vous soyez gr\u00e2ce \u00e0 Maneki Spin App. Rapide, s\u00e9curis\u00e9e et optimis\u00e9e pour tous les appareils. T\u00e9l\u00e9chargez-la maintenant !\" \/>\n<meta name=\"robots\" content=\"index, follow, max-snippet:-1, max-image-preview:large, max-video-preview:-1\" \/>\n<link rel=\"canonical\" href=\"https:\/\/manekispincasino.com\/fr\/app\/\" \/>\n<meta property=\"og:locale\" content=\"fr_FR\" \/>\n<meta property=\"og:type\" content=\"article\" \/>\n<meta property=\"og:title\" content=\"Manekispin App | Casino mobile Android et iOS\" \/>\n<meta property=\"og:description\" content=\"Jouez aux machines \u00e0 sous, aux jackpots et aux jeux avec croupiers en direct o\u00f9 que vous soyez gr\u00e2ce \u00e0 Maneki Spin App. Rapide, s\u00e9curis\u00e9e et optimis\u00e9e pour tous les appareils. T\u00e9l\u00e9chargez-la maintenant !\" \/>\n<meta property=\"og:url\" content=\"https:\/\/manekispincasino.com\/fr\/app\/\" \/>\n<meta property=\"og:site_name\" content=\"manekispin\" \/>\n<meta property=\"article:modified_time\" content=\"2026-01-20T09:55:26+00:00\" \/>\n<meta name=\"twitter:card\" content=\"summary_large_image\" \/>\n<meta name=\"twitter:label1\" content=\"Dur\u00e9e de lecture estim\u00e9e\" \/>\n\t<meta name=\"twitter:data1\" content=\"2 minutes\" \/>\n<script type=\"application\/ld+json\" class=\"yoast-schema-graph\">{\"@context\":\"https:\\\/\\\/schema.org\",\"@graph\":[{\"@type\":\"WebPage\",\"@id\":\"https:\\\/\\\/manekispincasino.com\\\/fr\\\/app\\\/\",\"url\":\"https:\\\/\\\/manekispincasino.com\\\/fr\\\/app\\\/\",\"name\":\"Manekispin App | Casino mobile Android et iOS\",\"isPartOf\":{\"@id\":\"https:\\\/\\\/manekispincasino.com\\\/fr\\\/#website\"},\"datePublished\":\"2026-01-19T13:46:35+00:00\",\"dateModified\":\"2026-01-20T09:55:26+00:00\",\"description\":\"Jouez aux machines \u00e0 sous, aux jackpots et aux jeux avec croupiers en direct o\u00f9 que vous soyez gr\u00e2ce \u00e0 Maneki Spin App. Rapide, s\u00e9curis\u00e9e et optimis\u00e9e pour tous les appareils. T\u00e9l\u00e9chargez-la maintenant !\",\"breadcrumb\":{\"@id\":\"https:\\\/\\\/manekispincasino.com\\\/fr\\\/app\\\/#breadcrumb\"},\"inLanguage\":\"fr-FR\",\"potentialAction\":[{\"@type\":\"ReadAction\",\"target\":[\"https:\\\/\\\/manekispincasino.com\\\/fr\\\/app\\\/\"]}]},{\"@type\":\"BreadcrumbList\",\"@id\":\"https:\\\/\\\/manekispincasino.com\\\/fr\\\/app\\\/#breadcrumb\",\"itemListElement\":[{\"@type\":\"ListItem\",\"position\":1,\"name\":\"Manekispin\",\"item\":\"https:\\\/\\\/manekispincasino.com\\\/fr\\\/\"},{\"@type\":\"ListItem\",\"position\":2,\"name\":\"App\"}]},{\"@type\":\"WebSite\",\"@id\":\"https:\\\/\\\/manekispincasino.com\\\/fr\\\/#website\",\"url\":\"https:\\\/\\\/manekispincasino.com\\\/fr\\\/\",\"name\":\"Manekispin\",\"description\":\"\",\"publisher\":{\"@id\":\"https:\\\/\\\/manekispincasino.com\\\/fr\\\/#organization\"},\"potentialAction\":[{\"@type\":\"SearchAction\",\"target\":{\"@type\":\"EntryPoint\",\"urlTemplate\":\"https:\\\/\\\/manekispincasino.com\\\/fr\\\/?s={search_term_string}\"},\"query-input\":{\"@type\":\"PropertyValueSpecification\",\"valueRequired\":true,\"valueName\":\"search_term_string\"}}],\"inLanguage\":\"fr-FR\"},{\"@type\":\"Organization\",\"@id\":\"https:\\\/\\\/manekispincasino.com\\\/fr\\\/#organization\",\"name\":\"Manekispin\",\"url\":\"https:\\\/\\\/manekispincasino.com\\\/fr\\\/\",\"logo\":{\"@type\":\"ImageObject\",\"inLanguage\":\"fr-FR\",\"@id\":\"https:\\\/\\\/manekispincasino.com\\\/fr\\\/#\\\/schema\\\/logo\\\/image\\\/\",\"url\":\"https:\\\/\\\/manekispincasino.com\\\/wp-content\\\/uploads\\\/2026\\\/01\\\/logo.png\",\"contentUrl\":\"https:\\\/\\\/manekispincasino.com\\\/wp-content\\\/uploads\\\/2026\\\/01\\\/logo.png\",\"width\":79,\"height\":24,\"caption\":\"Manekispin\"},\"image\":{\"@id\":\"https:\\\/\\\/manekispincasino.com\\\/fr\\\/#\\\/schema\\\/logo\\\/image\\\/\"}}]}<\/script>\n<!-- \/ Yoast SEO plugin. -->","yoast_head_json":{"title":"Manekispin App | Casino mobile Android et iOS","description":"Jouez aux machines \u00e0 sous, aux jackpots et aux jeux avec croupiers en direct o\u00f9 que vous soyez gr\u00e2ce \u00e0 Maneki Spin App. Rapide, s\u00e9curis\u00e9e et optimis\u00e9e pour tous les appareils. T\u00e9l\u00e9chargez-la maintenant !","robots":{"index":"index","follow":"follow","max-snippet":"max-snippet:-1","max-image-preview":"max-image-preview:large","max-video-preview":"max-video-preview:-1"},"canonical":"https:\/\/manekispincasino.com\/fr\/app\/","og_locale":"fr_FR","og_type":"article","og_title":"Manekispin App | Casino mobile Android et iOS","og_description":"Jouez aux machines \u00e0 sous, aux jackpots et aux jeux avec croupiers en direct o\u00f9 que vous soyez gr\u00e2ce \u00e0 Maneki Spin App. Rapide, s\u00e9curis\u00e9e et optimis\u00e9e pour tous les appareils. T\u00e9l\u00e9chargez-la maintenant !","og_url":"https:\/\/manekispincasino.com\/fr\/app\/","og_site_name":"manekispin","article_modified_time":"2026-01-20T09:55:26+00:00","twitter_card":"summary_large_image","twitter_misc":{"Dur\u00e9e de lecture estim\u00e9e":"2 minutes"},"schema":{"@context":"https:\/\/schema.org","@graph":[{"@type":"WebPage","@id":"https:\/\/manekispincasino.com\/fr\/app\/","url":"https:\/\/manekispincasino.com\/fr\/app\/","name":"Manekispin App | Casino mobile Android et iOS","isPartOf":{"@id":"https:\/\/manekispincasino.com\/fr\/#website"},"datePublished":"2026-01-19T13:46:35+00:00","dateModified":"2026-01-20T09:55:26+00:00","description":"Jouez aux machines \u00e0 sous, aux jackpots et aux jeux avec croupiers en direct o\u00f9 que vous soyez gr\u00e2ce \u00e0 Maneki Spin App. Rapide, s\u00e9curis\u00e9e et optimis\u00e9e pour tous les appareils. T\u00e9l\u00e9chargez-la maintenant !","breadcrumb":{"@id":"https:\/\/manekispincasino.com\/fr\/app\/#breadcrumb"},"inLanguage":"fr-FR","potentialAction":[{"@type":"ReadAction","target":["https:\/\/manekispincasino.com\/fr\/app\/"]}]},{"@type":"BreadcrumbList","@id":"https:\/\/manekispincasino.com\/fr\/app\/#breadcrumb","itemListElement":[{"@type":"ListItem","position":1,"name":"Manekispin","item":"https:\/\/manekispincasino.com\/fr\/"},{"@type":"ListItem","position":2,"name":"App"}]},{"@type":"WebSite","@id":"https:\/\/manekispincasino.com\/fr\/#website","url":"https:\/\/manekispincasino.com\/fr\/","name":"Manekispin","description":"","publisher":{"@id":"https:\/\/manekispincasino.com\/fr\/#organization"},"potentialAction":[{"@type":"SearchAction","target":{"@type":"EntryPoint","urlTemplate":"https:\/\/manekispincasino.com\/fr\/?s={search_term_string}"},"query-input":{"@type":"PropertyValueSpecification","valueRequired":true,"valueName":"search_term_string"}}],"inLanguage":"fr-FR"},{"@type":"Organization","@id":"https:\/\/manekispincasino.com\/fr\/#organization","name":"Manekispin","url":"https:\/\/manekispincasino.com\/fr\/","logo":{"@type":"ImageObject","inLanguage":"fr-FR","@id":"https:\/\/manekispincasino.com\/fr\/#\/schema\/logo\/image\/","url":"https:\/\/manekispincasino.com\/wp-content\/uploads\/2026\/01\/logo.png","contentUrl":"https:\/\/manekispincasino.com\/wp-content\/uploads\/2026\/01\/logo.png","width":79,"height":24,"caption":"Manekispin"},"image":{"@id":"https:\/\/manekispincasino.com\/fr\/#\/schema\/logo\/image\/"}}]}},"_links":{"self":[{"href":"https:\/\/manekispincasino.com\/fr\/wp-json\/wp\/v2\/pages\/1428","targetHints":{"allow":["GET"]}}],"collection":[{"href":"https:\/\/manekispincasino.com\/fr\/wp-json\/wp\/v2\/pages"}],"about":[{"href":"https:\/\/manekispincasino.com\/fr\/wp-json\/wp\/v2\/types\/page"}],"author":[{"embeddable":true,"href":"https:\/\/manekispincasino.com\/fr\/wp-json\/wp\/v2\/users\/1"}],"replies":[{"embeddable":true,"href":"https:\/\/manekispincasino.com\/fr\/wp-json\/wp\/v2\/comments?post=1428"}],"version-history":[{"count":3,"href":"https:\/\/manekispincasino.com\/fr\/wp-json\/wp\/v2\/pages\/1428\/revisions"}],"predecessor-version":[{"id":1783,"href":"https:\/\/manekispincasino.com\/fr\/wp-json\/wp\/v2\/pages\/1428\/revisions\/1783"}],"wp:attachment":[{"href":"https:\/\/manekispincasino.com\/fr\/wp-json\/wp\/v2\/media?parent=1428"}],"curies":[{"name":"wp","href":"https:\/\/api.w.org\/{rel}","templated":true}]}}