{"id":1470,"date":"2026-01-19T13:53:44","date_gmt":"2026-01-19T13:53:44","guid":{"rendered":"https:\/\/manekispincasino.com\/login-and-registration\/"},"modified":"2026-01-20T07:18:25","modified_gmt":"2026-01-20T07:18:25","slug":"connexion-et-inscription","status":"publish","type":"page","link":"https:\/\/manekispincasino.com\/fr\/connexion-et-inscription\/","title":{"rendered":"Connexion et inscription"},"content":{"rendered":"<h1>Manekispin connexion et inscription<\/h1>\n<p>Pour commencer \u00e0 jouer avec de l&rsquo;argent r\u00e9el et acc\u00e9der \u00e0 toutes les fonctionnalit\u00e9s sympas de notre casino en ligne, les utilisateurs doivent suivre la proc\u00e9dure de Manekispin login. Toute personne \u00e2g\u00e9e de 18 ans ou plus et ne poss\u00e9dant pas encore de compte sur notre plateforme peut cr\u00e9er un nouveau compte. Il s&rsquo;agit d&rsquo;une proc\u00e9dure simple qui ne prendra pas beaucoup de temps. En g\u00e9n\u00e9ral, les joueurs ont besoin de 3 minutes maximum pour terminer leur inscription.<\/p>\n<p><div class=\"banner-wrap\" aria-label=\"Banner\"><img src=\"https:\/\/manekispincasino.com\/wp-content\/uploads\/2026\/01\/Manekispin-banner-carousel-800\u0445400-6.webp\" class=\"w-100 d-none d-lg-block img-pc main-banner-img\" alt=\"Manekispin desktop banner\" fetchpriority=\"high\" decoding=\"async\"><img src=\"https:\/\/manekispincasino.com\/wp-content\/uploads\/2026\/01\/Manekispin-mobile-banner.webp\" class=\"w-100 d-none d-md-block d-lg-none main-banner-img\" alt=\"Manekispin mobile banner\" fetchpriority=\"high\" decoding=\"async\"><img src=\"https:\/\/manekispincasino.com\/wp-content\/uploads\/2026\/01\/Manekispin-mobile-banner.webp\" class=\"w-100 d-md-none\" alt=\"Manekispin mobile banner\" fetchpriority=\"high\" decoding=\"async\"><div class=\"banner-description\">\n<div class=\"banner-title\">Bonus de bienvenue<\/div>\n<p class=\"banner-header-title\">1500 \u20ac<\/p>\n<div class=\"banner-header-AdditionalText\">+ 250 Tours gratuits<\/div>\n<button data-item=\"homepage_banner_link\" class=\"goto m-button m-gradient-border m-button--primary m-button--large banner-button btn-orange\">\n            <div class=\"m-button-content\">\n                <span>Inscrivez-vous d\u00e8s maintenant<\/span>\n                <span><\/span>\n            <\/div>\n        <\/button>\n<\/div>\n<div class=\"WelcomePack\">\n<p><img loading=\"lazy\" decoding=\"async\" class=\"alignnone size-full wp-image-1359\" src=\"https:\/\/manekispincasino.com\/wp-content\/uploads\/2026\/01\/welcome-crown.png\" alt=\"crown\" width=\"25\" height=\"26\" \/><\/p>\n<div class=\"WelcomePack-Info\">Cashback hebdomadaire jusqu&rsquo;\u00e0 25 %<\/div>\n<p><img loading=\"lazy\" decoding=\"async\" class=\"alignnone size-full wp-image-1359\" src=\"https:\/\/manekispincasino.com\/wp-content\/uploads\/2026\/01\/welcome-crown.png\" alt=\"crown\" width=\"25\" height=\"26\" \/><\/p>\n<\/div>\n<\/div><div class=\"scrollable-content-wrap my-5\"><div class=\"scrollable-content-inner\"><h2>Cr\u00e9er un compte avec Manekispin Casino<\/h2>\n<p>Nous n&rsquo;exigeons pas des utilisateurs qu&rsquo;ils s&rsquo;inscrivent sur notre plateforme, mais cela vous donnera de nombreux avantages et un acc\u00e8s complet \u00e0 toutes les fonctionnalit\u00e9s. Si vous n&rsquo;avez pas effectu\u00e9 la connexion Manekispin, vous pouvez jouer \u00e0 certains titres en mode d\u00e9mo sans d\u00e9p\u00f4t ni risque. Dans ce cas, vous n&rsquo;avez pas non plus la possibilit\u00e9 de retirer vos gains.<\/p>\n<p>Mais pour choisir parmi des milliers de titres auxquels jouer avec de l&rsquo;argent r\u00e9el, effectuer des d\u00e9p\u00f4ts et des retraits et profiter des promotions, vous devez cr\u00e9er un compte sur Maneki Spin Casino. Cela vous permettra \u00e9galement de personnaliser davantage votre exp\u00e9rience gr\u00e2ce \u00e0 tous les param\u00e8tres de votre profil, notamment les suivants :<\/p>\n<ul>\n<li>Gestion des informations personnelles et des informations de paiement<\/li>\n<li>Outils de jeu responsable<\/li>\n<li>Authentification \u00e0 deux facteurs pour une s\u00e9curit\u00e9 renforc\u00e9e<\/li>\n<li>Historique des activit\u00e9s<\/li>\n<li>Lien vers le programme d&rsquo;affiliation et progression<\/li>\n<\/ul>\n<h3>Comment configurer votre profil<\/h3>\n<p>Comme nous l&rsquo;avons d\u00e9j\u00e0 mentionn\u00e9, l&rsquo;inscription d&rsquo;un nouveau compte sur Manekispin Casino ne prendra pas beaucoup de temps. Le processus est simple, de sorte que m\u00eame les nouveaux venus comprendront tout. Mais si vous rencontrez des difficult\u00e9s, veuillez contacter notre \u00e9quipe d&rsquo;assistance via le chat en direct ou par e-mail. Vous trouverez ci-dessous un guide \u00e9tape par \u00e9tape pour cr\u00e9er un nouveau profil :<\/p>\n<ol>\n<li>Dans le coin sup\u00e9rieur droit de notre site Web, cliquez sur le bouton \u00ab S&rsquo;inscrire \u00bb.<\/li>\n<li>Dans le formulaire qui s&rsquo;affiche, remplissez les champs avec votre adresse e-mail, votre mot de passe et votre code promotionnel si vous en avez un.<\/li>\n<li>Confirmez que vous avez au moins 18 ans et que vous acceptez les r\u00e8gles de la plateforme. Vous pouvez \u00e9galement vous abonner \u00e0 la newsletter.<\/li>\n<li>Apr\u00e8s avoir v\u00e9rifi\u00e9 les informations saisies, cliquez sur le bouton \u00ab S&rsquo;inscrire \u00bb pour confirmer.<\/li>\n<li>Tous les utilisateurs de Manekispin seront invit\u00e9s \u00e0 saisir leurs informations personnelles suppl\u00e9mentaires. Vous pouvez le faire maintenant ou passer cette \u00e9tape et la compl\u00e9ter plus tard.<\/li>\n<\/ol>\n<h2>Processus de v\u00e9rification pour les joueurs Maneki Spin<\/h2>\n<p>Tous nos utilisateurs qui effectuent la connexion Manekispin doivent passer par le processus de v\u00e9rification avant leur premier retrait. Il s&rsquo;agit d&rsquo;une \u00e9tape importante pour assurer la s\u00e9curit\u00e9 de notre plateforme et \u00e9viter toute fraude. Nous devons v\u00e9rifier votre identit\u00e9, votre \u00e2ge, votre adresse personnelle et la propri\u00e9t\u00e9 de votre compte de paiement. Vous devez t\u00e9l\u00e9charger des photos ou des copies de vos documents personnels sur le site web. Vous trouverez dans le tableau ci-dessous de plus amples informations sur le processus de v\u00e9rification KYC.<\/p>\n<table>\n<tbody>\n<tr>\n<td>\u00c9tape<\/td>\n<td>D\u00e9tails<\/td>\n<\/tr>\n<tr>\n<td>Acc\u00e9dez \u00e0 la section de v\u00e9rification<\/td>\n<td>Effectuez la connexion Maneki Spin, puis ouvrez la section de v\u00e9rification dans le menu de votre compte.<\/td>\n<\/tr>\n<tr>\n<td>T\u00e9l\u00e9chargez les documents n\u00e9cessaires pour prouver votre identit\u00e9 et votre \u00e2ge.<\/td>\n<td>Envoyez une photo ou un scan clair d&rsquo;une pi\u00e8ce d&rsquo;identit\u00e9 officielle en cours de validit\u00e9 (passeport, carte d&rsquo;identit\u00e9 nationale ou permis de conduire).<\/td>\n<\/tr>\n<tr>\n<td>T\u00e9l\u00e9chargez les documents qui confirment votre adresse personnelle.<\/td>\n<td>Fournissez un document r\u00e9cent confirmant votre adresse, tel qu&rsquo;une facture de services publics ou un relev\u00e9 bancaire \u00e9mis au cours des trois derniers mois.<\/td>\n<\/tr>\n<tr>\n<td>T\u00e9l\u00e9charger la preuve de paiement<\/td>\n<td>T\u00e9l\u00e9chargez un document ou une capture d&rsquo;\u00e9cran confirmant que vous \u00eates bien le titulaire du moyen de paiement utilis\u00e9 pour les d\u00e9p\u00f4ts.<\/td>\n<\/tr>\n<tr>\n<td>Soumettre pour examen<\/td>\n<td>Une fois tous les documents t\u00e9l\u00e9charg\u00e9s, veuillez les soumettre pour examen via la page de v\u00e9rification.<\/td>\n<\/tr>\n<tr>\n<td>Examen de v\u00e9rification<\/td>\n<td>Notre \u00e9quipe examine les documents dans un d\u00e9lai de 48 heures.<\/td>\n<\/tr>\n<tr>\n<td>Confirmation de v\u00e9rification<\/td>\n<td>Vous recevrez une notification une fois que votre compte aura \u00e9t\u00e9 v\u00e9rifi\u00e9 et que les retraits seront enti\u00e8rement activ\u00e9s.<\/td>\n<\/tr>\n<\/tbody>\n<\/table>\n<h2>Connectez-vous \u00e0 votre compte<\/h2>\n<p>Si vous avez d\u00e9j\u00e0 un compte sur notre site web ou dans l&rsquo;application mobile, ce sera encore plus facile pour vous. Il vous suffit de suivre la proc\u00e9dure de connexion \u00e0 Manekispin. Pour ce faire, entrez votre adresse e-mail et le mot de passe que vous avez cr\u00e9\u00e9 lors de votre inscription dans la section de connexion. Si vous avez activ\u00e9 l&rsquo;authentification \u00e0 deux facteurs, vous devrez \u00e9galement v\u00e9rifier votre identit\u00e9 par SMS ou via une application distincte.<\/p>\n<p>Vous pouvez \u00e0 tout moment modifier vos informations personnelles ou bancaires dans les param\u00e8tres de votre compte. Mais si vous avez oubli\u00e9 votre mot de passe lors de la connexion, ce n&rsquo;est pas un probl\u00e8me, car nous proposons l&rsquo;option r\u00e9initialisation du mot de passe Manekispin. Pour cela, cliquez sur le lien \u00ab Mot de passe oubli\u00e9 ? \u00bb sur la page de connexion et saisissez votre adresse e-mail. Vous recevrez un lien de r\u00e9initialisation et pourrez en cr\u00e9er un nouveau. Les joueurs peuvent contacter notre \u00e9quipe d&rsquo;assistance multilingue pour toute question concernant la connexion \u00e0 Manekispin.<\/p>\n<h2>FAQ<\/h2>\n<h3>Combien de temps faut-il pour v\u00e9rifier mon compte ?<\/h3>\n<p>Une fois les documents t\u00e9l\u00e9charg\u00e9s et confirm\u00e9s, nos responsables les examineront dans un d\u00e9lai de 48 heures. Une fois cette \u00e9tape termin\u00e9e, vous recevrez une confirmation par notification push et par e-mail.<\/p>\n<h3>Toutes les informations personnelles fournies seront-elles conserv\u00e9es en toute s\u00e9curit\u00e9 ?<\/h3>\n<p>Nous garantissons la s\u00e9curit\u00e9 de toutes vos informations personnelles et bancaires sur Manekispin Casino. Nous utilisons un cryptage SSL avanc\u00e9 pour prot\u00e9ger vos donn\u00e9es et tous les processus du site web.<\/p>\n<h3>Que dois-je faire si je ne parviens pas \u00e0 acc\u00e9der \u00e0 mon compte Manekispin Casino ?<\/h3>\n<p>Veuillez v\u00e9rifier que vous avez saisi la bonne adresse e-mail et le bon mot de passe. Il doit s&rsquo;agir de ceux que vous avez cr\u00e9\u00e9s lors de votre inscription. Contactez le service d&rsquo;assistance de Maneki Spin Casino par chat en direct ou par e-mail pour obtenir de l&rsquo;aide.<\/p>\n<\/div><\/div><\/p>\n","protected":false},"excerpt":{"rendered":"<p>Manekispin connexion et inscription Pour commencer \u00e0 jouer avec de l&rsquo;argent r\u00e9el et acc\u00e9der \u00e0 toutes les fonctionnalit\u00e9s sympas de notre casino en ligne, les utilisateurs doivent suivre la proc\u00e9dure de Manekispin login. Toute personne \u00e2g\u00e9e de 18 ans ou plus et ne poss\u00e9dant pas encore de compte sur notre plateforme peut cr\u00e9er un nouveau [&hellip;]<\/p>\n","protected":false},"author":1,"featured_media":0,"parent":0,"menu_order":0,"comment_status":"closed","ping_status":"closed","template":"template-builder.php","meta":{"_acf_changed":false,"inline_featured_image":false,"footnotes":""},"class_list":["post-1470","page","type-page","status-publish","hentry"],"acf":[],"yoast_head":"<!-- This site is optimized with the Yoast SEO plugin v27.3 - https:\/\/yoast.com\/product\/yoast-seo-wordpress\/ -->\n<title>Manekispin Login | Acc\u00e8s s\u00e9curis\u00e9 au compte et inscription<\/title>\n<meta name=\"description\" content=\"Utilisez votre casino Maneki Spin login ou inscrivez-vous en quelques secondes. G\u00e9rez vos d\u00e9p\u00f4ts, bonus et la v\u00e9rification de votre compte. Consultez les promotions et profitez d&#039;une exp\u00e9rience de jeu s\u00e9curis\u00e9e avec une assistance 24\/7.\" \/>\n<meta name=\"robots\" content=\"index, follow, max-snippet:-1, max-image-preview:large, max-video-preview:-1\" \/>\n<link rel=\"canonical\" href=\"https:\/\/manekispincasino.com\/fr\/connexion-et-inscription\/\" \/>\n<meta property=\"og:locale\" content=\"fr_FR\" \/>\n<meta property=\"og:type\" content=\"article\" \/>\n<meta property=\"og:title\" content=\"Manekispin Login | Acc\u00e8s s\u00e9curis\u00e9 au compte et inscription\" \/>\n<meta property=\"og:description\" content=\"Utilisez votre casino Maneki Spin login ou inscrivez-vous en quelques secondes. G\u00e9rez vos d\u00e9p\u00f4ts, bonus et la v\u00e9rification de votre compte. Consultez les promotions et profitez d&#039;une exp\u00e9rience de jeu s\u00e9curis\u00e9e avec une assistance 24\/7.\" \/>\n<meta property=\"og:url\" content=\"https:\/\/manekispincasino.com\/fr\/connexion-et-inscription\/\" \/>\n<meta property=\"og:site_name\" content=\"manekispin\" \/>\n<meta property=\"article:modified_time\" content=\"2026-01-20T07:18:25+00:00\" \/>\n<meta name=\"twitter:card\" content=\"summary_large_image\" \/>\n<meta name=\"twitter:label1\" content=\"Dur\u00e9e de lecture estim\u00e9e\" \/>\n\t<meta name=\"twitter:data1\" content=\"1 minute\" \/>\n<script type=\"application\/ld+json\" class=\"yoast-schema-graph\">{\"@context\":\"https:\\\/\\\/schema.org\",\"@graph\":[{\"@type\":\"WebPage\",\"@id\":\"https:\\\/\\\/manekispincasino.com\\\/fr\\\/connexion-et-inscription\\\/\",\"url\":\"https:\\\/\\\/manekispincasino.com\\\/fr\\\/connexion-et-inscription\\\/\",\"name\":\"Manekispin Login | Acc\u00e8s s\u00e9curis\u00e9 au compte et inscription\",\"isPartOf\":{\"@id\":\"https:\\\/\\\/manekispincasino.com\\\/fr\\\/#website\"},\"datePublished\":\"2026-01-19T13:53:44+00:00\",\"dateModified\":\"2026-01-20T07:18:25+00:00\",\"description\":\"Utilisez votre casino Maneki Spin login ou inscrivez-vous en quelques secondes. G\u00e9rez vos d\u00e9p\u00f4ts, bonus et la v\u00e9rification de votre compte. Consultez les promotions et profitez d'une exp\u00e9rience de jeu s\u00e9curis\u00e9e avec une assistance 24\\\/7.\",\"breadcrumb\":{\"@id\":\"https:\\\/\\\/manekispincasino.com\\\/fr\\\/connexion-et-inscription\\\/#breadcrumb\"},\"inLanguage\":\"fr-FR\",\"potentialAction\":[{\"@type\":\"ReadAction\",\"target\":[\"https:\\\/\\\/manekispincasino.com\\\/fr\\\/connexion-et-inscription\\\/\"]}]},{\"@type\":\"BreadcrumbList\",\"@id\":\"https:\\\/\\\/manekispincasino.com\\\/fr\\\/connexion-et-inscription\\\/#breadcrumb\",\"itemListElement\":[{\"@type\":\"ListItem\",\"position\":1,\"name\":\"Manekispin\",\"item\":\"https:\\\/\\\/manekispincasino.com\\\/fr\\\/\"},{\"@type\":\"ListItem\",\"position\":2,\"name\":\"Connexion et inscription\"}]},{\"@type\":\"WebSite\",\"@id\":\"https:\\\/\\\/manekispincasino.com\\\/fr\\\/#website\",\"url\":\"https:\\\/\\\/manekispincasino.com\\\/fr\\\/\",\"name\":\"Manekispin\",\"description\":\"\",\"publisher\":{\"@id\":\"https:\\\/\\\/manekispincasino.com\\\/fr\\\/#organization\"},\"potentialAction\":[{\"@type\":\"SearchAction\",\"target\":{\"@type\":\"EntryPoint\",\"urlTemplate\":\"https:\\\/\\\/manekispincasino.com\\\/fr\\\/?s={search_term_string}\"},\"query-input\":{\"@type\":\"PropertyValueSpecification\",\"valueRequired\":true,\"valueName\":\"search_term_string\"}}],\"inLanguage\":\"fr-FR\"},{\"@type\":\"Organization\",\"@id\":\"https:\\\/\\\/manekispincasino.com\\\/fr\\\/#organization\",\"name\":\"Manekispin\",\"url\":\"https:\\\/\\\/manekispincasino.com\\\/fr\\\/\",\"logo\":{\"@type\":\"ImageObject\",\"inLanguage\":\"fr-FR\",\"@id\":\"https:\\\/\\\/manekispincasino.com\\\/fr\\\/#\\\/schema\\\/logo\\\/image\\\/\",\"url\":\"https:\\\/\\\/manekispincasino.com\\\/wp-content\\\/uploads\\\/2026\\\/01\\\/logo.png\",\"contentUrl\":\"https:\\\/\\\/manekispincasino.com\\\/wp-content\\\/uploads\\\/2026\\\/01\\\/logo.png\",\"width\":79,\"height\":24,\"caption\":\"Manekispin\"},\"image\":{\"@id\":\"https:\\\/\\\/manekispincasino.com\\\/fr\\\/#\\\/schema\\\/logo\\\/image\\\/\"}}]}<\/script>\n<!-- \/ Yoast SEO plugin. -->","yoast_head_json":{"title":"Manekispin Login | Acc\u00e8s s\u00e9curis\u00e9 au compte et inscription","description":"Utilisez votre casino Maneki Spin login ou inscrivez-vous en quelques secondes. G\u00e9rez vos d\u00e9p\u00f4ts, bonus et la v\u00e9rification de votre compte. Consultez les promotions et profitez d'une exp\u00e9rience de jeu s\u00e9curis\u00e9e avec une assistance 24\/7.","robots":{"index":"index","follow":"follow","max-snippet":"max-snippet:-1","max-image-preview":"max-image-preview:large","max-video-preview":"max-video-preview:-1"},"canonical":"https:\/\/manekispincasino.com\/fr\/connexion-et-inscription\/","og_locale":"fr_FR","og_type":"article","og_title":"Manekispin Login | Acc\u00e8s s\u00e9curis\u00e9 au compte et inscription","og_description":"Utilisez votre casino Maneki Spin login ou inscrivez-vous en quelques secondes. G\u00e9rez vos d\u00e9p\u00f4ts, bonus et la v\u00e9rification de votre compte. Consultez les promotions et profitez d'une exp\u00e9rience de jeu s\u00e9curis\u00e9e avec une assistance 24\/7.","og_url":"https:\/\/manekispincasino.com\/fr\/connexion-et-inscription\/","og_site_name":"manekispin","article_modified_time":"2026-01-20T07:18:25+00:00","twitter_card":"summary_large_image","twitter_misc":{"Dur\u00e9e de lecture estim\u00e9e":"1 minute"},"schema":{"@context":"https:\/\/schema.org","@graph":[{"@type":"WebPage","@id":"https:\/\/manekispincasino.com\/fr\/connexion-et-inscription\/","url":"https:\/\/manekispincasino.com\/fr\/connexion-et-inscription\/","name":"Manekispin Login | Acc\u00e8s s\u00e9curis\u00e9 au compte et inscription","isPartOf":{"@id":"https:\/\/manekispincasino.com\/fr\/#website"},"datePublished":"2026-01-19T13:53:44+00:00","dateModified":"2026-01-20T07:18:25+00:00","description":"Utilisez votre casino Maneki Spin login ou inscrivez-vous en quelques secondes. G\u00e9rez vos d\u00e9p\u00f4ts, bonus et la v\u00e9rification de votre compte. Consultez les promotions et profitez d'une exp\u00e9rience de jeu s\u00e9curis\u00e9e avec une assistance 24\/7.","breadcrumb":{"@id":"https:\/\/manekispincasino.com\/fr\/connexion-et-inscription\/#breadcrumb"},"inLanguage":"fr-FR","potentialAction":[{"@type":"ReadAction","target":["https:\/\/manekispincasino.com\/fr\/connexion-et-inscription\/"]}]},{"@type":"BreadcrumbList","@id":"https:\/\/manekispincasino.com\/fr\/connexion-et-inscription\/#breadcrumb","itemListElement":[{"@type":"ListItem","position":1,"name":"Manekispin","item":"https:\/\/manekispincasino.com\/fr\/"},{"@type":"ListItem","position":2,"name":"Connexion et inscription"}]},{"@type":"WebSite","@id":"https:\/\/manekispincasino.com\/fr\/#website","url":"https:\/\/manekispincasino.com\/fr\/","name":"Manekispin","description":"","publisher":{"@id":"https:\/\/manekispincasino.com\/fr\/#organization"},"potentialAction":[{"@type":"SearchAction","target":{"@type":"EntryPoint","urlTemplate":"https:\/\/manekispincasino.com\/fr\/?s={search_term_string}"},"query-input":{"@type":"PropertyValueSpecification","valueRequired":true,"valueName":"search_term_string"}}],"inLanguage":"fr-FR"},{"@type":"Organization","@id":"https:\/\/manekispincasino.com\/fr\/#organization","name":"Manekispin","url":"https:\/\/manekispincasino.com\/fr\/","logo":{"@type":"ImageObject","inLanguage":"fr-FR","@id":"https:\/\/manekispincasino.com\/fr\/#\/schema\/logo\/image\/","url":"https:\/\/manekispincasino.com\/wp-content\/uploads\/2026\/01\/logo.png","contentUrl":"https:\/\/manekispincasino.com\/wp-content\/uploads\/2026\/01\/logo.png","width":79,"height":24,"caption":"Manekispin"},"image":{"@id":"https:\/\/manekispincasino.com\/fr\/#\/schema\/logo\/image\/"}}]}},"_links":{"self":[{"href":"https:\/\/manekispincasino.com\/fr\/wp-json\/wp\/v2\/pages\/1470","targetHints":{"allow":["GET"]}}],"collection":[{"href":"https:\/\/manekispincasino.com\/fr\/wp-json\/wp\/v2\/pages"}],"about":[{"href":"https:\/\/manekispincasino.com\/fr\/wp-json\/wp\/v2\/types\/page"}],"author":[{"embeddable":true,"href":"https:\/\/manekispincasino.com\/fr\/wp-json\/wp\/v2\/users\/1"}],"replies":[{"embeddable":true,"href":"https:\/\/manekispincasino.com\/fr\/wp-json\/wp\/v2\/comments?post=1470"}],"version-history":[{"count":1,"href":"https:\/\/manekispincasino.com\/fr\/wp-json\/wp\/v2\/pages\/1470\/revisions"}],"predecessor-version":[{"id":1572,"href":"https:\/\/manekispincasino.com\/fr\/wp-json\/wp\/v2\/pages\/1470\/revisions\/1572"}],"wp:attachment":[{"href":"https:\/\/manekispincasino.com\/fr\/wp-json\/wp\/v2\/media?parent=1470"}],"curies":[{"name":"wp","href":"https:\/\/api.w.org\/{rel}","templated":true}]}}