{"id":1433,"date":"2026-01-19T13:46:35","date_gmt":"2026-01-19T13:46:35","guid":{"rendered":"https:\/\/manekispincasino.com\/app\/"},"modified":"2026-01-20T09:23:56","modified_gmt":"2026-01-20T09:23:56","slug":"applicazione","status":"publish","type":"page","link":"https:\/\/manekispincasino.com\/it\/applicazione\/","title":{"rendered":"Applicazione"},"content":{"rendered":"<h1>App Manekispin per iOS e Android<\/h1>\n<p>Manekispin App ti offre la possibilit\u00e0 di giocare online da qualsiasi luogo in Italia. Ora non sarai pi\u00f9 limitato dalla tua casa o dalla posizione del tuo computer. Ti offriamo un&#8217;esperienza di casin\u00f2 online completa direttamente sul tuo smartphone o tablet. Scegli tra la versione browser e il software dedicato. Ti garantiamo che entrambi ti consentono di accedere a tutti i titoli e le funzionalit\u00e0 disponibili sulla versione desktop.<\/p>\n<p><div class=\"banner-wrap\" aria-label=\"Banner\"><img src=\"https:\/\/manekispincasino.com\/wp-content\/uploads\/2026\/01\/Manekispin-banner-carousel-800\u0445400-6.webp\" class=\"w-100 d-none d-lg-block img-pc main-banner-img\" alt=\"Manekispin desktop banner\" fetchpriority=\"high\" decoding=\"async\"><img src=\"https:\/\/manekispincasino.com\/wp-content\/uploads\/2026\/01\/Manekispin-mobile-banner.webp\" class=\"w-100 d-none d-md-block d-lg-none main-banner-img\" alt=\"Manekispin mobile banner\" fetchpriority=\"high\" decoding=\"async\"><img src=\"https:\/\/manekispincasino.com\/wp-content\/uploads\/2026\/01\/Manekispin-mobile-banner.webp\" class=\"w-100 d-md-none\" alt=\"Manekispin mobile banner\" fetchpriority=\"high\" decoding=\"async\"><div class=\"banner-description\">\n<div class=\"banner-title\">Bonus di benvenuto<\/div>\n<p class=\"banner-header-title\">1500 \u20ac<\/p>\n<div class=\"banner-header-AdditionalText\">+ 250 Giri gratuiti<\/div>\n<button data-item=\"homepage_banner_link\" class=\"goto m-button m-gradient-border m-button--primary m-button--large banner-button btn-orange\">\n            <div class=\"m-button-content\">\n                <span>Iscriviti ora<\/span>\n                <span><\/span>\n            <\/div>\n        <\/button>\n<\/div>\n<div class=\"WelcomePack\">\n<p><img loading=\"lazy\" decoding=\"async\" class=\"alignnone size-full wp-image-1359\" src=\"https:\/\/manekispincasino.com\/wp-content\/uploads\/2026\/01\/welcome-crown.png\" alt=\"crown\" width=\"25\" height=\"26\" \/><\/p>\n<div class=\"WelcomePack-Info\">Cashback settimanale fino al 25%<\/div>\n<p><img loading=\"lazy\" decoding=\"async\" class=\"alignnone size-full wp-image-1359\" src=\"https:\/\/manekispincasino.com\/wp-content\/uploads\/2026\/01\/welcome-crown.png\" alt=\"crown\" width=\"25\" height=\"26\" \/><\/p>\n<\/div>\n<\/div><div class=\"scrollable-content-wrap my-5\"><div class=\"scrollable-content-inner\"><h2>Manekispin su Mac o Windows<\/h2>\n<p>Un computer con il suo grande schermo rimane un&#8217;opzione conveniente per tutti i nostri utenti nuovi e abituali. Maneki Spin Casino \u00e8 compatibile con tutti i PC e laptop moderni. Il design, la navigazione e i giochi si adattano perfettamente alle dimensioni del tuo schermo.<\/p>\n<p>Puoi giocare ai tuoi giochi preferiti nel tuo browser preferito su un dispositivo Mac o Windows. Per un accesso pi\u00f9 rapido, puoi aggiungere la pagina web ai preferiti del tuo browser o creare un&#8217;icona di collegamento. Ci\u00f2 ti consentir\u00e0 di visitare il sito web con un solo clic direttamente dalla schermata iniziale.<\/p>\n<p>Se desideri combinare pi\u00f9 dispositivi e giocare da PC, smartphone o tablet, a seconda della situazione, anche questo \u00e8 possibile con Manekispin. Dopo aver effettuato l&#8217;accesso al tuo account, tutti i tuoi risultati e le tue impostazioni saranno sincronizzati su tutti i dispositivi.<\/p>\n<p><img loading=\"lazy\" decoding=\"async\" src=\"https:\/\/manekispincasino.com\/wp-content\/uploads\/2026\/01\/Manekispin-Desktop.webp\" alt=\"Manekispin Desktop\" width=\"1248\" height=\"536\" \/><\/p>\n<\/div><\/div><div style=\"clear: both\"><\/div><div class=\"d-flex justify-content-center\"><button data-item=\"decouvrez_link\" data-group=\"website_links\" class=\"goto fw-bold rounded-pill btn btn-orange\" aria-label=\"Scarica l&#039;app Manekispin\" >Scarica l&#039;app Manekispin<\/button><\/div><div class=\"scrollable-content-wrap my-5\"><div class=\"scrollable-content-inner\"><h2>App Manekispin per dispositivi Android<\/h2>\n<p>Chiunque disponga di un dispositivo Android pu\u00f2 accedere alla versione mobile senza restrizioni. Gli utenti possono visitare facilmente il nostro sito web utilizzando qualsiasi browser mobile, come Google Chrome. Tutti i tuoi giochi preferiti, incluse le slot online, i giochi da tavolo, le opzioni con croupier dal vivo e i giochi a vincita immediata, saranno disponibili su uno smartphone o tablet Android.<\/p>\n<p>Il software mobile di Manekispin Casino \u00e8 costruito come una progressive web app (PWA). Ci\u00f2 significa che il casin\u00f2 mobile utilizza solo dati memorizzati nella cache e non consumer\u00e0 spazio di archiviazione sul tuo dispositivo. Il caricamento e il gameplay sono fluidi e rapidi.<\/p>\n<h3>Installazione dell&#8217;applicazione<\/h3>\n<p>Il semplice processo di installazione \u00e8 disponibile sul nostro sito web. Controlliamo regolarmente l&#8217;app Manekispin e possiamo garantire che \u00e8 sicura per il tuo dispositivo. Di seguito troverai le linee guida per l&#8217;installazione:<\/p>\n<ol>\n<li>Vai in fondo al nostro sito web su qualsiasi dispositivo mobile.<\/li>\n<li>Trova e clicca sul pulsante &#8220;App Casin\u00f2&#8221;.<\/li>\n<li>Nella pagina appena visualizzata, scegli &#8220;Installa&#8221; al centro dello schermo.<\/li>\n<li>Con una connessione Internet stabile, l&#8217;installazione richieder\u00e0 solo pochi minuti.<\/li>\n<li>Al termine del processo, vedrai l&#8217;icona del marchio Maneki Spin Casino sulla tua schermata iniziale. Per iniziare a giocare con denaro reale, registrati e accedi al tuo account.<\/li>\n<\/ol>\n<p><img loading=\"lazy\" decoding=\"async\" src=\"https:\/\/manekispincasino.com\/wp-content\/uploads\/2026\/01\/Manekispin-Android-App.webp\" alt=\"Manekispin Android App\" width=\"1248\" height=\"536\" \/><\/p>\n<\/div><\/div><div style=\"clear: both\"><\/div><div class=\"d-flex justify-content-center\"><button data-item=\"decouvrez_link\" data-group=\"website_links\" class=\"goto fw-bold rounded-pill btn btn-orange\" aria-label=\"Scarica Manekispin\" >Scarica Manekispin<\/button><\/div><div class=\"scrollable-content-wrap my-5\"><div class=\"scrollable-content-inner\"><h2>Applicazione mobile per iPhone e iPad<\/h2>\n<p>Tutti gli utenti iOS di Manekispin hanno anche la possibilit\u00e0 di giocare ai loro giochi preferiti ovunque si trovino. Ti garantiamo che proverai la stessa o una maggiore soddisfazione durante tutto il processo. La registrazione e l&#8217;accesso sono disponibili sui dispositivi mobili. Inoltre, devi completare il processo di verifica prima del primo prelievo.<\/p>\n<p>Puoi utilizzare la versione browser della piattaforma sul tuo iPhone o iPad. Non richiede download aggiuntivi. Se riscontri problemi con la versione mobile, puoi sempre contattare il nostro team di assistenza tramite live chat o e-mail. I nostri responsabili esamineranno tutto e ti risponderanno con una soluzione.<\/p>\n<h3>Configura l&#8217;app iOS<\/h3>\n<p>Per un accesso pi\u00f9 rapido al sito web dal tuo dispositivo mobile, puoi installare un collegamento nella schermata iniziale. Puoi farlo nelle impostazioni di qualsiasi browser moderno selezionando l&#8217;opzione &#8220;Aggiungi alla schermata iniziale&#8221; o tramite l&#8217;app Shortcuts per iPhone e iPad.<\/p>\n<p>Per un processo pi\u00f9 personalizzato, puoi installare l&#8217;app Manekispin dalla nostra piattaforma. Ti consentir\u00e0 di ricevere notifiche push e di accedere a offerte esclusive disponibili solo per i giocatori mobili.<\/p>\n<p><img loading=\"lazy\" decoding=\"async\" src=\"https:\/\/manekispincasino.com\/wp-content\/uploads\/2026\/01\/Manekispin-iOS-App.webp\" alt=\"Manekispin iOS App\" width=\"1248\" height=\"536\" \/><\/p>\n<\/div><\/div><div style=\"clear: both\"><\/div><div class=\"d-flex justify-content-center\"><button data-item=\"decouvrez_link\" data-group=\"website_links\" class=\"goto fw-bold rounded-pill btn btn-orange\" aria-label=\"Scarica l&#039;app Manekispin\" >Scarica l&#039;app Manekispin<\/button><\/div><\/p>\n<h2>Vantaggi dell&#8217;app Maneki Spin<\/h2>\n<p>Nel mondo moderno, \u00e8 difficile immaginare un sito web senza una versione mobile o un&#8217;app mobile dedicata. Su Manekispin Casino, pi\u00f9 della met\u00e0 degli utenti preferisce utilizzare smartphone o tablet per divertirsi con i giochi. Ecco perch\u00e9 per noi era fondamentale creare un&#8217;opzione comoda che non fosse inferiore alla versione principale per PC.<\/p>\n<p>Offriamo ai nostri clienti due modi per giocare su dispositivi mobili: una versione basata su browser e l&#8217;app Manekispin Casino. Avrai accesso all&#8217;intera collezione di giochi senza perdere i progressi raggiunti su PC. La tabella seguente mostra i principali vantaggi del software mobile per Android e iOS.<\/p>\n<table>\n<tbody>\n<tr>\n<td>Caratteristica<\/td>\n<td>Descrizione<\/td>\n<\/tr>\n<tr>\n<td>Aggiornamenti<\/td>\n<td>Gli aggiornamenti vengono effettuati istantaneamente senza alcuna azione da parte tua.<\/td>\n<\/tr>\n<tr>\n<td>Supporto multipiattaforma<\/td>\n<td>Funziona su Android, iOS, Windows e macOS utilizzando la stessa tecnologia basata sul web.<\/td>\n<\/tr>\n<tr>\n<td>Notifiche push<\/td>\n<td>Supporta avvisi in tempo reale per le notizie.<\/td>\n<\/tr>\n<tr>\n<td>Accesso<\/td>\n<td>Si avvia direttamente dalla schermata iniziale del dispositivo.<\/td>\n<\/tr>\n<tr>\n<td>Efficienza dei dati<\/td>\n<td>Progettato per consumare meno dati mobili rispetto alla versione browser.<\/td>\n<\/tr>\n<tr>\n<td>Compatibilit\u00e0 con i dispositivi<\/td>\n<td>Si adatta automaticamente alle diverse dimensioni e risoluzioni dello schermo.<\/td>\n<\/tr>\n<\/tbody>\n<\/table>\n<div class=\"scrollable-content-wrap my-5\"><div class=\"scrollable-content-inner\"><h2>Domande frequenti<\/h2>\n<h3>Come posso aggiornare l&#8217;applicazione?<\/h3>\n<p>L&#8217;app Maneki Spin si aggiorna automaticamente senza alcuna azione aggiuntiva da parte tua. Se ci sono modifiche significative e devi installare la nuova versione, ti informeremo tramite notifiche push ed e-mail.<\/p>\n<h3>Tutti i giochi e le funzionalit\u00e0 sono disponibili su dispositivi mobili?<\/h3>\n<p>Tutti gli oltre 6.000 titoli sono disponibili nella versione mobile di Manekispin Casino. Sono tutti ottimizzati per schermi di piccole dimensioni e offrono un&#8217;esperienza di gioco di alta qualit\u00e0. Tutte le altre funzionalit\u00e0, come promozioni, pagamenti, impostazioni dell&#8217;account e molto altro, sono disponibili nell&#8217;app.<\/p>\n<h3>\u00c8 sicuro per me utilizzare l&#8217;app Manekispin?<\/h3>\n<p>Il nostro casin\u00f2 online prende molto sul serio la sicurezza dei clienti e dei dati. Testiamo regolarmente la versione mobile e l&#8217;app. Tutte le tue informazioni personali e di pagamento sono crittografate. Per una maggiore protezione, puoi abilitare l&#8217;autenticazione a due fattori nelle impostazioni dell&#8217;account.<\/p>\n<\/div><\/div>\n","protected":false},"excerpt":{"rendered":"<p>App Manekispin per iOS e Android Manekispin App ti offre la possibilit\u00e0 di giocare online da qualsiasi luogo in Italia. Ora non sarai pi\u00f9 limitato dalla tua casa o dalla posizione del tuo computer. Ti offriamo un&#8217;esperienza di casin\u00f2 online completa direttamente sul tuo smartphone o tablet. Scegli tra la versione browser e il software [&hellip;]<\/p>\n","protected":false},"author":1,"featured_media":0,"parent":0,"menu_order":0,"comment_status":"closed","ping_status":"closed","template":"template-builder.php","meta":{"_acf_changed":false,"inline_featured_image":false,"footnotes":""},"class_list":["post-1433","page","type-page","status-publish","hentry"],"acf":[],"yoast_head":"<!-- This site is optimized with the Yoast SEO plugin v27.3 - https:\/\/yoast.com\/product\/yoast-seo-wordpress\/ -->\n<title>Manekispin App | Casin\u00f2 mobile per Android e iOS<\/title>\n<meta name=\"description\" content=\"Gioca alle slot, ai jackpot e ai giochi con croupier dal vivo ovunque con Maneki Spin App. Veloce, sicura e ottimizzata per tutti i dispositivi. Scaricala subito!\" \/>\n<meta name=\"robots\" content=\"index, follow, max-snippet:-1, max-image-preview:large, max-video-preview:-1\" \/>\n<link rel=\"canonical\" href=\"https:\/\/manekispincasino.com\/it\/applicazione\/\" \/>\n<meta property=\"og:locale\" content=\"it_IT\" \/>\n<meta property=\"og:type\" content=\"article\" \/>\n<meta property=\"og:title\" content=\"Manekispin App | Casin\u00f2 mobile per Android e iOS\" \/>\n<meta property=\"og:description\" content=\"Gioca alle slot, ai jackpot e ai giochi con croupier dal vivo ovunque con Maneki Spin App. Veloce, sicura e ottimizzata per tutti i dispositivi. Scaricala subito!\" \/>\n<meta property=\"og:url\" content=\"https:\/\/manekispincasino.com\/it\/applicazione\/\" \/>\n<meta property=\"og:site_name\" content=\"manekispin\" \/>\n<meta property=\"article:modified_time\" content=\"2026-01-20T09:23:56+00:00\" \/>\n<meta name=\"twitter:card\" content=\"summary_large_image\" \/>\n<meta name=\"twitter:label1\" content=\"Est. reading time\" \/>\n\t<meta name=\"twitter:data1\" content=\"2 minutes\" \/>\n<script type=\"application\/ld+json\" class=\"yoast-schema-graph\">{\"@context\":\"https:\\\/\\\/schema.org\",\"@graph\":[{\"@type\":\"WebPage\",\"@id\":\"https:\\\/\\\/manekispincasino.com\\\/it\\\/applicazione\\\/\",\"url\":\"https:\\\/\\\/manekispincasino.com\\\/it\\\/applicazione\\\/\",\"name\":\"Manekispin App | Casin\u00f2 mobile per Android e iOS\",\"isPartOf\":{\"@id\":\"https:\\\/\\\/manekispincasino.com\\\/it\\\/#website\"},\"datePublished\":\"2026-01-19T13:46:35+00:00\",\"dateModified\":\"2026-01-20T09:23:56+00:00\",\"description\":\"Gioca alle slot, ai jackpot e ai giochi con croupier dal vivo ovunque con Maneki Spin App. Veloce, sicura e ottimizzata per tutti i dispositivi. Scaricala subito!\",\"breadcrumb\":{\"@id\":\"https:\\\/\\\/manekispincasino.com\\\/it\\\/applicazione\\\/#breadcrumb\"},\"inLanguage\":\"it-IT\",\"potentialAction\":[{\"@type\":\"ReadAction\",\"target\":[\"https:\\\/\\\/manekispincasino.com\\\/it\\\/applicazione\\\/\"]}]},{\"@type\":\"BreadcrumbList\",\"@id\":\"https:\\\/\\\/manekispincasino.com\\\/it\\\/applicazione\\\/#breadcrumb\",\"itemListElement\":[{\"@type\":\"ListItem\",\"position\":1,\"name\":\"Manekispin\",\"item\":\"https:\\\/\\\/manekispincasino.com\\\/it\\\/\"},{\"@type\":\"ListItem\",\"position\":2,\"name\":\"Applicazione\"}]},{\"@type\":\"WebSite\",\"@id\":\"https:\\\/\\\/manekispincasino.com\\\/it\\\/#website\",\"url\":\"https:\\\/\\\/manekispincasino.com\\\/it\\\/\",\"name\":\"Manekispin\",\"description\":\"\",\"publisher\":{\"@id\":\"https:\\\/\\\/manekispincasino.com\\\/it\\\/#organization\"},\"potentialAction\":[{\"@type\":\"SearchAction\",\"target\":{\"@type\":\"EntryPoint\",\"urlTemplate\":\"https:\\\/\\\/manekispincasino.com\\\/it\\\/?s={search_term_string}\"},\"query-input\":{\"@type\":\"PropertyValueSpecification\",\"valueRequired\":true,\"valueName\":\"search_term_string\"}}],\"inLanguage\":\"it-IT\"},{\"@type\":\"Organization\",\"@id\":\"https:\\\/\\\/manekispincasino.com\\\/it\\\/#organization\",\"name\":\"Manekispin\",\"url\":\"https:\\\/\\\/manekispincasino.com\\\/it\\\/\",\"logo\":{\"@type\":\"ImageObject\",\"inLanguage\":\"it-IT\",\"@id\":\"https:\\\/\\\/manekispincasino.com\\\/it\\\/#\\\/schema\\\/logo\\\/image\\\/\",\"url\":\"https:\\\/\\\/manekispincasino.com\\\/wp-content\\\/uploads\\\/2026\\\/01\\\/logo.png\",\"contentUrl\":\"https:\\\/\\\/manekispincasino.com\\\/wp-content\\\/uploads\\\/2026\\\/01\\\/logo.png\",\"width\":79,\"height\":24,\"caption\":\"Manekispin\"},\"image\":{\"@id\":\"https:\\\/\\\/manekispincasino.com\\\/it\\\/#\\\/schema\\\/logo\\\/image\\\/\"}}]}<\/script>\n<!-- \/ Yoast SEO plugin. -->","yoast_head_json":{"title":"Manekispin App | Casin\u00f2 mobile per Android e iOS","description":"Gioca alle slot, ai jackpot e ai giochi con croupier dal vivo ovunque con Maneki Spin App. Veloce, sicura e ottimizzata per tutti i dispositivi. Scaricala subito!","robots":{"index":"index","follow":"follow","max-snippet":"max-snippet:-1","max-image-preview":"max-image-preview:large","max-video-preview":"max-video-preview:-1"},"canonical":"https:\/\/manekispincasino.com\/it\/applicazione\/","og_locale":"it_IT","og_type":"article","og_title":"Manekispin App | Casin\u00f2 mobile per Android e iOS","og_description":"Gioca alle slot, ai jackpot e ai giochi con croupier dal vivo ovunque con Maneki Spin App. Veloce, sicura e ottimizzata per tutti i dispositivi. Scaricala subito!","og_url":"https:\/\/manekispincasino.com\/it\/applicazione\/","og_site_name":"manekispin","article_modified_time":"2026-01-20T09:23:56+00:00","twitter_card":"summary_large_image","twitter_misc":{"Est. reading time":"2 minutes"},"schema":{"@context":"https:\/\/schema.org","@graph":[{"@type":"WebPage","@id":"https:\/\/manekispincasino.com\/it\/applicazione\/","url":"https:\/\/manekispincasino.com\/it\/applicazione\/","name":"Manekispin App | Casin\u00f2 mobile per Android e iOS","isPartOf":{"@id":"https:\/\/manekispincasino.com\/it\/#website"},"datePublished":"2026-01-19T13:46:35+00:00","dateModified":"2026-01-20T09:23:56+00:00","description":"Gioca alle slot, ai jackpot e ai giochi con croupier dal vivo ovunque con Maneki Spin App. Veloce, sicura e ottimizzata per tutti i dispositivi. Scaricala subito!","breadcrumb":{"@id":"https:\/\/manekispincasino.com\/it\/applicazione\/#breadcrumb"},"inLanguage":"it-IT","potentialAction":[{"@type":"ReadAction","target":["https:\/\/manekispincasino.com\/it\/applicazione\/"]}]},{"@type":"BreadcrumbList","@id":"https:\/\/manekispincasino.com\/it\/applicazione\/#breadcrumb","itemListElement":[{"@type":"ListItem","position":1,"name":"Manekispin","item":"https:\/\/manekispincasino.com\/it\/"},{"@type":"ListItem","position":2,"name":"Applicazione"}]},{"@type":"WebSite","@id":"https:\/\/manekispincasino.com\/it\/#website","url":"https:\/\/manekispincasino.com\/it\/","name":"Manekispin","description":"","publisher":{"@id":"https:\/\/manekispincasino.com\/it\/#organization"},"potentialAction":[{"@type":"SearchAction","target":{"@type":"EntryPoint","urlTemplate":"https:\/\/manekispincasino.com\/it\/?s={search_term_string}"},"query-input":{"@type":"PropertyValueSpecification","valueRequired":true,"valueName":"search_term_string"}}],"inLanguage":"it-IT"},{"@type":"Organization","@id":"https:\/\/manekispincasino.com\/it\/#organization","name":"Manekispin","url":"https:\/\/manekispincasino.com\/it\/","logo":{"@type":"ImageObject","inLanguage":"it-IT","@id":"https:\/\/manekispincasino.com\/it\/#\/schema\/logo\/image\/","url":"https:\/\/manekispincasino.com\/wp-content\/uploads\/2026\/01\/logo.png","contentUrl":"https:\/\/manekispincasino.com\/wp-content\/uploads\/2026\/01\/logo.png","width":79,"height":24,"caption":"Manekispin"},"image":{"@id":"https:\/\/manekispincasino.com\/it\/#\/schema\/logo\/image\/"}}]}},"_links":{"self":[{"href":"https:\/\/manekispincasino.com\/it\/wp-json\/wp\/v2\/pages\/1433","targetHints":{"allow":["GET"]}}],"collection":[{"href":"https:\/\/manekispincasino.com\/it\/wp-json\/wp\/v2\/pages"}],"about":[{"href":"https:\/\/manekispincasino.com\/it\/wp-json\/wp\/v2\/types\/page"}],"author":[{"embeddable":true,"href":"https:\/\/manekispincasino.com\/it\/wp-json\/wp\/v2\/users\/1"}],"replies":[{"embeddable":true,"href":"https:\/\/manekispincasino.com\/it\/wp-json\/wp\/v2\/comments?post=1433"}],"version-history":[{"count":2,"href":"https:\/\/manekispincasino.com\/it\/wp-json\/wp\/v2\/pages\/1433\/revisions"}],"predecessor-version":[{"id":1724,"href":"https:\/\/manekispincasino.com\/it\/wp-json\/wp\/v2\/pages\/1433\/revisions\/1724"}],"wp:attachment":[{"href":"https:\/\/manekispincasino.com\/it\/wp-json\/wp\/v2\/media?parent=1433"}],"curies":[{"name":"wp","href":"https:\/\/api.w.org\/{rel}","templated":true}]}}