{"id":1445,"date":"2026-01-19T14:00:05","date_gmt":"2026-01-19T14:00:05","guid":{"rendered":"https:\/\/manekispincasino.com\/bonus\/"},"modified":"2026-01-20T09:29:47","modified_gmt":"2026-01-20T09:29:47","slug":"bonus","status":"publish","type":"page","link":"https:\/\/manekispincasino.com\/it\/bonus\/","title":{"rendered":"Bonus"},"content":{"rendered":"<h1>Promozioni e bonus Manekispin<\/h1>\n<p>Il sistema di Manekispin bonus sorprende tutti i giocatori italiani con la sua ampia selezione e i generosi premi. Le nostre offerte renderanno il tuo viaggio ancora pi\u00f9 redditizio e prolungheranno il tempo di gioco. Il pacchetto di benvenuto include fondi bonus e giri gratuiti. I clienti abituali possono usufruire del cashback settimanale, del sistema rakeback e molto altro ancora. Oltre a ci\u00f2, ci sono tornei con ricchi premi e molti eventi stagionali.<\/p>\n<p><div class=\"banner-wrap\" aria-label=\"Banner\"><img src=\"https:\/\/manekispincasino.com\/wp-content\/uploads\/2026\/01\/Manekispin-banner-carousel-800\u0445400-6.webp\" class=\"w-100 d-none d-lg-block img-pc main-banner-img\" alt=\"Manekispin desktop banner\" fetchpriority=\"high\" decoding=\"async\"><img src=\"https:\/\/manekispincasino.com\/wp-content\/uploads\/2026\/01\/Manekispin-mobile-banner.webp\" class=\"w-100 d-none d-md-block d-lg-none main-banner-img\" alt=\"Manekispin mobile banner\" fetchpriority=\"high\" decoding=\"async\"><img src=\"https:\/\/manekispincasino.com\/wp-content\/uploads\/2026\/01\/Manekispin-mobile-banner.webp\" class=\"w-100 d-md-none\" alt=\"Manekispin mobile banner\" fetchpriority=\"high\" decoding=\"async\"><div class=\"banner-description\">\n<div class=\"banner-title\">Bonus di benvenuto<\/div>\n<p class=\"banner-header-title\">1500 \u20ac<\/p>\n<div class=\"banner-header-AdditionalText\">+ 250 Giri gratuiti<\/div>\n<button data-item=\"homepage_banner_link\" class=\"goto m-button m-gradient-border m-button--primary m-button--large banner-button btn-orange\">\n            <div class=\"m-button-content\">\n                <span>Iscriviti ora<\/span>\n                <span><\/span>\n            <\/div>\n        <\/button>\n<\/div>\n<div class=\"WelcomePack\">\n<p><img loading=\"lazy\" decoding=\"async\" class=\"alignnone size-full wp-image-1359\" src=\"https:\/\/manekispincasino.com\/wp-content\/uploads\/2026\/01\/welcome-crown.png\" alt=\"crown\" width=\"25\" height=\"26\" \/><\/p>\n<div class=\"WelcomePack-Info\">Cashback settimanale fino al 25%<\/div>\n<p><img loading=\"lazy\" decoding=\"async\" class=\"alignnone size-full wp-image-1359\" src=\"https:\/\/manekispincasino.com\/wp-content\/uploads\/2026\/01\/welcome-crown.png\" alt=\"crown\" width=\"25\" height=\"26\" \/><\/p>\n<\/div>\n<\/div><div class=\"promotions-wrap\"><div class=\"promotion-card\" style=\"background-image: url(https:\/\/manekispincasino.com\/wp-content\/uploads\/2026\/01\/First-deposit.webp);\"><h2 class=\"promotion-card__title\">Bonus sul primo deposito<\/h2><label class=\"promotion-card__offer\">100% fino a \u20ac 500 + 150 giri gratuiti<\/label><label class=\"promotion-card__description\"><\/label><div class=\"promotion-card__actions\"><button data-item=\"payments_link\" data-group=\"website_links\" class=\"goto btn btn-orange rounded-pill fw-bold px-4 m-button m-gradient-border m-button--primary m-button--large promotion-button promotion-card__action-btn\" aria-label=\"Iscriviti\"><div class=\"m-button-content\"><span class=\"promotion-button__content\">Iscriviti<\/span><\/div><\/button><button data-item=\"http:\/\/bonus_link\" data-group=\"website_links\" class=\"goto m-button m-gradient-border m-button--secondary m-button--medium promotion-card__info-btn\" aria-label=\"More information\"><div class=\"m-button-content\"><svg viewBox=\"0 0 24 24\" fill=\"none\" xmlns=\"http:\/\/www.w3.org\/2000\/svg\" class=\"m-icon m-icon-loadable\" name=\"Attention\" loading=\"false\" aria-hidden=\"true\"><path d=\"M12 22C6.477 22 2 17.522 2 12S6.477 2 12 2s10 4.478 10 10-4.477 10-10 10m-.002-13.004a.999.999 0 1 0 0-1.997.999.999 0 0 0 0 1.997M12 17a1 1 0 0 0 .993-.884L13 16l-.002-5.001-.007-.117a1 1 0 0 0-1.986 0l-.007.117L11 16l.007.117A1 1 0 0 0 12 17\" fill=\"currentColor\"><\/path><\/svg><\/div><\/button><\/div><\/div><div class=\"promotion-card\" style=\"background-image: url(https:\/\/manekispincasino.com\/wp-content\/uploads\/2026\/01\/Second-deposit.webp);\"><h2 class=\"promotion-card__title\">Bonus sul secondo deposito<\/h2><label class=\"promotion-card__offer\">55% fino a \u20ac 500 + 100 giri gratuiti<\/label><label class=\"promotion-card__description\"><\/label><div class=\"promotion-card__actions\"><button data-item=\"payments_link\" data-group=\"website_links\" class=\"goto btn btn-orange rounded-pill fw-bold px-4 m-button m-gradient-border m-button--primary m-button--large promotion-button promotion-card__action-btn\" aria-label=\"Iscriviti\"><div class=\"m-button-content\"><span class=\"promotion-button__content\">Iscriviti<\/span><\/div><\/button><button data-item=\"http:\/\/bonus_link\" data-group=\"website_links\" class=\"goto m-button m-gradient-border m-button--secondary m-button--medium promotion-card__info-btn\" aria-label=\"More information\"><div class=\"m-button-content\"><svg viewBox=\"0 0 24 24\" fill=\"none\" xmlns=\"http:\/\/www.w3.org\/2000\/svg\" class=\"m-icon m-icon-loadable\" name=\"Attention\" loading=\"false\" aria-hidden=\"true\"><path d=\"M12 22C6.477 22 2 17.522 2 12S6.477 2 12 2s10 4.478 10 10-4.477 10-10 10m-.002-13.004a.999.999 0 1 0 0-1.997.999.999 0 0 0 0 1.997M12 17a1 1 0 0 0 .993-.884L13 16l-.002-5.001-.007-.117a1 1 0 0 0-1.986 0l-.007.117L11 16l.007.117A1 1 0 0 0 12 17\" fill=\"currentColor\"><\/path><\/svg><\/div><\/button><\/div><\/div><div class=\"promotion-card\" style=\"background-image: url(https:\/\/manekispincasino.com\/wp-content\/uploads\/2026\/01\/Third-deposit.webp);\"><h2 class=\"promotion-card__title\">Bonus sul terzo deposito<\/h2><label class=\"promotion-card__offer\">100% fino a \u20ac 500<\/label><label class=\"promotion-card__description\"><\/label><div class=\"promotion-card__actions\"><button data-item=\"payments_link\" data-group=\"website_links\" class=\"goto btn btn-orange rounded-pill fw-bold px-4 m-button m-gradient-border m-button--primary m-button--large promotion-button promotion-card__action-btn\" aria-label=\"Iscriviti\"><div class=\"m-button-content\"><span class=\"promotion-button__content\">Iscriviti<\/span><\/div><\/button><button data-item=\"http:\/\/bonus_link\" data-group=\"website_links\" class=\"goto m-button m-gradient-border m-button--secondary m-button--medium promotion-card__info-btn\" aria-label=\"More information\"><div class=\"m-button-content\"><svg viewBox=\"0 0 24 24\" fill=\"none\" xmlns=\"http:\/\/www.w3.org\/2000\/svg\" class=\"m-icon m-icon-loadable\" name=\"Attention\" loading=\"false\" aria-hidden=\"true\"><path d=\"M12 22C6.477 22 2 17.522 2 12S6.477 2 12 2s10 4.478 10 10-4.477 10-10 10m-.002-13.004a.999.999 0 1 0 0-1.997.999.999 0 0 0 0 1.997M12 17a1 1 0 0 0 .993-.884L13 16l-.002-5.001-.007-.117a1 1 0 0 0-1.986 0l-.007.117L11 16l.007.117A1 1 0 0 0 12 17\" fill=\"currentColor\"><\/path><\/svg><\/div><\/button><\/div><\/div><div class=\"promotion-card\" style=\"background-image: url(https:\/\/manekispincasino.com\/wp-content\/uploads\/2026\/01\/Cashback.webp);\"><h2 class=\"promotion-card__title\">Cashback settimanale<\/h2><label class=\"promotion-card__offer\">fino al 25%<\/label><label class=\"promotion-card__description\"><\/label><div class=\"promotion-card__actions\"><button data-item=\"payments_link\" data-group=\"website_links\" class=\"goto btn btn-orange rounded-pill fw-bold px-4 m-button m-gradient-border m-button--primary m-button--large promotion-button promotion-card__action-btn\" aria-label=\"Iscriviti\"><div class=\"m-button-content\"><span class=\"promotion-button__content\">Iscriviti<\/span><\/div><\/button><button data-item=\"http:\/\/bonus_link\" data-group=\"website_links\" class=\"goto m-button m-gradient-border m-button--secondary m-button--medium promotion-card__info-btn\" aria-label=\"More information\"><div class=\"m-button-content\"><svg viewBox=\"0 0 24 24\" fill=\"none\" xmlns=\"http:\/\/www.w3.org\/2000\/svg\" class=\"m-icon m-icon-loadable\" name=\"Attention\" loading=\"false\" aria-hidden=\"true\"><path d=\"M12 22C6.477 22 2 17.522 2 12S6.477 2 12 2s10 4.478 10 10-4.477 10-10 10m-.002-13.004a.999.999 0 1 0 0-1.997.999.999 0 0 0 0 1.997M12 17a1 1 0 0 0 .993-.884L13 16l-.002-5.001-.007-.117a1 1 0 0 0-1.986 0l-.007.117L11 16l.007.117A1 1 0 0 0 12 17\" fill=\"currentColor\"><\/path><\/svg><\/div><\/button><\/div><\/div><div class=\"promotion-card\" style=\"background-image: url(https:\/\/manekispincasino.com\/wp-content\/uploads\/2026\/01\/Sunday-reload.webp);\"><h2 class=\"promotion-card__title\">Ricarica domenicale<\/h2><label class=\"promotion-card__offer\">25% fino a \u20ac 100<\/label><label class=\"promotion-card__description\"><\/label><div class=\"promotion-card__actions\"><button data-item=\"payments_link\" data-group=\"website_links\" class=\"goto btn btn-orange rounded-pill fw-bold px-4 m-button m-gradient-border m-button--primary m-button--large promotion-button promotion-card__action-btn\" aria-label=\"Iscriviti\"><div class=\"m-button-content\"><span class=\"promotion-button__content\">Iscriviti<\/span><\/div><\/button><button data-item=\"http:\/\/bonus_link\" data-group=\"website_links\" class=\"goto m-button m-gradient-border m-button--secondary m-button--medium promotion-card__info-btn\" aria-label=\"More information\"><div class=\"m-button-content\"><svg viewBox=\"0 0 24 24\" fill=\"none\" xmlns=\"http:\/\/www.w3.org\/2000\/svg\" class=\"m-icon m-icon-loadable\" name=\"Attention\" loading=\"false\" aria-hidden=\"true\"><path d=\"M12 22C6.477 22 2 17.522 2 12S6.477 2 12 2s10 4.478 10 10-4.477 10-10 10m-.002-13.004a.999.999 0 1 0 0-1.997.999.999 0 0 0 0 1.997M12 17a1 1 0 0 0 .993-.884L13 16l-.002-5.001-.007-.117a1 1 0 0 0-1.986 0l-.007.117L11 16l.007.117A1 1 0 0 0 12 17\" fill=\"currentColor\"><\/path><\/svg><\/div><\/button><\/div><\/div><div class=\"promotion-card\" style=\"background-image: url(https:\/\/manekispincasino.com\/wp-content\/uploads\/2026\/01\/Rakeback.webp);\"><h2 class=\"promotion-card__title\">Rakeback<\/h2><label class=\"promotion-card__offer\">fino al 17%<\/label><label class=\"promotion-card__description\"><\/label><div class=\"promotion-card__actions\"><button data-item=\"payments_link\" data-group=\"website_links\" class=\"goto btn btn-orange rounded-pill fw-bold px-4 m-button m-gradient-border m-button--primary m-button--large promotion-button promotion-card__action-btn\" aria-label=\"Iscriviti\"><div class=\"m-button-content\"><span class=\"promotion-button__content\">Iscriviti<\/span><\/div><\/button><button data-item=\"http:\/\/bonus_link\" data-group=\"website_links\" class=\"goto m-button m-gradient-border m-button--secondary m-button--medium promotion-card__info-btn\" aria-label=\"More information\"><div class=\"m-button-content\"><svg viewBox=\"0 0 24 24\" fill=\"none\" xmlns=\"http:\/\/www.w3.org\/2000\/svg\" class=\"m-icon m-icon-loadable\" name=\"Attention\" loading=\"false\" aria-hidden=\"true\"><path d=\"M12 22C6.477 22 2 17.522 2 12S6.477 2 12 2s10 4.478 10 10-4.477 10-10 10m-.002-13.004a.999.999 0 1 0 0-1.997.999.999 0 0 0 0 1.997M12 17a1 1 0 0 0 .993-.884L13 16l-.002-5.001-.007-.117a1 1 0 0 0-1.986 0l-.007.117L11 16l.007.117A1 1 0 0 0 12 17\" fill=\"currentColor\"><\/path><\/svg><\/div><\/button><\/div><\/div><div class=\"promotion-card\" style=\"background-image: url(https:\/\/manekispincasino.com\/wp-content\/uploads\/2026\/01\/Highroller.webp);\"><h2 class=\"promotion-card__title\">Bonus Highroller<\/h2><label class=\"promotion-card__offer\">50% fino a \u20ac 500<\/label><label class=\"promotion-card__description\"><\/label><div class=\"promotion-card__actions\"><button data-item=\"payments_link\" data-group=\"website_links\" class=\"goto btn btn-orange rounded-pill fw-bold px-4 m-button m-gradient-border m-button--primary m-button--large promotion-button promotion-card__action-btn\" aria-label=\"Iscriviti\"><div class=\"m-button-content\"><span class=\"promotion-button__content\">Iscriviti<\/span><\/div><\/button><button data-item=\"http:\/\/bonus_link\" data-group=\"website_links\" class=\"goto m-button m-gradient-border m-button--secondary m-button--medium promotion-card__info-btn\" aria-label=\"More information\"><div class=\"m-button-content\"><svg viewBox=\"0 0 24 24\" fill=\"none\" xmlns=\"http:\/\/www.w3.org\/2000\/svg\" class=\"m-icon m-icon-loadable\" name=\"Attention\" loading=\"false\" aria-hidden=\"true\"><path d=\"M12 22C6.477 22 2 17.522 2 12S6.477 2 12 2s10 4.478 10 10-4.477 10-10 10m-.002-13.004a.999.999 0 1 0 0-1.997.999.999 0 0 0 0 1.997M12 17a1 1 0 0 0 .993-.884L13 16l-.002-5.001-.007-.117a1 1 0 0 0-1.986 0l-.007.117L11 16l.007.117A1 1 0 0 0 12 17\" fill=\"currentColor\"><\/path><\/svg><\/div><\/button><\/div><\/div><\/div><div class=\"scrollable-content-wrap my-5\"><div class=\"scrollable-content-inner\"><h2>Promozioni del casin\u00f2 Manekispin per tutti i giocatori<\/h2>\n<p>Giocare ai tuoi giochi preferiti \u00e8 gi\u00e0 un divertimento, ma cosa succederebbe se potessi ottenere ancora pi\u00f9 profitti con il programma bonus Manekispin? Premiamo sia i nuovi giocatori che quelli abituali. Per te \u00e8 una grande opportunit\u00e0 per prolungare il processo di gioco. Gli utenti possono ottenere giri gratuiti, bonus in denaro e altri premi esclusivi.<\/p>\n<p>All&#8217;inizio del tuo viaggio su Maneki Spin Casino, riceverai automaticamente un pacchetto di benvenuto del valore fino a 1.500 \u20ac + 250 giri gratuiti. Devi solo creare un account ed effettuare il tuo primo deposito. Assicurati di leggere i termini e le condizioni dell&#8217;offerta per massimizzare i tuoi profitti.<\/p>\n<p>Ora avrai accesso alla collezione di promozioni per i giocatori abituali. Qui troverai molte opzioni e ti garantiamo che troverai qualcosa di tuo gradimento. Tutti i nostri giocatori possono usufruire del cashback settimanale fino al 25%, del rakeback fino al 17% e della promozione Sunday Reload, che ti offre il 25% fino a 100 \u20ac.<\/p>\n<h2>Tornei e missioni<\/h2>\n<p>Come parte del sistema di bonus Manekispin, offriamo una vasta selezione di tornei. Questa \u00e8 una grande opportunit\u00e0 per chi ama competere e vincere alla grande. La maggior parte degli eventi sul nostro sito web si concentra sulle slot online e sui giochi di casin\u00f2 dal vivo. Tutti hanno enormi montepremi di migliaia e milioni di euro. Ci sono tornei temporanei e stagionali, quindi hai sempre una scelta.<\/p>\n<p>Per partecipare a un torneo, il giocatore deve attivarlo nella sezione dedicata. Gli utenti di Manekispin Casino possono accedere automaticamente a un evento giocando ai giochi richiesti o acquistando un biglietto d&#8217;ingresso con le monete. Dipende dalle regole del torneo. Gli eventi attuali sulla nostra piattaforma sono i seguenti:<\/p>\n<ul>\n<li>Spinoleague con un montepremi di 12.000.000 \u20ac<\/li>\n<li>BGaming Drops Frenzy, dove puoi vincere 660.000 \u20ac e anche di pi\u00f9<\/li>\n<li>Torneo live con un montepremi di 10.000 \u20ac<\/li>\n<\/ul>\n<p>Su Maneki Spin troverai anche delle missioni che ti permetteranno di guadagnare punti e scambiarli con fantastici premi. I compiti sono semplici: ad esempio, verificare il tuo numero di telefono, scommettere su un gioco specifico o partecipare a una lotteria. Puoi sempre controllare lo stato di avanzamento della missione nel tuo account personale.<\/p>\n<h2>Condizioni e termini dei bonus<\/h2>\n<p>Tutte le offerte bonus di Manekispin hanno le loro regole. Anche se hai gi\u00e0 giocato in un altro casin\u00f2 online, ti consigliamo vivamente di familiarizzare con i termini e le condizioni specifici di ciascuna promozione, poich\u00e9 possono variare.<\/p>\n<p>Alcune categorie di regole specifiche si applicano alla maggior parte dei bonus sul nostro sito web. Tutte le offerte hanno un periodo di validit\u00e0, che di solito \u00e8 di 7-14 giorni. Se si tratta di una promozione sul deposito, c&#8217;\u00e8 un importo minimo che devi trasferire sul tuo account. Non dimenticare mai i requisiti di scommessa. Indicano quante volte devi scommettere le vincite del bonus prima di poterle prelevare.<\/p>\n<h2>Bonus di benvenuto Manekispin per i nuovi utenti<\/h2>\n<p>Se sei nuovo sulla piattaforma, ti consigliamo vivamente di completare la procedura di registrazione al casin\u00f2 Manekispin. Ti dar\u00e0 accesso non solo a migliaia di titoli, ma anche al generoso bonus di benvenuto di fino a 1.500 \u20ac + 250 giri gratuiti. \u00c8 distribuito in modo abbastanza uniforme sui tuoi primi tre depositi.<\/p>\n<table>\n<tbody>\n<tr>\n<td>Offerta sul primo deposito<\/td>\n<td>100% fino a 500 \u20ac + 150 giri gratuiti<\/td>\n<\/tr>\n<tr>\n<td>Offerta sul secondo deposito<\/td>\n<td>55% fino a 500 \u20ac + 100 giri gratuiti<\/td>\n<\/tr>\n<tr>\n<td>Offerta sul terzo deposito<\/td>\n<td>100% fino a 500 \u20ac<\/td>\n<\/tr>\n<\/tbody>\n<\/table>\n<p>Come tutte le promozioni di Maneki Spin Casino, anche questa \u00e8 soggetta a termini e condizioni. \u00c8 necessario depositare almeno 20 \u20ac. Dopo l&#8217;attivazione, il pacchetto \u00e8 disponibile per 7 giorni. \u00c8 necessario scommetterlo 35 volte per poter prelevare le vincite.<\/p>\n<h2>Domande frequenti<\/h2>\n<h3>Quanto devi depositare per ottenere il bonus di benvenuto?<\/h3>\n<p>Per attivare il bonus Manekispin per i nuovi clienti, \u00e8 necessario depositare un minimo di 20 \u20ac. Non dimenticare che per prelevare le vincite \u00e8 necessario scommettere l&#8217;importo almeno 35 volte.<\/p>\n<h3>Perch\u00e9 il mio bonus Manekispin non compare nel mio account?<\/h3>\n<p>Verifica di aver soddisfatto tutti i requisiti per l&#8217;attivazione della promozione. Se non hai trovato nulla, contatta il nostro team di assistenza tramite live chat o e-mail. I responsabili esamineranno la tua situazione e ti forniranno una soluzione.<\/p>\n<h3>Devo scegliere tra tornei e promozioni?<\/h3>\n<p>Scegli liberamente le promozioni o i tornei di Maneki Spin Casino che preferisci. Non dimenticare di leggere i termini e le condizioni di ciascuna situazione. Non \u00e8 possibile avere pi\u00f9 bonus di deposito attivi. Questo non si applica ai tornei.<\/p>\n<\/div><\/div><\/p>\n","protected":false},"excerpt":{"rendered":"<p>Promozioni e bonus Manekispin Il sistema di Manekispin bonus sorprende tutti i giocatori italiani con la sua ampia selezione e i generosi premi. Le nostre offerte renderanno il tuo viaggio ancora pi\u00f9 redditizio e prolungheranno il tempo di gioco. Il pacchetto di benvenuto include fondi bonus e giri gratuiti. I clienti abituali possono usufruire del [&hellip;]<\/p>\n","protected":false},"author":1,"featured_media":0,"parent":0,"menu_order":0,"comment_status":"closed","ping_status":"closed","template":"template-builder.php","meta":{"_acf_changed":false,"inline_featured_image":false,"footnotes":""},"class_list":["post-1445","page","type-page","status-publish","hentry"],"acf":[],"yoast_head":"<!-- This site is optimized with the Yoast SEO plugin v27.3 - https:\/\/yoast.com\/product\/yoast-seo-wordpress\/ -->\n<title>Esclusivo Manekispin Bonus | Cashback, premi VIP e giri gratuiti<\/title>\n<meta name=\"description\" content=\"Non perdere le offerte Maneki Spin bonus! Richiedi cashback settimanali, tornei e vantaggi VIP per i giocatori pi\u00f9 fedeli. Scopri subito tutte le offerte attuali!\" \/>\n<meta name=\"robots\" content=\"index, follow, max-snippet:-1, max-image-preview:large, max-video-preview:-1\" \/>\n<link rel=\"canonical\" href=\"https:\/\/manekispincasino.com\/it\/bonus\/\" \/>\n<meta property=\"og:locale\" content=\"it_IT\" \/>\n<meta property=\"og:type\" content=\"article\" \/>\n<meta property=\"og:title\" content=\"Esclusivo Manekispin Bonus | Cashback, premi VIP e giri gratuiti\" \/>\n<meta property=\"og:description\" content=\"Non perdere le offerte Maneki Spin bonus! Richiedi cashback settimanali, tornei e vantaggi VIP per i giocatori pi\u00f9 fedeli. Scopri subito tutte le offerte attuali!\" \/>\n<meta property=\"og:url\" content=\"https:\/\/manekispincasino.com\/it\/bonus\/\" \/>\n<meta property=\"og:site_name\" content=\"manekispin\" \/>\n<meta property=\"article:modified_time\" content=\"2026-01-20T09:29:47+00:00\" \/>\n<meta name=\"twitter:card\" content=\"summary_large_image\" \/>\n<meta name=\"twitter:label1\" content=\"Est. reading time\" \/>\n\t<meta name=\"twitter:data1\" content=\"1 minute\" \/>\n<script type=\"application\/ld+json\" class=\"yoast-schema-graph\">{\"@context\":\"https:\\\/\\\/schema.org\",\"@graph\":[{\"@type\":\"WebPage\",\"@id\":\"https:\\\/\\\/manekispincasino.com\\\/it\\\/bonus\\\/\",\"url\":\"https:\\\/\\\/manekispincasino.com\\\/it\\\/bonus\\\/\",\"name\":\"Esclusivo Manekispin Bonus | Cashback, premi VIP e giri gratuiti\",\"isPartOf\":{\"@id\":\"https:\\\/\\\/manekispincasino.com\\\/it\\\/#website\"},\"datePublished\":\"2026-01-19T14:00:05+00:00\",\"dateModified\":\"2026-01-20T09:29:47+00:00\",\"description\":\"Non perdere le offerte Maneki Spin bonus! Richiedi cashback settimanali, tornei e vantaggi VIP per i giocatori pi\u00f9 fedeli. Scopri subito tutte le offerte attuali!\",\"breadcrumb\":{\"@id\":\"https:\\\/\\\/manekispincasino.com\\\/it\\\/bonus\\\/#breadcrumb\"},\"inLanguage\":\"it-IT\",\"potentialAction\":[{\"@type\":\"ReadAction\",\"target\":[\"https:\\\/\\\/manekispincasino.com\\\/it\\\/bonus\\\/\"]}]},{\"@type\":\"BreadcrumbList\",\"@id\":\"https:\\\/\\\/manekispincasino.com\\\/it\\\/bonus\\\/#breadcrumb\",\"itemListElement\":[{\"@type\":\"ListItem\",\"position\":1,\"name\":\"Manekispin\",\"item\":\"https:\\\/\\\/manekispincasino.com\\\/it\\\/\"},{\"@type\":\"ListItem\",\"position\":2,\"name\":\"Bonus\"}]},{\"@type\":\"WebSite\",\"@id\":\"https:\\\/\\\/manekispincasino.com\\\/it\\\/#website\",\"url\":\"https:\\\/\\\/manekispincasino.com\\\/it\\\/\",\"name\":\"Manekispin\",\"description\":\"\",\"publisher\":{\"@id\":\"https:\\\/\\\/manekispincasino.com\\\/it\\\/#organization\"},\"potentialAction\":[{\"@type\":\"SearchAction\",\"target\":{\"@type\":\"EntryPoint\",\"urlTemplate\":\"https:\\\/\\\/manekispincasino.com\\\/it\\\/?s={search_term_string}\"},\"query-input\":{\"@type\":\"PropertyValueSpecification\",\"valueRequired\":true,\"valueName\":\"search_term_string\"}}],\"inLanguage\":\"it-IT\"},{\"@type\":\"Organization\",\"@id\":\"https:\\\/\\\/manekispincasino.com\\\/it\\\/#organization\",\"name\":\"Manekispin\",\"url\":\"https:\\\/\\\/manekispincasino.com\\\/it\\\/\",\"logo\":{\"@type\":\"ImageObject\",\"inLanguage\":\"it-IT\",\"@id\":\"https:\\\/\\\/manekispincasino.com\\\/it\\\/#\\\/schema\\\/logo\\\/image\\\/\",\"url\":\"https:\\\/\\\/manekispincasino.com\\\/wp-content\\\/uploads\\\/2026\\\/01\\\/logo.png\",\"contentUrl\":\"https:\\\/\\\/manekispincasino.com\\\/wp-content\\\/uploads\\\/2026\\\/01\\\/logo.png\",\"width\":79,\"height\":24,\"caption\":\"Manekispin\"},\"image\":{\"@id\":\"https:\\\/\\\/manekispincasino.com\\\/it\\\/#\\\/schema\\\/logo\\\/image\\\/\"}}]}<\/script>\n<!-- \/ Yoast SEO plugin. -->","yoast_head_json":{"title":"Esclusivo Manekispin Bonus | Cashback, premi VIP e giri gratuiti","description":"Non perdere le offerte Maneki Spin bonus! Richiedi cashback settimanali, tornei e vantaggi VIP per i giocatori pi\u00f9 fedeli. Scopri subito tutte le offerte attuali!","robots":{"index":"index","follow":"follow","max-snippet":"max-snippet:-1","max-image-preview":"max-image-preview:large","max-video-preview":"max-video-preview:-1"},"canonical":"https:\/\/manekispincasino.com\/it\/bonus\/","og_locale":"it_IT","og_type":"article","og_title":"Esclusivo Manekispin Bonus | Cashback, premi VIP e giri gratuiti","og_description":"Non perdere le offerte Maneki Spin bonus! Richiedi cashback settimanali, tornei e vantaggi VIP per i giocatori pi\u00f9 fedeli. Scopri subito tutte le offerte attuali!","og_url":"https:\/\/manekispincasino.com\/it\/bonus\/","og_site_name":"manekispin","article_modified_time":"2026-01-20T09:29:47+00:00","twitter_card":"summary_large_image","twitter_misc":{"Est. reading time":"1 minute"},"schema":{"@context":"https:\/\/schema.org","@graph":[{"@type":"WebPage","@id":"https:\/\/manekispincasino.com\/it\/bonus\/","url":"https:\/\/manekispincasino.com\/it\/bonus\/","name":"Esclusivo Manekispin Bonus | Cashback, premi VIP e giri gratuiti","isPartOf":{"@id":"https:\/\/manekispincasino.com\/it\/#website"},"datePublished":"2026-01-19T14:00:05+00:00","dateModified":"2026-01-20T09:29:47+00:00","description":"Non perdere le offerte Maneki Spin bonus! Richiedi cashback settimanali, tornei e vantaggi VIP per i giocatori pi\u00f9 fedeli. Scopri subito tutte le offerte attuali!","breadcrumb":{"@id":"https:\/\/manekispincasino.com\/it\/bonus\/#breadcrumb"},"inLanguage":"it-IT","potentialAction":[{"@type":"ReadAction","target":["https:\/\/manekispincasino.com\/it\/bonus\/"]}]},{"@type":"BreadcrumbList","@id":"https:\/\/manekispincasino.com\/it\/bonus\/#breadcrumb","itemListElement":[{"@type":"ListItem","position":1,"name":"Manekispin","item":"https:\/\/manekispincasino.com\/it\/"},{"@type":"ListItem","position":2,"name":"Bonus"}]},{"@type":"WebSite","@id":"https:\/\/manekispincasino.com\/it\/#website","url":"https:\/\/manekispincasino.com\/it\/","name":"Manekispin","description":"","publisher":{"@id":"https:\/\/manekispincasino.com\/it\/#organization"},"potentialAction":[{"@type":"SearchAction","target":{"@type":"EntryPoint","urlTemplate":"https:\/\/manekispincasino.com\/it\/?s={search_term_string}"},"query-input":{"@type":"PropertyValueSpecification","valueRequired":true,"valueName":"search_term_string"}}],"inLanguage":"it-IT"},{"@type":"Organization","@id":"https:\/\/manekispincasino.com\/it\/#organization","name":"Manekispin","url":"https:\/\/manekispincasino.com\/it\/","logo":{"@type":"ImageObject","inLanguage":"it-IT","@id":"https:\/\/manekispincasino.com\/it\/#\/schema\/logo\/image\/","url":"https:\/\/manekispincasino.com\/wp-content\/uploads\/2026\/01\/logo.png","contentUrl":"https:\/\/manekispincasino.com\/wp-content\/uploads\/2026\/01\/logo.png","width":79,"height":24,"caption":"Manekispin"},"image":{"@id":"https:\/\/manekispincasino.com\/it\/#\/schema\/logo\/image\/"}}]}},"_links":{"self":[{"href":"https:\/\/manekispincasino.com\/it\/wp-json\/wp\/v2\/pages\/1445","targetHints":{"allow":["GET"]}}],"collection":[{"href":"https:\/\/manekispincasino.com\/it\/wp-json\/wp\/v2\/pages"}],"about":[{"href":"https:\/\/manekispincasino.com\/it\/wp-json\/wp\/v2\/types\/page"}],"author":[{"embeddable":true,"href":"https:\/\/manekispincasino.com\/it\/wp-json\/wp\/v2\/users\/1"}],"replies":[{"embeddable":true,"href":"https:\/\/manekispincasino.com\/it\/wp-json\/wp\/v2\/comments?post=1445"}],"version-history":[{"count":2,"href":"https:\/\/manekispincasino.com\/it\/wp-json\/wp\/v2\/pages\/1445\/revisions"}],"predecessor-version":[{"id":1733,"href":"https:\/\/manekispincasino.com\/it\/wp-json\/wp\/v2\/pages\/1445\/revisions\/1733"}],"wp:attachment":[{"href":"https:\/\/manekispincasino.com\/it\/wp-json\/wp\/v2\/media?parent=1445"}],"curies":[{"name":"wp","href":"https:\/\/api.w.org\/{rel}","templated":true}]}}