{"id":1473,"date":"2026-01-19T13:53:44","date_gmt":"2026-01-19T13:53:44","guid":{"rendered":"https:\/\/manekispincasino.com\/login-and-registration\/"},"modified":"2026-01-20T09:25:23","modified_gmt":"2026-01-20T09:25:23","slug":"accesso-e-registrazione","status":"publish","type":"page","link":"https:\/\/manekispincasino.com\/it\/accesso-e-registrazione\/","title":{"rendered":"Accesso e registrazione"},"content":{"rendered":"<h1>Accesso e registrazione a Manekispin<\/h1>\n<p>Per iniziare a giocare con denaro reale e accedere a tutte le fantastiche funzionalit\u00e0 del nostro casin\u00f2 online, gli utenti italiani devono completare la procedura di Manekispin login. Tutti coloro che hanno almeno 18 anni e non hanno ancora un account sulla nostra piattaforma possono registrarsi. Si tratta di una procedura semplice che non richiede molto tempo. Di solito, i giocatori impiegano fino a 3 minuti per completare la registrazione.<\/p>\n<p><div class=\"banner-wrap\" aria-label=\"Banner\"><img src=\"https:\/\/manekispincasino.com\/wp-content\/uploads\/2026\/01\/Manekispin-banner-carousel-800\u0445400-6.webp\" class=\"w-100 d-none d-lg-block img-pc main-banner-img\" alt=\"Manekispin desktop banner\" fetchpriority=\"high\" decoding=\"async\"><img src=\"https:\/\/manekispincasino.com\/wp-content\/uploads\/2026\/01\/Manekispin-mobile-banner.webp\" class=\"w-100 d-none d-md-block d-lg-none main-banner-img\" alt=\"Manekispin mobile banner\" fetchpriority=\"high\" decoding=\"async\"><img src=\"https:\/\/manekispincasino.com\/wp-content\/uploads\/2026\/01\/Manekispin-mobile-banner.webp\" class=\"w-100 d-md-none\" alt=\"Manekispin mobile banner\" fetchpriority=\"high\" decoding=\"async\"><div class=\"banner-description\">\n<div class=\"banner-title\">Bonus di benvenuto<\/div>\n<p class=\"banner-header-title\">1500 \u20ac<\/p>\n<div class=\"banner-header-AdditionalText\">+ 250 Giri gratuiti<\/div>\n<button data-item=\"homepage_banner_link\" class=\"goto m-button m-gradient-border m-button--primary m-button--large banner-button btn-orange\">\n            <div class=\"m-button-content\">\n                <span>Iscriviti ora<\/span>\n                <span><\/span>\n            <\/div>\n        <\/button>\n<\/div>\n<div class=\"WelcomePack\">\n<p><img loading=\"lazy\" decoding=\"async\" class=\"alignnone size-full wp-image-1359\" src=\"https:\/\/manekispincasino.com\/wp-content\/uploads\/2026\/01\/welcome-crown.png\" alt=\"crown\" width=\"25\" height=\"26\" \/><\/p>\n<div class=\"WelcomePack-Info\">Cashback settimanale fino al 25%<\/div>\n<p><img loading=\"lazy\" decoding=\"async\" class=\"alignnone size-full wp-image-1359\" src=\"https:\/\/manekispincasino.com\/wp-content\/uploads\/2026\/01\/welcome-crown.png\" alt=\"crown\" width=\"25\" height=\"26\" \/><\/p>\n<\/div>\n<\/div><div class=\"scrollable-content-wrap my-5\"><div class=\"scrollable-content-inner\"><h2>Registrazione di un account su Manekispin Casino<\/h2>\n<p>Non richiediamo agli utenti di registrarsi sulla nostra piattaforma, ma farlo ti dar\u00e0 molti vantaggi e pieno accesso a tutte le funzionalit\u00e0. Se non hai completato il login su Manekispin, puoi giocare ad alcuni titoli in modalit\u00e0 demo senza depositi e rischi. In questo caso, non avrai nemmeno la possibilit\u00e0 di prelevare le tue vincite.<\/p>\n<p>Ma per scegliere tra migliaia di titoli da giocare con soldi veri, effettuare depositi e prelievi e approfittare delle promozioni, \u00e8 necessario un account su Maneki Spin Casino. Questo render\u00e0 anche la tua esperienza pi\u00f9 personalizzata con tutte le impostazioni del tuo profilo, tra cui le seguenti:<\/p>\n<ul>\n<li>Gestione delle informazioni personali e di pagamento<\/li>\n<li>Strumenti per il gioco responsabile<\/li>\n<li>Autenticazione a due fattori per una maggiore sicurezza<\/li>\n<li>Cronologia delle attivit\u00e0<\/li>\n<li>Link al programma di affiliazione e progressi<\/li>\n<\/ul>\n<h3>Come impostare il tuo profilo<\/h3>\n<p>Come gi\u00e0 accennato, la registrazione di un nuovo account su Manekispin Casino non richiede molto tempo. Il processo \u00e8 semplice, quindi anche i principianti potranno comprenderlo facilmente. Tuttavia, in caso di difficolt\u00e0, contatta il nostro team di assistenza tramite live chat o e-mail. Di seguito troverai una guida dettagliata su come creare un nuovo profilo:<\/p>\n<ol>\n<li>Nell&#8217;angolo in alto a destra del nostro sito web, clicca sul pulsante &#8220;Registrati&#8221;.<\/li>\n<li>Nel modulo che appare, compila i campi con il tuo indirizzo e-mail, la password e il codice promozionale, se ne hai uno.<\/li>\n<li>Conferma di avere almeno 18 anni e di accettare le regole della piattaforma. Puoi anche iscriverti alla newsletter.<\/li>\n<li>Dopo aver verificato i dati inseriti, clicca sul pulsante &#8220;Registrati&#8221; per confermare.<\/li>\n<li>A tutti gli utenti di Manekispin verr\u00e0 chiesto di inserire ulteriori informazioni personali. Puoi farlo ora o saltare questo passaggio e completarlo in un secondo momento.<\/li>\n<\/ol>\n<h2>Processo di verifica per i giocatori di Maneki Spin<\/h2>\n<p>Tutti i nostri utenti che completano il login su Manekispin devono sottoporsi al processo di verifica prima del loro primo prelievo. Si tratta di un passaggio importante per garantire la sicurezza della nostra piattaforma ed evitare frodi. Dobbiamo verificare la tua identit\u00e0, et\u00e0, indirizzo di residenza e titolarit\u00e0 del conto di pagamento. Devi caricare sul sito web le foto o le copie dei tuoi documenti personali. Nella tabella sottostante troverai ulteriori informazioni sul processo di verifica KYC.<\/p>\n<table>\n<tbody>\n<tr>\n<td>Passaggio<\/td>\n<td>Dettagli<\/td>\n<\/tr>\n<tr>\n<td>Accedi alla sezione di verifica<\/td>\n<td>Completa il login su Maneki Spin, quindi apri la sezione di verifica nel menu del tuo account.<\/td>\n<\/tr>\n<tr>\n<td>Carica i documenti necessari per dimostrare la tua identit\u00e0 e la tua et\u00e0<\/td>\n<td>Invia una foto o una scansione chiara di un documento d&#8217;identit\u00e0 valido rilasciato dal governo (passaporto, carta d&#8217;identit\u00e0 nazionale o patente di guida).<\/td>\n<\/tr>\n<tr>\n<td>Carica i documenti che confermano il tuo indirizzo di residenza<\/td>\n<td>Fornisci un documento recente che confermi il tuo indirizzo, come una bolletta o un estratto conto bancario emesso negli ultimi 3 mesi.<\/td>\n<\/tr>\n<tr>\n<td>Carica la prova di pagamento<\/td>\n<td>Carica un documento o uno screenshot che confermi la titolarit\u00e0 del metodo di pagamento utilizzato per i depositi.<\/td>\n<\/tr>\n<tr>\n<td>Invia per la revisione<\/td>\n<td>Una volta caricati tutti i documenti, inviali per la revisione tramite la pagina di verifica.<\/td>\n<\/tr>\n<tr>\n<td>Revisione della verifica<\/td>\n<td>Il nostro team esamina i documenti entro 48 ore.<\/td>\n<\/tr>\n<tr>\n<td>Conferma della verifica<\/td>\n<td>Riceverai una notifica una volta che il tuo account sar\u00e0 stato verificato e i prelievi saranno completamente abilitati.<\/td>\n<\/tr>\n<\/tbody>\n<\/table>\n<h2>Accedi al tuo account<\/h2>\n<p>Se hai gi\u00e0 un account sul nostro sito web o nell&#8217;applicazione mobile, sar\u00e0 ancora pi\u00f9 facile per te. Devi solo completare la procedura di accesso a Manekispin. Per farlo, inserisci il tuo indirizzo e-mail e la password che hai creato durante la registrazione nella sezione di accesso. Se hai abilitato l&#8217;autenticazione a due fattori, dovrai anche verificare la tua identit\u00e0 tramite SMS o un&#8217;applicazione separata.<\/p>\n<p>Puoi sempre modificare le tue informazioni personali o di pagamento nelle impostazioni dell&#8217;account. Ma se hai dimenticato la password durante l&#8217;accesso, non \u00e8 un problema perch\u00e9 offriamo l&#8217;opzione di reimpostazione della password Manekispin. Puoi farlo tramite il link &#8220;Hai dimenticato la password?&#8221; nella pagina di accesso inserendo il tuo indirizzo e-mail. Riceverai un link per reimpostare la password e potrai crearne una nuova. I giocatori possono contattare il nostro team di assistenza multilingue per qualsiasi domanda relativa al login su Manekispin.<\/p>\n<h2>Domande frequenti<\/h2>\n<h3>Quanto tempo occorre per verificare il mio account?<\/h3>\n<p>Dopo aver caricato e confermato i documenti, i nostri responsabili li esamineranno entro 48 ore. Una volta completata la verifica, riceverai una conferma tramite notifica push ed e-mail.<\/p>\n<h3>Tutte le informazioni personali fornite saranno conservate in modo sicuro?<\/h3>\n<p>Garantiamo che tutte le tue informazioni personali e di pagamento sono al sicuro con Manekispin Casino. Utilizziamo una crittografia SSL avanzata per proteggere i tuoi dati e tutti i processi del sito web.<\/p>\n<h3>Cosa devo fare se non riesco ad accedere al mio account Manekispin Casino?<\/h3>\n<p>Verifica di aver inserito l&#8217;indirizzo e-mail e la password corretti. Dovrebbero essere quelli che hai creato al momento della registrazione. Contatta il servizio di assistenza di Maneki Spin Casino tramite live chat o e-mail per ricevere aiuto.<\/p>\n<\/div><\/div><\/p>\n","protected":false},"excerpt":{"rendered":"<p>Accesso e registrazione a Manekispin Per iniziare a giocare con denaro reale e accedere a tutte le fantastiche funzionalit\u00e0 del nostro casin\u00f2 online, gli utenti italiani devono completare la procedura di Manekispin login. Tutti coloro che hanno almeno 18 anni e non hanno ancora un account sulla nostra piattaforma possono registrarsi. Si tratta di una [&hellip;]<\/p>\n","protected":false},"author":1,"featured_media":0,"parent":0,"menu_order":0,"comment_status":"closed","ping_status":"closed","template":"template-builder.php","meta":{"_acf_changed":false,"inline_featured_image":false,"footnotes":""},"class_list":["post-1473","page","type-page","status-publish","hentry"],"acf":[],"yoast_head":"<!-- This site is optimized with the Yoast SEO plugin v27.3 - https:\/\/yoast.com\/product\/yoast-seo-wordpress\/ -->\n<title>Manekispin Login | Accesso e registrazione sicuri dell&#039;account<\/title>\n<meta name=\"description\" content=\"Utilizza il tuo Maneki Spin Casino login o registrati in pochi secondi. Gestisci depositi, bonus e processo di verifica. Consulta le promozioni e goditi un gioco sicuro con assistenza 24\/7.\" \/>\n<meta name=\"robots\" content=\"index, follow, max-snippet:-1, max-image-preview:large, max-video-preview:-1\" \/>\n<link rel=\"canonical\" href=\"https:\/\/manekispincasino.com\/it\/accesso-e-registrazione\/\" \/>\n<meta property=\"og:locale\" content=\"it_IT\" \/>\n<meta property=\"og:type\" content=\"article\" \/>\n<meta property=\"og:title\" content=\"Manekispin Login | Accesso e registrazione sicuri dell&#039;account\" \/>\n<meta property=\"og:description\" content=\"Utilizza il tuo Maneki Spin Casino login o registrati in pochi secondi. Gestisci depositi, bonus e processo di verifica. Consulta le promozioni e goditi un gioco sicuro con assistenza 24\/7.\" \/>\n<meta property=\"og:url\" content=\"https:\/\/manekispincasino.com\/it\/accesso-e-registrazione\/\" \/>\n<meta property=\"og:site_name\" content=\"manekispin\" \/>\n<meta property=\"article:modified_time\" content=\"2026-01-20T09:25:23+00:00\" \/>\n<meta name=\"twitter:card\" content=\"summary_large_image\" \/>\n<meta name=\"twitter:label1\" content=\"Est. reading time\" \/>\n\t<meta name=\"twitter:data1\" content=\"1 minute\" \/>\n<script type=\"application\/ld+json\" class=\"yoast-schema-graph\">{\"@context\":\"https:\\\/\\\/schema.org\",\"@graph\":[{\"@type\":\"WebPage\",\"@id\":\"https:\\\/\\\/manekispincasino.com\\\/it\\\/accesso-e-registrazione\\\/\",\"url\":\"https:\\\/\\\/manekispincasino.com\\\/it\\\/accesso-e-registrazione\\\/\",\"name\":\"Manekispin Login | Accesso e registrazione sicuri dell'account\",\"isPartOf\":{\"@id\":\"https:\\\/\\\/manekispincasino.com\\\/it\\\/#website\"},\"datePublished\":\"2026-01-19T13:53:44+00:00\",\"dateModified\":\"2026-01-20T09:25:23+00:00\",\"description\":\"Utilizza il tuo Maneki Spin Casino login o registrati in pochi secondi. Gestisci depositi, bonus e processo di verifica. Consulta le promozioni e goditi un gioco sicuro con assistenza 24\\\/7.\",\"breadcrumb\":{\"@id\":\"https:\\\/\\\/manekispincasino.com\\\/it\\\/accesso-e-registrazione\\\/#breadcrumb\"},\"inLanguage\":\"it-IT\",\"potentialAction\":[{\"@type\":\"ReadAction\",\"target\":[\"https:\\\/\\\/manekispincasino.com\\\/it\\\/accesso-e-registrazione\\\/\"]}]},{\"@type\":\"BreadcrumbList\",\"@id\":\"https:\\\/\\\/manekispincasino.com\\\/it\\\/accesso-e-registrazione\\\/#breadcrumb\",\"itemListElement\":[{\"@type\":\"ListItem\",\"position\":1,\"name\":\"Manekispin\",\"item\":\"https:\\\/\\\/manekispincasino.com\\\/it\\\/\"},{\"@type\":\"ListItem\",\"position\":2,\"name\":\"Accesso e registrazione\"}]},{\"@type\":\"WebSite\",\"@id\":\"https:\\\/\\\/manekispincasino.com\\\/it\\\/#website\",\"url\":\"https:\\\/\\\/manekispincasino.com\\\/it\\\/\",\"name\":\"Manekispin\",\"description\":\"\",\"publisher\":{\"@id\":\"https:\\\/\\\/manekispincasino.com\\\/it\\\/#organization\"},\"potentialAction\":[{\"@type\":\"SearchAction\",\"target\":{\"@type\":\"EntryPoint\",\"urlTemplate\":\"https:\\\/\\\/manekispincasino.com\\\/it\\\/?s={search_term_string}\"},\"query-input\":{\"@type\":\"PropertyValueSpecification\",\"valueRequired\":true,\"valueName\":\"search_term_string\"}}],\"inLanguage\":\"it-IT\"},{\"@type\":\"Organization\",\"@id\":\"https:\\\/\\\/manekispincasino.com\\\/it\\\/#organization\",\"name\":\"Manekispin\",\"url\":\"https:\\\/\\\/manekispincasino.com\\\/it\\\/\",\"logo\":{\"@type\":\"ImageObject\",\"inLanguage\":\"it-IT\",\"@id\":\"https:\\\/\\\/manekispincasino.com\\\/it\\\/#\\\/schema\\\/logo\\\/image\\\/\",\"url\":\"https:\\\/\\\/manekispincasino.com\\\/wp-content\\\/uploads\\\/2026\\\/01\\\/logo.png\",\"contentUrl\":\"https:\\\/\\\/manekispincasino.com\\\/wp-content\\\/uploads\\\/2026\\\/01\\\/logo.png\",\"width\":79,\"height\":24,\"caption\":\"Manekispin\"},\"image\":{\"@id\":\"https:\\\/\\\/manekispincasino.com\\\/it\\\/#\\\/schema\\\/logo\\\/image\\\/\"}}]}<\/script>\n<!-- \/ Yoast SEO plugin. -->","yoast_head_json":{"title":"Manekispin Login | Accesso e registrazione sicuri dell'account","description":"Utilizza il tuo Maneki Spin Casino login o registrati in pochi secondi. Gestisci depositi, bonus e processo di verifica. Consulta le promozioni e goditi un gioco sicuro con assistenza 24\/7.","robots":{"index":"index","follow":"follow","max-snippet":"max-snippet:-1","max-image-preview":"max-image-preview:large","max-video-preview":"max-video-preview:-1"},"canonical":"https:\/\/manekispincasino.com\/it\/accesso-e-registrazione\/","og_locale":"it_IT","og_type":"article","og_title":"Manekispin Login | Accesso e registrazione sicuri dell'account","og_description":"Utilizza il tuo Maneki Spin Casino login o registrati in pochi secondi. Gestisci depositi, bonus e processo di verifica. Consulta le promozioni e goditi un gioco sicuro con assistenza 24\/7.","og_url":"https:\/\/manekispincasino.com\/it\/accesso-e-registrazione\/","og_site_name":"manekispin","article_modified_time":"2026-01-20T09:25:23+00:00","twitter_card":"summary_large_image","twitter_misc":{"Est. reading time":"1 minute"},"schema":{"@context":"https:\/\/schema.org","@graph":[{"@type":"WebPage","@id":"https:\/\/manekispincasino.com\/it\/accesso-e-registrazione\/","url":"https:\/\/manekispincasino.com\/it\/accesso-e-registrazione\/","name":"Manekispin Login | Accesso e registrazione sicuri dell'account","isPartOf":{"@id":"https:\/\/manekispincasino.com\/it\/#website"},"datePublished":"2026-01-19T13:53:44+00:00","dateModified":"2026-01-20T09:25:23+00:00","description":"Utilizza il tuo Maneki Spin Casino login o registrati in pochi secondi. Gestisci depositi, bonus e processo di verifica. Consulta le promozioni e goditi un gioco sicuro con assistenza 24\/7.","breadcrumb":{"@id":"https:\/\/manekispincasino.com\/it\/accesso-e-registrazione\/#breadcrumb"},"inLanguage":"it-IT","potentialAction":[{"@type":"ReadAction","target":["https:\/\/manekispincasino.com\/it\/accesso-e-registrazione\/"]}]},{"@type":"BreadcrumbList","@id":"https:\/\/manekispincasino.com\/it\/accesso-e-registrazione\/#breadcrumb","itemListElement":[{"@type":"ListItem","position":1,"name":"Manekispin","item":"https:\/\/manekispincasino.com\/it\/"},{"@type":"ListItem","position":2,"name":"Accesso e registrazione"}]},{"@type":"WebSite","@id":"https:\/\/manekispincasino.com\/it\/#website","url":"https:\/\/manekispincasino.com\/it\/","name":"Manekispin","description":"","publisher":{"@id":"https:\/\/manekispincasino.com\/it\/#organization"},"potentialAction":[{"@type":"SearchAction","target":{"@type":"EntryPoint","urlTemplate":"https:\/\/manekispincasino.com\/it\/?s={search_term_string}"},"query-input":{"@type":"PropertyValueSpecification","valueRequired":true,"valueName":"search_term_string"}}],"inLanguage":"it-IT"},{"@type":"Organization","@id":"https:\/\/manekispincasino.com\/it\/#organization","name":"Manekispin","url":"https:\/\/manekispincasino.com\/it\/","logo":{"@type":"ImageObject","inLanguage":"it-IT","@id":"https:\/\/manekispincasino.com\/it\/#\/schema\/logo\/image\/","url":"https:\/\/manekispincasino.com\/wp-content\/uploads\/2026\/01\/logo.png","contentUrl":"https:\/\/manekispincasino.com\/wp-content\/uploads\/2026\/01\/logo.png","width":79,"height":24,"caption":"Manekispin"},"image":{"@id":"https:\/\/manekispincasino.com\/it\/#\/schema\/logo\/image\/"}}]}},"_links":{"self":[{"href":"https:\/\/manekispincasino.com\/it\/wp-json\/wp\/v2\/pages\/1473","targetHints":{"allow":["GET"]}}],"collection":[{"href":"https:\/\/manekispincasino.com\/it\/wp-json\/wp\/v2\/pages"}],"about":[{"href":"https:\/\/manekispincasino.com\/it\/wp-json\/wp\/v2\/types\/page"}],"author":[{"embeddable":true,"href":"https:\/\/manekispincasino.com\/it\/wp-json\/wp\/v2\/users\/1"}],"replies":[{"embeddable":true,"href":"https:\/\/manekispincasino.com\/it\/wp-json\/wp\/v2\/comments?post=1473"}],"version-history":[{"count":1,"href":"https:\/\/manekispincasino.com\/it\/wp-json\/wp\/v2\/pages\/1473\/revisions"}],"predecessor-version":[{"id":1725,"href":"https:\/\/manekispincasino.com\/it\/wp-json\/wp\/v2\/pages\/1473\/revisions\/1725"}],"wp:attachment":[{"href":"https:\/\/manekispincasino.com\/it\/wp-json\/wp\/v2\/media?parent=1473"}],"curies":[{"name":"wp","href":"https:\/\/api.w.org\/{rel}","templated":true}]}}