{"id":1435,"date":"2026-01-19T13:46:35","date_gmt":"2026-01-19T13:46:35","guid":{"rendered":"https:\/\/manekispincasino.com\/app\/"},"modified":"2026-01-20T09:54:31","modified_gmt":"2026-01-20T09:54:31","slug":"aplikacja","status":"publish","type":"page","link":"https:\/\/manekispincasino.com\/pl\/aplikacja\/","title":{"rendered":"Aplikacja"},"content":{"rendered":"<h1>Aplikacja mobilna Manekispin na iOS i Androida<\/h1>\n<p>Manekispin App to twoja szansa na pozostanie online z dowolnego miejsca w Polska. Teraz nie b\u0119dziesz ograniczony lokalizacj\u0105 swojego domu lub komputera. Oferujemy Ci pe\u0142ni\u0119 wra\u017ce\u0144 z kasyna online bezpo\u015brednio na Twoim smartfonie lub tablecie. Wybierz mi\u0119dzy wersj\u0105 przegl\u0105darkow\u0105 a dedykowanym oprogramowaniem. Gwarantujemy, \u017ce obie wersje zapewniaj\u0105 dost\u0119p do wszystkich tytu\u0142\u00f3w i funkcji dost\u0119pnych na komputerze stacjonarnym.<\/p>\n<p><div class=\"banner-wrap\" aria-label=\"Banner\"><img src=\"https:\/\/manekispincasino.com\/wp-content\/uploads\/2026\/01\/Manekispin-banner-carousel-800\u0445400-6.webp\" class=\"w-100 d-none d-lg-block img-pc main-banner-img\" alt=\"Manekispin desktop banner\" fetchpriority=\"high\" decoding=\"async\"><img src=\"https:\/\/manekispincasino.com\/wp-content\/uploads\/2026\/01\/Manekispin-mobile-banner.webp\" class=\"w-100 d-none d-md-block d-lg-none main-banner-img\" alt=\"Manekispin mobile banner\" fetchpriority=\"high\" decoding=\"async\"><img src=\"https:\/\/manekispincasino.com\/wp-content\/uploads\/2026\/01\/Manekispin-mobile-banner.webp\" class=\"w-100 d-md-none\" alt=\"Manekispin mobile banner\" fetchpriority=\"high\" decoding=\"async\"><div class=\"banner-description\">\n<div class=\"banner-title\">Bonusy powitalne<\/div>\n<p class=\"banner-header-title\">1500 \u20ac<\/p>\n<div class=\"banner-header-AdditionalText\">+ 250 Darmowe spiny<\/div>\n<button data-item=\"homepage_banner_link\" class=\"goto m-button m-gradient-border m-button--primary m-button--large banner-button btn-orange\">\n            <div class=\"m-button-content\">\n                <span>Zarejestruj si\u0119 teraz<\/span>\n                <span><\/span>\n            <\/div>\n        <\/button>\n<\/div>\n<div class=\"WelcomePack\">\n<p><img loading=\"lazy\" decoding=\"async\" class=\"alignnone size-full wp-image-1359\" src=\"https:\/\/manekispincasino.com\/wp-content\/uploads\/2026\/01\/welcome-crown.png\" alt=\"crown\" width=\"25\" height=\"26\" \/><\/p>\n<div class=\"WelcomePack-Info\">Cotygodniowy zwrot got\u00f3wki do 25%<\/div>\n<p><img loading=\"lazy\" decoding=\"async\" class=\"alignnone size-full wp-image-1359\" src=\"https:\/\/manekispincasino.com\/wp-content\/uploads\/2026\/01\/welcome-crown.png\" alt=\"crown\" width=\"25\" height=\"26\" \/><\/p>\n<\/div>\n<\/div><div class=\"scrollable-content-wrap my-5\"><div class=\"scrollable-content-inner\"><h2>Manekispin na komputerach Mac lub Windows<\/h2>\n<p>Komputer z du\u017cym ekranem pozostaje wygodn\u0105 opcj\u0105 dla wszystkich naszych nowych i sta\u0142ych u\u017cytkownik\u00f3w. Maneki Spin Casino jest kompatybilne ze wszystkimi nowoczesnymi komputerami stacjonarnymi i laptopami. Wygl\u0105d, nawigacja i gry idealnie dostosowuj\u0105 si\u0119 do rozmiaru ekranu.<\/p>\n<p>Mo\u017cesz gra\u0107 w swoje ulubione gry w preferowanej przegl\u0105darce na urz\u0105dzeniu Mac lub Windows. Aby uzyska\u0107 szybszy dost\u0119p, mo\u017cesz przypi\u0105\u0107 stron\u0119 internetow\u0105 w przegl\u0105darce lub utworzy\u0107 ikon\u0119 skr\u00f3tu. Umo\u017cliwi to odwiedzanie strony internetowej jednym klikni\u0119ciem bezpo\u015brednio z ekranu g\u0142\u00f3wnego.<\/p>\n<p>Je\u015bli chcesz po\u0142\u0105czy\u0107 kilka urz\u0105dze\u0144 i gra\u0107 na komputerze PC, smartfonie lub tablecie, w zale\u017cno\u015bci od sytuacji, jest to r\u00f3wnie\u017c mo\u017cliwe dzi\u0119ki Manekispin. Po zalogowaniu si\u0119 na swoje konto wszystkie Twoje osi\u0105gni\u0119cia i ustawienia zostan\u0105 zsynchronizowane na wszystkich urz\u0105dzeniach.<\/p>\n<p><img loading=\"lazy\" decoding=\"async\" src=\"https:\/\/manekispincasino.com\/wp-content\/uploads\/2026\/01\/Manekispin-Desktop.webp\" alt=\"Manekispin Desktop\" width=\"1248\" height=\"536\" \/><\/p>\n<\/div><\/div><div style=\"clear: both\"><\/div><div class=\"d-flex justify-content-center\"><button data-item=\"decouvrez_link\" data-group=\"website_links\" class=\"goto fw-bold rounded-pill btn btn-orange\" aria-label=\"Pobierz aplikacj\u0119 Manekispin\" >Pobierz aplikacj\u0119 Manekispin<\/button><\/div><div class=\"scrollable-content-wrap my-5\"><div class=\"scrollable-content-inner\"><h2>Aplikacja Manekispin na urz\u0105dzenia z systemem Android<\/h2>\n<p>Ka\u017cdy, kto ma urz\u0105dzenie z systemem Android, mo\u017ce uzyska\u0107 dost\u0119p do wersji mobilnej bez ogranicze\u0144. U\u017cytkownicy mog\u0105 \u0142atwo odwiedza\u0107 nasz\u0105 stron\u0119 internetow\u0105 za pomoc\u0105 dowolnej przegl\u0105darki mobilnej, takiej jak Google Chrome. Wszystkie Twoje ulubione gry, w tym automaty online, gry sto\u0142owe, opcje z krupierem na \u017cywo i gry z natychmiastow\u0105 wygran\u0105, b\u0119d\u0105 dost\u0119pne na smartfonie lub tablecie z systemem Android.<\/p>\n<p>Oprogramowanie mobilne Manekispin Casino zosta\u0142o zbudowane jako progresywna aplikacja internetowa (PWA). Oznacza to, \u017ce mobilne kasyno wykorzystuje wy\u0142\u0105cznie dane z pami\u0119ci podr\u0119cznej i nie zajmuje miejsca w pami\u0119ci urz\u0105dzenia. \u0141adowanie i rozgrywka s\u0105 p\u0142ynne i szybkie.<\/p>\n<h3>Instalacja aplikacji<\/h3>\n<p>Prosty proces instalacji jest dost\u0119pny na naszej stronie internetowej. Regularnie sprawdzamy aplikacj\u0119 Manekispin i mo\u017cemy zagwarantowa\u0107, \u017ce jest ona bezpieczna dla Twojego urz\u0105dzenia. Poni\u017cej znajdziesz instrukcje instalacji:<\/p>\n<ol>\n<li>Przejd\u017a na d\u00f3\u0142 naszej strony internetowej na dowolnym urz\u0105dzeniu mobilnym.<\/li>\n<li>Znajd\u017a i kliknij przycisk \u201eAplikacja kasyna\u201d.<\/li>\n<li>Na nowo wy\u015bwietlonej stronie wybierz \u201eZainstaluj\u201d na \u015brodku ekranu.<\/li>\n<li>Przy stabilnym po\u0142\u0105czeniu internetowym instalacja zajmie nie wi\u0119cej ni\u017c kilka minut.<\/li>\n<li>Po zako\u0144czeniu procesu na ekranie g\u0142\u00f3wnym pojawi si\u0119 ikona marki Maneki Spin Casino. Aby rozpocz\u0105\u0107 gr\u0119 na prawdziwe pieni\u0105dze, zarejestruj si\u0119 i zaloguj na swoje konto.<\/li>\n<\/ol>\n<p><img loading=\"lazy\" decoding=\"async\" src=\"https:\/\/manekispincasino.com\/wp-content\/uploads\/2026\/01\/Manekispin-Android-App.webp\" alt=\"Manekispin Android App\" width=\"1248\" height=\"536\" \/><\/p>\n<\/div><\/div><div style=\"clear: both\"><\/div><div class=\"d-flex justify-content-center\"><button data-item=\"decouvrez_link\" data-group=\"website_links\" class=\"goto fw-bold rounded-pill btn btn-orange\" aria-label=\"Pobierz Manekispin\" >Pobierz Manekispin<\/button><\/div><div class=\"scrollable-content-wrap my-5\"><div class=\"scrollable-content-inner\"><h2>Aplikacja mobilna na iPhone&#8217;y i iPady<\/h2>\n<p>Wszyscy u\u017cytkownicy Manekispin z systemem iOS maj\u0105 r\u00f3wnie\u017c mo\u017cliwo\u015b\u0107 grania we wszystkie swoje ulubione gry w podr\u00f3\u017cy. Gwarantujemy, \u017ce podczas tego procesu do\u015bwiadczysz takiej samej lub wi\u0119kszej satysfakcji. Rejestracja i logowanie s\u0105 dost\u0119pne na urz\u0105dzeniach mobilnych. Ponadto przed pierwsz\u0105 wyp\u0142at\u0105 nale\u017cy przej\u015b\u0107 proces weryfikacji.<\/p>\n<p>Mo\u017cesz korzysta\u0107 z przegl\u0105darkowej wersji platformy na swoim iPhonie lub iPadzie. Nie wymaga to \u017cadnych dodatkowych pobra\u0144. Je\u015bli napotkasz jakiekolwiek problemy z wersj\u0105 mobiln\u0105, zawsze mo\u017cesz skontaktowa\u0107 si\u0119 z naszym zespo\u0142em pomocy technicznej za po\u015brednictwem czatu na \u017cywo lub poczty elektronicznej. Nasi mened\u017cerowie sprawdz\u0105 wszystko i skontaktuj\u0105 si\u0119 z Tob\u0105, przedstawiaj\u0105c rozwi\u0105zanie.<\/p>\n<h3>Skonfiguruj aplikacj\u0119 na iOS<\/h3>\n<p>Aby uzyska\u0107 szybszy dost\u0119p do strony internetowej na urz\u0105dzeniu mobilnym, mo\u017cesz zainstalowa\u0107 skr\u00f3t na ekranie g\u0142\u00f3wnym. Mo\u017cna to zrobi\u0107 w ustawieniach ka\u017cdej nowoczesnej przegl\u0105darki, wybieraj\u0105c opcj\u0119 \u201eDodaj do ekranu g\u0142\u00f3wnego\u201d lub za pomoc\u0105 aplikacji Skr\u00f3ty na iPhone&#8217;a i iPada.<\/p>\n<p>Aby uzyska\u0107 bardziej spersonalizowany proces, mo\u017cesz zainstalowa\u0107 aplikacj\u0119 Manekispin z naszej platformy. Umo\u017cliwi to otrzymywanie powiadomie\u0144 push i dost\u0119p do ekskluzywnych ofert dost\u0119pnych tylko dla graczy mobilnych.<\/p>\n<p><img loading=\"lazy\" decoding=\"async\" src=\"https:\/\/manekispincasino.com\/wp-content\/uploads\/2026\/01\/Manekispin-iOS-App.webp\" alt=\"Manekispin iOS App\" width=\"1248\" height=\"536\" \/><\/p>\n<\/div><\/div><div style=\"clear: both\"><\/div><div class=\"d-flex justify-content-center\"><button data-item=\"decouvrez_link\" data-group=\"website_links\" class=\"goto fw-bold rounded-pill btn btn-orange\" aria-label=\"Pobierz aplikacj\u0119 Manekispin\" >Pobierz aplikacj\u0119 Manekispin<\/button><\/div><\/p>\n<h2>Zalety aplikacji Maneki Spin<\/h2>\n<p>W dzisiejszym \u015bwiecie trudno wyobrazi\u0107 sobie stron\u0119 internetow\u0105 bez wersji mobilnej lub dedykowanej aplikacji mobilnej. W kasynie Manekispin ponad po\u0142owa u\u017cytkownik\u00f3w woli korzysta\u0107 ze smartfon\u00f3w lub tablet\u00f3w, aby cieszy\u0107 si\u0119 gr\u0105. Dlatego tak wa\u017cne by\u0142o dla nas stworzenie wygodnej opcji, kt\u00f3ra nie b\u0119dzie ust\u0119powa\u0107 g\u0142\u00f3wnej wersji na komputery PC.<\/p>\n<p>Oferujemy naszym klientom dwa sposoby gry na urz\u0105dzeniach mobilnych: wersj\u0119 przegl\u0105darkow\u0105 i aplikacj\u0119 Manekispin Casino. Uzyskujesz dost\u0119p do ca\u0142ej kolekcji gier bez utraty post\u0119p\u00f3w osi\u0105gni\u0119tych na komputerze. Poni\u017csza tabela przedstawia g\u0142\u00f3wne zalety oprogramowania mobilnego dla system\u00f3w Android i iOS.<\/p>\n<table>\n<tbody>\n<tr>\n<td>Funkcja<\/td>\n<td>Opis<\/td>\n<\/tr>\n<tr>\n<td>Aktualizacje<\/td>\n<td>Aktualizacje s\u0105 wykonywane natychmiastowo, bez konieczno\u015bci podejmowania jakichkolwiek dzia\u0142a\u0144 przez u\u017cytkownika.<\/td>\n<\/tr>\n<tr>\n<td>Obs\u0142uga wielu platform<\/td>\n<td>Dzia\u0142a na systemach Android, iOS, Windows i macOS przy u\u017cyciu tej samej technologii internetowej.<\/td>\n<\/tr>\n<tr>\n<td>Powiadomienia push<\/td>\n<td>Obs\u0142uguje powiadomienia w czasie rzeczywistym dotycz\u0105ce nowo\u015bci.<\/td>\n<\/tr>\n<tr>\n<td>Dost\u0119p<\/td>\n<td>Uruchamia si\u0119 bezpo\u015brednio z ekranu g\u0142\u00f3wnego urz\u0105dzenia.<\/td>\n<\/tr>\n<tr>\n<td>Integracja zabezpiecze\u0144<\/td>\n<td>Wykorzystuje zabezpieczenia na poziomie przegl\u0105darki, szyfrowanie HTTPS i izolowane \u015brodowisko uruchomieniowe.<\/td>\n<\/tr>\n<tr>\n<td>Efektywno\u015b\u0107 danych<\/td>\n<td>Zaprojektowany tak, aby zu\u017cywa\u0107 mniej danych mobilnych ni\u017c wersja przegl\u0105darkowa.<\/td>\n<\/tr>\n<tr>\n<td>Kompatybilno\u015b\u0107 z urz\u0105dzeniami<\/td>\n<td>Automatycznie dostosowuje si\u0119 do r\u00f3\u017cnych rozmiar\u00f3w ekran\u00f3w i rozdzielczo\u015bci.<\/td>\n<\/tr>\n<\/tbody>\n<\/table>\n<div class=\"scrollable-content-wrap my-5\"><div class=\"scrollable-content-inner\"><h2>Cz\u0119sto zadawane pytania<\/h2>\n<h3>Jak mog\u0119 zaktualizowa\u0107 aplikacj\u0119?<\/h3>\n<p>Aplikacja Maneki Spin aktualizuje si\u0119 automatycznie, bez konieczno\u015bci wykonywania dodatkowych czynno\u015bci. Je\u015bli pojawi\u0105 si\u0119 istotne zmiany i konieczne b\u0119dzie zainstalowanie nowej wersji, poinformujemy Ci\u0119 o tym za pomoc\u0105 powiadomie\u0144 push i wiadomo\u015bci e-mail.<\/p>\n<h3>Czy wszystkie gry i funkcje s\u0105 dost\u0119pne na urz\u0105dzeniach mobilnych?<\/h3>\n<p>Wszystkie ponad 6.000 tytu\u0142\u00f3w jest dost\u0119pnych w mobilnej wersji kasyna Manekispin. Wszystkie s\u0105 zoptymalizowane pod k\u0105tem ma\u0142ych ekran\u00f3w i zapewniaj\u0105 wysok\u0105 jako\u015b\u0107 rozgrywki. Wszystkie inne funkcje, takie jak promocje, p\u0142atno\u015bci, ustawienia konta i wiele innych, s\u0105 dost\u0119pne w aplikacji.<\/p>\n<h3>Czy korzystanie z aplikacji Manekispin jest dla mnie bezpieczne?<\/h3>\n<p>Nasze kasyno online bardzo powa\u017cnie traktuje bezpiecze\u0144stwo klient\u00f3w i danych. Regularnie testujemy wersj\u0119 mobiln\u0105 i aplikacj\u0119. Wszystkie dane osobowe i informacje dotycz\u0105ce p\u0142atno\u015bci s\u0105 szyfrowane. Aby zapewni\u0107 wy\u017cszy poziom ochrony, w ustawieniach konta mo\u017cna w\u0142\u0105czy\u0107 uwierzytelnianie dwusk\u0142adnikowe.<\/p>\n<\/div><\/div>\n","protected":false},"excerpt":{"rendered":"<p>Aplikacja mobilna Manekispin na iOS i Androida Manekispin App to twoja szansa na pozostanie online z dowolnego miejsca w Polska. Teraz nie b\u0119dziesz ograniczony lokalizacj\u0105 swojego domu lub komputera. Oferujemy Ci pe\u0142ni\u0119 wra\u017ce\u0144 z kasyna online bezpo\u015brednio na Twoim smartfonie lub tablecie. Wybierz mi\u0119dzy wersj\u0105 przegl\u0105darkow\u0105 a dedykowanym oprogramowaniem. Gwarantujemy, \u017ce obie wersje zapewniaj\u0105 dost\u0119p [&hellip;]<\/p>\n","protected":false},"author":1,"featured_media":0,"parent":0,"menu_order":0,"comment_status":"closed","ping_status":"closed","template":"template-builder.php","meta":{"_acf_changed":false,"inline_featured_image":false,"footnotes":""},"class_list":["post-1435","page","type-page","status-publish","hentry"],"acf":[],"yoast_head":"<!-- This site is optimized with the Yoast SEO plugin v27.3 - https:\/\/yoast.com\/product\/yoast-seo-wordpress\/ -->\n<title>Manekispin App | Kasyno mobilne na Androida i iOS<\/title>\n<meta name=\"description\" content=\"Graj w sloty, jackpoty i gry z krupierem na \u017cywo w dowolnym miejscu dzi\u0119ki Maneki Spin App. Szybka, bezpieczna i zoptymalizowana pod k\u0105tem wszystkich urz\u0105dze\u0144. Pobierz teraz!\" \/>\n<meta name=\"robots\" content=\"index, follow, max-snippet:-1, max-image-preview:large, max-video-preview:-1\" \/>\n<link rel=\"canonical\" href=\"https:\/\/manekispincasino.com\/pl\/aplikacja\/\" \/>\n<meta property=\"og:locale\" content=\"pl_PL\" \/>\n<meta property=\"og:type\" content=\"article\" \/>\n<meta property=\"og:title\" content=\"Manekispin App | Kasyno mobilne na Androida i iOS\" \/>\n<meta property=\"og:description\" content=\"Graj w sloty, jackpoty i gry z krupierem na \u017cywo w dowolnym miejscu dzi\u0119ki Maneki Spin App. Szybka, bezpieczna i zoptymalizowana pod k\u0105tem wszystkich urz\u0105dze\u0144. Pobierz teraz!\" \/>\n<meta property=\"og:url\" content=\"https:\/\/manekispincasino.com\/pl\/aplikacja\/\" \/>\n<meta property=\"og:site_name\" content=\"manekispin\" \/>\n<meta property=\"article:modified_time\" content=\"2026-01-20T09:54:31+00:00\" \/>\n<meta name=\"twitter:card\" content=\"summary_large_image\" \/>\n<meta name=\"twitter:label1\" content=\"Est. reading time\" \/>\n\t<meta name=\"twitter:data1\" content=\"2 minutes\" \/>\n<script type=\"application\/ld+json\" class=\"yoast-schema-graph\">{\"@context\":\"https:\\\/\\\/schema.org\",\"@graph\":[{\"@type\":\"WebPage\",\"@id\":\"https:\\\/\\\/manekispincasino.com\\\/pl\\\/aplikacja\\\/\",\"url\":\"https:\\\/\\\/manekispincasino.com\\\/pl\\\/aplikacja\\\/\",\"name\":\"Manekispin App | Kasyno mobilne na Androida i iOS\",\"isPartOf\":{\"@id\":\"https:\\\/\\\/manekispincasino.com\\\/pl\\\/#website\"},\"datePublished\":\"2026-01-19T13:46:35+00:00\",\"dateModified\":\"2026-01-20T09:54:31+00:00\",\"description\":\"Graj w sloty, jackpoty i gry z krupierem na \u017cywo w dowolnym miejscu dzi\u0119ki Maneki Spin App. Szybka, bezpieczna i zoptymalizowana pod k\u0105tem wszystkich urz\u0105dze\u0144. Pobierz teraz!\",\"breadcrumb\":{\"@id\":\"https:\\\/\\\/manekispincasino.com\\\/pl\\\/aplikacja\\\/#breadcrumb\"},\"inLanguage\":\"pl-PL\",\"potentialAction\":[{\"@type\":\"ReadAction\",\"target\":[\"https:\\\/\\\/manekispincasino.com\\\/pl\\\/aplikacja\\\/\"]}]},{\"@type\":\"BreadcrumbList\",\"@id\":\"https:\\\/\\\/manekispincasino.com\\\/pl\\\/aplikacja\\\/#breadcrumb\",\"itemListElement\":[{\"@type\":\"ListItem\",\"position\":1,\"name\":\"Manekispin\",\"item\":\"https:\\\/\\\/manekispincasino.com\\\/pl\\\/\"},{\"@type\":\"ListItem\",\"position\":2,\"name\":\"Aplikacja\"}]},{\"@type\":\"WebSite\",\"@id\":\"https:\\\/\\\/manekispincasino.com\\\/pl\\\/#website\",\"url\":\"https:\\\/\\\/manekispincasino.com\\\/pl\\\/\",\"name\":\"Manekispin\",\"description\":\"\",\"publisher\":{\"@id\":\"https:\\\/\\\/manekispincasino.com\\\/pl\\\/#organization\"},\"potentialAction\":[{\"@type\":\"SearchAction\",\"target\":{\"@type\":\"EntryPoint\",\"urlTemplate\":\"https:\\\/\\\/manekispincasino.com\\\/pl\\\/?s={search_term_string}\"},\"query-input\":{\"@type\":\"PropertyValueSpecification\",\"valueRequired\":true,\"valueName\":\"search_term_string\"}}],\"inLanguage\":\"pl-PL\"},{\"@type\":\"Organization\",\"@id\":\"https:\\\/\\\/manekispincasino.com\\\/pl\\\/#organization\",\"name\":\"Manekispin\",\"url\":\"https:\\\/\\\/manekispincasino.com\\\/pl\\\/\",\"logo\":{\"@type\":\"ImageObject\",\"inLanguage\":\"pl-PL\",\"@id\":\"https:\\\/\\\/manekispincasino.com\\\/pl\\\/#\\\/schema\\\/logo\\\/image\\\/\",\"url\":\"https:\\\/\\\/manekispincasino.com\\\/wp-content\\\/uploads\\\/2026\\\/01\\\/logo.png\",\"contentUrl\":\"https:\\\/\\\/manekispincasino.com\\\/wp-content\\\/uploads\\\/2026\\\/01\\\/logo.png\",\"width\":79,\"height\":24,\"caption\":\"Manekispin\"},\"image\":{\"@id\":\"https:\\\/\\\/manekispincasino.com\\\/pl\\\/#\\\/schema\\\/logo\\\/image\\\/\"}}]}<\/script>\n<!-- \/ Yoast SEO plugin. -->","yoast_head_json":{"title":"Manekispin App | Kasyno mobilne na Androida i iOS","description":"Graj w sloty, jackpoty i gry z krupierem na \u017cywo w dowolnym miejscu dzi\u0119ki Maneki Spin App. Szybka, bezpieczna i zoptymalizowana pod k\u0105tem wszystkich urz\u0105dze\u0144. Pobierz teraz!","robots":{"index":"index","follow":"follow","max-snippet":"max-snippet:-1","max-image-preview":"max-image-preview:large","max-video-preview":"max-video-preview:-1"},"canonical":"https:\/\/manekispincasino.com\/pl\/aplikacja\/","og_locale":"pl_PL","og_type":"article","og_title":"Manekispin App | Kasyno mobilne na Androida i iOS","og_description":"Graj w sloty, jackpoty i gry z krupierem na \u017cywo w dowolnym miejscu dzi\u0119ki Maneki Spin App. Szybka, bezpieczna i zoptymalizowana pod k\u0105tem wszystkich urz\u0105dze\u0144. Pobierz teraz!","og_url":"https:\/\/manekispincasino.com\/pl\/aplikacja\/","og_site_name":"manekispin","article_modified_time":"2026-01-20T09:54:31+00:00","twitter_card":"summary_large_image","twitter_misc":{"Est. reading time":"2 minutes"},"schema":{"@context":"https:\/\/schema.org","@graph":[{"@type":"WebPage","@id":"https:\/\/manekispincasino.com\/pl\/aplikacja\/","url":"https:\/\/manekispincasino.com\/pl\/aplikacja\/","name":"Manekispin App | Kasyno mobilne na Androida i iOS","isPartOf":{"@id":"https:\/\/manekispincasino.com\/pl\/#website"},"datePublished":"2026-01-19T13:46:35+00:00","dateModified":"2026-01-20T09:54:31+00:00","description":"Graj w sloty, jackpoty i gry z krupierem na \u017cywo w dowolnym miejscu dzi\u0119ki Maneki Spin App. Szybka, bezpieczna i zoptymalizowana pod k\u0105tem wszystkich urz\u0105dze\u0144. Pobierz teraz!","breadcrumb":{"@id":"https:\/\/manekispincasino.com\/pl\/aplikacja\/#breadcrumb"},"inLanguage":"pl-PL","potentialAction":[{"@type":"ReadAction","target":["https:\/\/manekispincasino.com\/pl\/aplikacja\/"]}]},{"@type":"BreadcrumbList","@id":"https:\/\/manekispincasino.com\/pl\/aplikacja\/#breadcrumb","itemListElement":[{"@type":"ListItem","position":1,"name":"Manekispin","item":"https:\/\/manekispincasino.com\/pl\/"},{"@type":"ListItem","position":2,"name":"Aplikacja"}]},{"@type":"WebSite","@id":"https:\/\/manekispincasino.com\/pl\/#website","url":"https:\/\/manekispincasino.com\/pl\/","name":"Manekispin","description":"","publisher":{"@id":"https:\/\/manekispincasino.com\/pl\/#organization"},"potentialAction":[{"@type":"SearchAction","target":{"@type":"EntryPoint","urlTemplate":"https:\/\/manekispincasino.com\/pl\/?s={search_term_string}"},"query-input":{"@type":"PropertyValueSpecification","valueRequired":true,"valueName":"search_term_string"}}],"inLanguage":"pl-PL"},{"@type":"Organization","@id":"https:\/\/manekispincasino.com\/pl\/#organization","name":"Manekispin","url":"https:\/\/manekispincasino.com\/pl\/","logo":{"@type":"ImageObject","inLanguage":"pl-PL","@id":"https:\/\/manekispincasino.com\/pl\/#\/schema\/logo\/image\/","url":"https:\/\/manekispincasino.com\/wp-content\/uploads\/2026\/01\/logo.png","contentUrl":"https:\/\/manekispincasino.com\/wp-content\/uploads\/2026\/01\/logo.png","width":79,"height":24,"caption":"Manekispin"},"image":{"@id":"https:\/\/manekispincasino.com\/pl\/#\/schema\/logo\/image\/"}}]}},"_links":{"self":[{"href":"https:\/\/manekispincasino.com\/pl\/wp-json\/wp\/v2\/pages\/1435","targetHints":{"allow":["GET"]}}],"collection":[{"href":"https:\/\/manekispincasino.com\/pl\/wp-json\/wp\/v2\/pages"}],"about":[{"href":"https:\/\/manekispincasino.com\/pl\/wp-json\/wp\/v2\/types\/page"}],"author":[{"embeddable":true,"href":"https:\/\/manekispincasino.com\/pl\/wp-json\/wp\/v2\/users\/1"}],"replies":[{"embeddable":true,"href":"https:\/\/manekispincasino.com\/pl\/wp-json\/wp\/v2\/comments?post=1435"}],"version-history":[{"count":2,"href":"https:\/\/manekispincasino.com\/pl\/wp-json\/wp\/v2\/pages\/1435\/revisions"}],"predecessor-version":[{"id":1779,"href":"https:\/\/manekispincasino.com\/pl\/wp-json\/wp\/v2\/pages\/1435\/revisions\/1779"}],"wp:attachment":[{"href":"https:\/\/manekispincasino.com\/pl\/wp-json\/wp\/v2\/media?parent=1435"}],"curies":[{"name":"wp","href":"https:\/\/api.w.org\/{rel}","templated":true}]}}