{"id":1474,"date":"2026-01-19T13:53:44","date_gmt":"2026-01-19T13:53:44","guid":{"rendered":"https:\/\/manekispincasino.com\/login-and-registration\/"},"modified":"2026-01-20T10:01:19","modified_gmt":"2026-01-20T10:01:19","slug":"logowanie-i-rejestracja","status":"publish","type":"page","link":"https:\/\/manekispincasino.com\/pl\/logowanie-i-rejestracja\/","title":{"rendered":"Logowanie i rejestracja"},"content":{"rendered":"<h1>Logowanie i rejestracja w Manekispin<\/h1>\n<p>Aby zacz\u0105\u0107 gra\u0107 na prawdziwe pieni\u0105dze i uzyska\u0107 dost\u0119p do wszystkich fajnych funkcji naszego kasyna online, u\u017cytkownicy z Polska musz\u0105 przej\u015b\u0107 proces Manekispin login. Ka\u017cdy, kto ma uko\u0144czone 18 lat i nie ma jeszcze konta na naszej platformie, mo\u017ce zarejestrowa\u0107 nowe konto. Jest to prosty proces, kt\u00f3ry nie zajmie du\u017co czasu. Zazwyczaj gracze potrzebuj\u0105 do 3 minut, aby zako\u0144czy\u0107 rejestracj\u0119.<\/p>\n<p><div class=\"banner-wrap\" aria-label=\"Banner\"><img src=\"https:\/\/manekispincasino.com\/wp-content\/uploads\/2026\/01\/Manekispin-banner-carousel-800\u0445400-6.webp\" class=\"w-100 d-none d-lg-block img-pc main-banner-img\" alt=\"Manekispin desktop banner\" fetchpriority=\"high\" decoding=\"async\"><img src=\"https:\/\/manekispincasino.com\/wp-content\/uploads\/2026\/01\/Manekispin-mobile-banner.webp\" class=\"w-100 d-none d-md-block d-lg-none main-banner-img\" alt=\"Manekispin mobile banner\" fetchpriority=\"high\" decoding=\"async\"><img src=\"https:\/\/manekispincasino.com\/wp-content\/uploads\/2026\/01\/Manekispin-mobile-banner.webp\" class=\"w-100 d-md-none\" alt=\"Manekispin mobile banner\" fetchpriority=\"high\" decoding=\"async\"><div class=\"banner-description\">\n<div class=\"banner-title\">Bonusy powitalne<\/div>\n<p class=\"banner-header-title\">1500 \u20ac<\/p>\n<div class=\"banner-header-AdditionalText\">+ 250 Darmowe spiny<\/div>\n<button data-item=\"homepage_banner_link\" class=\"goto m-button m-gradient-border m-button--primary m-button--large banner-button btn-orange\">\n            <div class=\"m-button-content\">\n                <span>Zarejestruj si\u0119 teraz<\/span>\n                <span><\/span>\n            <\/div>\n        <\/button>\n<\/div>\n<div class=\"WelcomePack\">\n<p><img loading=\"lazy\" decoding=\"async\" class=\"alignnone size-full wp-image-1359\" src=\"https:\/\/manekispincasino.com\/wp-content\/uploads\/2026\/01\/welcome-crown.png\" alt=\"crown\" width=\"25\" height=\"26\" \/><\/p>\n<div class=\"WelcomePack-Info\">Cotygodniowy zwrot got\u00f3wki do 25%<\/div>\n<p><img loading=\"lazy\" decoding=\"async\" class=\"alignnone size-full wp-image-1359\" src=\"https:\/\/manekispincasino.com\/wp-content\/uploads\/2026\/01\/welcome-crown.png\" alt=\"crown\" width=\"25\" height=\"26\" \/><\/p>\n<\/div>\n<\/div><div class=\"scrollable-content-wrap my-5\"><div class=\"scrollable-content-inner\"><h2>Zarejestruj konto w kasynie Manekispin<\/h2>\n<p>Nie wymagamy od u\u017cytkownik\u00f3w rejestracji na naszej platformie, ale dzi\u0119ki temu zyskasz wiele korzy\u015bci i pe\u0142ny dost\u0119p do wszystkich funkcji. Je\u015bli nie zalogowa\u0142e\u015b si\u0119 do Manekispin, mo\u017cesz gra\u0107 w niekt\u00f3re tytu\u0142y w trybie demo bez depozyt\u00f3w i ryzyka. W tym przypadku nie masz r\u00f3wnie\u017c mo\u017cliwo\u015bci wyp\u0142acenia wygranych.<\/p>\n<p>Aby jednak wybiera\u0107 spo\u015br\u00f3d tysi\u0119cy gier na prawdziwe pieni\u0105dze, dokonywa\u0107 wp\u0142at i wyp\u0142at oraz korzysta\u0107 z promocji, potrzebujesz konta w kasynie Maneki Spin. Dzi\u0119ki niemu Twoje do\u015bwiadczenie b\u0119dzie bardziej spersonalizowane dzi\u0119ki wszystkim ustawieniom w profilu, w tym:<\/p>\n<ul>\n<li>Zarz\u0105dzanie danymi osobowymi i informacjami dotycz\u0105cymi p\u0142atno\u015bci<\/li>\n<li>Narz\u0119dzia odpowiedzialnej gry<\/li>\n<li>Uwierzytelnianie dwusk\u0142adnikowe dla wi\u0119kszego bezpiecze\u0144stwa<\/li>\n<li>Historia aktywno\u015bci<\/li>\n<li>Link do programu partnerskiego i post\u0119py<\/li>\n<\/ul>\n<h3>Jak skonfigurowa\u0107 sw\u00f3j profil<\/h3>\n<p>Jak ju\u017c wspomnieli\u015bmy, rejestracja nowego konta w kasynie Manekispin nie zajmie du\u017co czasu. Proces jest prosty, wi\u0119c nawet nowicjusze wszystko zrozumiej\u0105. Je\u015bli jednak napotkasz jakiekolwiek trudno\u015bci, skontaktuj si\u0119 z naszym zespo\u0142em pomocy technicznej za po\u015brednictwem czatu na \u017cywo lub poczty elektronicznej. Poni\u017cej znajdziesz przewodnik krok po kroku, jak utworzy\u0107 nowy profil:<\/p>\n<ol>\n<li>W prawym g\u00f3rnym rogu naszej strony internetowej kliknij przycisk \u201eZarejestruj si\u0119\u201d.<\/li>\n<li>W wy\u015bwietlonym formularzu wype\u0142nij pola, podaj\u0105c sw\u00f3j adres e-mail, has\u0142o i kod promocyjny, je\u015bli go posiadasz.<\/li>\n<li>Potwierd\u017a, \u017ce masz co najmniej 18 lat i akceptujesz zasady platformy. Mo\u017cesz r\u00f3wnie\u017c zapisa\u0107 si\u0119 do newslettera.<\/li>\n<li>Po sprawdzeniu wprowadzonych danych kliknij przycisk \u201eZarejestruj si\u0119\u201d, aby potwierdzi\u0107.<\/li>\n<li>Wszyscy u\u017cytkownicy Manekispin zostan\u0105 poproszeni o podanie dodatkowych danych osobowych. Mo\u017cesz to zrobi\u0107 teraz lub pomin\u0105\u0107 ten krok i doko\u0144czy\u0107 p\u00f3\u017aniej.<\/li>\n<\/ol>\n<h2>Proces weryfikacji graczy Maneki Spin<\/h2>\n<p>Wszyscy nasi u\u017cytkownicy, kt\u00f3rzy zako\u0144czyli proces logowania do Manekispin, musz\u0105 przej\u015b\u0107 proces weryfikacji przed pierwsz\u0105 wyp\u0142at\u0105. Jest to wa\u017cny krok w celu zapewnienia bezpiecze\u0144stwa naszej platformy i unikni\u0119cia oszustw. Musimy zweryfikowa\u0107 Twoj\u0105 to\u017csamo\u015b\u0107, wiek, adres zamieszkania i w\u0142asno\u015b\u0107 konta p\u0142atniczego. Musisz przes\u0142a\u0107 zdj\u0119cia lub kopie swoich dokument\u00f3w osobistych na stron\u0119 internetow\u0105. W poni\u017cszej tabeli znajdziesz wi\u0119cej informacji na temat procesu weryfikacji KYC.<\/p>\n<table>\n<tbody>\n<tr>\n<td>Krok<\/td>\n<td>Szczeg\u00f3\u0142y<\/td>\n<\/tr>\n<tr>\n<td>Przejd\u017a do sekcji weryfikacji<\/td>\n<td>Zaloguj si\u0119 do Maneki Spin, a nast\u0119pnie otw\u00f3rz sekcj\u0119 weryfikacji w menu swojego konta.<\/td>\n<\/tr>\n<tr>\n<td>Prze\u015blij wymagane dokumenty potwierdzaj\u0105ce Twoj\u0105 to\u017csamo\u015b\u0107 i wiek<\/td>\n<td>Prze\u015blij wyra\u017ane zdj\u0119cie lub skan wa\u017cnego dokumentu to\u017csamo\u015bci wydanego przez organ pa\u0144stwowy (paszport, dow\u00f3d osobisty lub prawo jazdy).<\/td>\n<\/tr>\n<tr>\n<td>Prze\u015blij dokumenty potwierdzaj\u0105ce Tw\u00f3j adres zamieszkania<\/td>\n<td>Przedstaw aktualny dokument potwierdzaj\u0105cy adres zamieszkania, np. rachunek za media lub wyci\u0105g z konta bankowego wystawiony w ci\u0105gu ostatnich 3 miesi\u0119cy.<\/td>\n<\/tr>\n<tr>\n<td>Prze\u015blij dow\u00f3d p\u0142atno\u015bci<\/td>\n<td>Prze\u015blij dokument lub zrzut ekranu potwierdzaj\u0105cy posiadanie metody p\u0142atno\u015bci u\u017cytej do wp\u0142aty.<\/td>\n<\/tr>\n<tr>\n<td>Prze\u015blij do weryfikacji<\/td>\n<td>Po przes\u0142aniu wszystkich dokument\u00f3w prze\u015blij je do weryfikacji za po\u015brednictwem strony weryfikacyjnej.<\/td>\n<\/tr>\n<tr>\n<td>Weryfikacja<\/td>\n<td>Nasz zesp\u00f3\u0142 sprawdza dokumenty w ci\u0105gu 48 godzin.<\/td>\n<\/tr>\n<tr>\n<td>Potwierdzenie weryfikacji<\/td>\n<td>Otrzymasz powiadomienie, gdy Twoje konto zostanie zweryfikowane, a wyp\u0142aty b\u0119d\u0105 w pe\u0142ni dost\u0119pne.<\/td>\n<\/tr>\n<\/tbody>\n<\/table>\n<h2>Zaloguj si\u0119 na swoje konto<\/h2>\n<p>Je\u015bli masz ju\u017c konto na naszej stronie internetowej lub w aplikacji mobilnej, b\u0119dzie to dla Ciebie jeszcze \u0142atwiejsze. Wystarczy, \u017ce przejdziesz proces logowania do Manekispin. W tym celu wprowad\u017a sw\u00f3j adres e-mail i has\u0142o, kt\u00f3re utworzy\u0142e\u015b podczas rejestracji, w sekcji logowania. Je\u015bli w\u0142\u0105czy\u0142e\u015b uwierzytelnianie dwusk\u0142adnikowe, musisz r\u00f3wnie\u017c zweryfikowa\u0107 swoj\u0105 to\u017csamo\u015b\u0107 za pomoc\u0105 SMS-a lub oddzielnej aplikacji.<\/p>\n<p>W ustawieniach konta zawsze mo\u017cesz zmieni\u0107 swoje dane osobowe lub informacje dotycz\u0105ce p\u0142atno\u015bci. Je\u015bli jednak podczas logowania zapomnia\u0142e\u015b has\u0142a, nie ma problemu, poniewa\u017c oferujemy opcj\u0119 resetowania has\u0142a Manekispin. Mo\u017cna to zrobi\u0107, klikaj\u0105c link \u201eNie pami\u0119tasz has\u0142a?\u201d na stronie logowania i wprowadzaj\u0105c sw\u00f3j adres e-mail. Otrzymasz link do resetowania has\u0142a i b\u0119dziesz m\u00f3g\u0142 utworzy\u0107 nowe. Gracze mog\u0105 skontaktowa\u0107 si\u0119 z naszym wieloj\u0119zycznym zespo\u0142em pomocy technicznej w przypadku jakichkolwiek pyta\u0144 dotycz\u0105cych logowania do Manekispin.<\/p>\n<h2>Cz\u0119sto zadawane pytania<\/h2>\n<h3>Jak d\u0142ugo potrwa weryfikacja mojego konta?<\/h3>\n<p>Po przes\u0142aniu i potwierdzeniu dokument\u00f3w nasi mened\u017cerowie sprawdz\u0105 je w ci\u0105gu 48 godzin. Po zako\u0144czeniu otrzymasz potwierdzenie w formie powiadomienia push i wiadomo\u015bci e-mail.<\/p>\n<h3>Czy wszystkie podane dane osobowe b\u0119d\u0105 bezpieczne?<\/h3>\n<p>Gwarantujemy, \u017ce wszystkie dane osobowe i informacje dotycz\u0105ce p\u0142atno\u015bci s\u0105 bezpieczne w kasynie Manekispin. Korzystamy z zaawansowanego szyfrowania SSL, aby chroni\u0107 dane u\u017cytkownik\u00f3w i wszystkie procesy zachodz\u0105ce na stronie internetowej.<\/p>\n<h3>Co nale\u017cy zrobi\u0107, je\u015bli nie mog\u0119 uzyska\u0107 dost\u0119pu do mojego konta w Manekispin Casino?<\/h3>\n<p>Sprawd\u017a, czy poda\u0142e\u015b prawid\u0142owy adres e-mail i has\u0142o. Powinny to by\u0107 dane, kt\u00f3re poda\u0142e\u015b podczas rejestracji. Skontaktuj si\u0119 z obs\u0142ug\u0105 klienta Maneki Spin Casino za po\u015brednictwem czatu na \u017cywo lub e-maila, aby uzyska\u0107 pomoc.<\/p>\n<\/div><\/div><\/p>\n","protected":false},"excerpt":{"rendered":"<p>Logowanie i rejestracja w Manekispin Aby zacz\u0105\u0107 gra\u0107 na prawdziwe pieni\u0105dze i uzyska\u0107 dost\u0119p do wszystkich fajnych funkcji naszego kasyna online, u\u017cytkownicy z Polska musz\u0105 przej\u015b\u0107 proces Manekispin login. Ka\u017cdy, kto ma uko\u0144czone 18 lat i nie ma jeszcze konta na naszej platformie, mo\u017ce zarejestrowa\u0107 nowe konto. Jest to prosty proces, kt\u00f3ry nie zajmie du\u017co [&hellip;]<\/p>\n","protected":false},"author":1,"featured_media":0,"parent":0,"menu_order":0,"comment_status":"closed","ping_status":"closed","template":"template-builder.php","meta":{"_acf_changed":false,"inline_featured_image":false,"footnotes":""},"class_list":["post-1474","page","type-page","status-publish","hentry"],"acf":[],"yoast_head":"<!-- This site is optimized with the Yoast SEO plugin v27.3 - https:\/\/yoast.com\/product\/yoast-seo-wordpress\/ -->\n<title>Manekispin Login | Bezpieczny dost\u0119p do konta i rejestracja<\/title>\n<meta name=\"description\" content=\"U\u017cyj swojego loginu do Maneki Spin Casino lub zarejestruj si\u0119 w kilka sekund. Zarz\u0105dzaj depozytami, bonusami i procesem weryfikacji. Sprawd\u017a promocje i ciesz si\u0119 bezpieczn\u0105 gr\u0105 z ca\u0142odobowym wsparciem.\" \/>\n<meta name=\"robots\" content=\"index, follow, max-snippet:-1, max-image-preview:large, max-video-preview:-1\" \/>\n<link rel=\"canonical\" href=\"https:\/\/manekispincasino.com\/pl\/logowanie-i-rejestracja\/\" \/>\n<meta property=\"og:locale\" content=\"pl_PL\" \/>\n<meta property=\"og:type\" content=\"article\" \/>\n<meta property=\"og:title\" content=\"Manekispin Login | Bezpieczny dost\u0119p do konta i rejestracja\" \/>\n<meta property=\"og:description\" content=\"U\u017cyj swojego loginu do Maneki Spin Casino lub zarejestruj si\u0119 w kilka sekund. Zarz\u0105dzaj depozytami, bonusami i procesem weryfikacji. Sprawd\u017a promocje i ciesz si\u0119 bezpieczn\u0105 gr\u0105 z ca\u0142odobowym wsparciem.\" \/>\n<meta property=\"og:url\" content=\"https:\/\/manekispincasino.com\/pl\/logowanie-i-rejestracja\/\" \/>\n<meta property=\"og:site_name\" content=\"manekispin\" \/>\n<meta property=\"article:modified_time\" content=\"2026-01-20T10:01:19+00:00\" \/>\n<meta name=\"twitter:card\" content=\"summary_large_image\" \/>\n<meta name=\"twitter:label1\" content=\"Est. reading time\" \/>\n\t<meta name=\"twitter:data1\" content=\"1 minute\" \/>\n<script type=\"application\/ld+json\" class=\"yoast-schema-graph\">{\"@context\":\"https:\\\/\\\/schema.org\",\"@graph\":[{\"@type\":\"WebPage\",\"@id\":\"https:\\\/\\\/manekispincasino.com\\\/pl\\\/logowanie-i-rejestracja\\\/\",\"url\":\"https:\\\/\\\/manekispincasino.com\\\/pl\\\/logowanie-i-rejestracja\\\/\",\"name\":\"Manekispin Login | Bezpieczny dost\u0119p do konta i rejestracja\",\"isPartOf\":{\"@id\":\"https:\\\/\\\/manekispincasino.com\\\/pl\\\/#website\"},\"datePublished\":\"2026-01-19T13:53:44+00:00\",\"dateModified\":\"2026-01-20T10:01:19+00:00\",\"description\":\"U\u017cyj swojego loginu do Maneki Spin Casino lub zarejestruj si\u0119 w kilka sekund. Zarz\u0105dzaj depozytami, bonusami i procesem weryfikacji. Sprawd\u017a promocje i ciesz si\u0119 bezpieczn\u0105 gr\u0105 z ca\u0142odobowym wsparciem.\",\"breadcrumb\":{\"@id\":\"https:\\\/\\\/manekispincasino.com\\\/pl\\\/logowanie-i-rejestracja\\\/#breadcrumb\"},\"inLanguage\":\"pl-PL\",\"potentialAction\":[{\"@type\":\"ReadAction\",\"target\":[\"https:\\\/\\\/manekispincasino.com\\\/pl\\\/logowanie-i-rejestracja\\\/\"]}]},{\"@type\":\"BreadcrumbList\",\"@id\":\"https:\\\/\\\/manekispincasino.com\\\/pl\\\/logowanie-i-rejestracja\\\/#breadcrumb\",\"itemListElement\":[{\"@type\":\"ListItem\",\"position\":1,\"name\":\"Manekispin\",\"item\":\"https:\\\/\\\/manekispincasino.com\\\/pl\\\/\"},{\"@type\":\"ListItem\",\"position\":2,\"name\":\"Logowanie i rejestracja\"}]},{\"@type\":\"WebSite\",\"@id\":\"https:\\\/\\\/manekispincasino.com\\\/pl\\\/#website\",\"url\":\"https:\\\/\\\/manekispincasino.com\\\/pl\\\/\",\"name\":\"Manekispin\",\"description\":\"\",\"publisher\":{\"@id\":\"https:\\\/\\\/manekispincasino.com\\\/pl\\\/#organization\"},\"potentialAction\":[{\"@type\":\"SearchAction\",\"target\":{\"@type\":\"EntryPoint\",\"urlTemplate\":\"https:\\\/\\\/manekispincasino.com\\\/pl\\\/?s={search_term_string}\"},\"query-input\":{\"@type\":\"PropertyValueSpecification\",\"valueRequired\":true,\"valueName\":\"search_term_string\"}}],\"inLanguage\":\"pl-PL\"},{\"@type\":\"Organization\",\"@id\":\"https:\\\/\\\/manekispincasino.com\\\/pl\\\/#organization\",\"name\":\"Manekispin\",\"url\":\"https:\\\/\\\/manekispincasino.com\\\/pl\\\/\",\"logo\":{\"@type\":\"ImageObject\",\"inLanguage\":\"pl-PL\",\"@id\":\"https:\\\/\\\/manekispincasino.com\\\/pl\\\/#\\\/schema\\\/logo\\\/image\\\/\",\"url\":\"https:\\\/\\\/manekispincasino.com\\\/wp-content\\\/uploads\\\/2026\\\/01\\\/logo.png\",\"contentUrl\":\"https:\\\/\\\/manekispincasino.com\\\/wp-content\\\/uploads\\\/2026\\\/01\\\/logo.png\",\"width\":79,\"height\":24,\"caption\":\"Manekispin\"},\"image\":{\"@id\":\"https:\\\/\\\/manekispincasino.com\\\/pl\\\/#\\\/schema\\\/logo\\\/image\\\/\"}}]}<\/script>\n<!-- \/ Yoast SEO plugin. -->","yoast_head_json":{"title":"Manekispin Login | Bezpieczny dost\u0119p do konta i rejestracja","description":"U\u017cyj swojego loginu do Maneki Spin Casino lub zarejestruj si\u0119 w kilka sekund. Zarz\u0105dzaj depozytami, bonusami i procesem weryfikacji. Sprawd\u017a promocje i ciesz si\u0119 bezpieczn\u0105 gr\u0105 z ca\u0142odobowym wsparciem.","robots":{"index":"index","follow":"follow","max-snippet":"max-snippet:-1","max-image-preview":"max-image-preview:large","max-video-preview":"max-video-preview:-1"},"canonical":"https:\/\/manekispincasino.com\/pl\/logowanie-i-rejestracja\/","og_locale":"pl_PL","og_type":"article","og_title":"Manekispin Login | Bezpieczny dost\u0119p do konta i rejestracja","og_description":"U\u017cyj swojego loginu do Maneki Spin Casino lub zarejestruj si\u0119 w kilka sekund. Zarz\u0105dzaj depozytami, bonusami i procesem weryfikacji. Sprawd\u017a promocje i ciesz si\u0119 bezpieczn\u0105 gr\u0105 z ca\u0142odobowym wsparciem.","og_url":"https:\/\/manekispincasino.com\/pl\/logowanie-i-rejestracja\/","og_site_name":"manekispin","article_modified_time":"2026-01-20T10:01:19+00:00","twitter_card":"summary_large_image","twitter_misc":{"Est. reading time":"1 minute"},"schema":{"@context":"https:\/\/schema.org","@graph":[{"@type":"WebPage","@id":"https:\/\/manekispincasino.com\/pl\/logowanie-i-rejestracja\/","url":"https:\/\/manekispincasino.com\/pl\/logowanie-i-rejestracja\/","name":"Manekispin Login | Bezpieczny dost\u0119p do konta i rejestracja","isPartOf":{"@id":"https:\/\/manekispincasino.com\/pl\/#website"},"datePublished":"2026-01-19T13:53:44+00:00","dateModified":"2026-01-20T10:01:19+00:00","description":"U\u017cyj swojego loginu do Maneki Spin Casino lub zarejestruj si\u0119 w kilka sekund. Zarz\u0105dzaj depozytami, bonusami i procesem weryfikacji. Sprawd\u017a promocje i ciesz si\u0119 bezpieczn\u0105 gr\u0105 z ca\u0142odobowym wsparciem.","breadcrumb":{"@id":"https:\/\/manekispincasino.com\/pl\/logowanie-i-rejestracja\/#breadcrumb"},"inLanguage":"pl-PL","potentialAction":[{"@type":"ReadAction","target":["https:\/\/manekispincasino.com\/pl\/logowanie-i-rejestracja\/"]}]},{"@type":"BreadcrumbList","@id":"https:\/\/manekispincasino.com\/pl\/logowanie-i-rejestracja\/#breadcrumb","itemListElement":[{"@type":"ListItem","position":1,"name":"Manekispin","item":"https:\/\/manekispincasino.com\/pl\/"},{"@type":"ListItem","position":2,"name":"Logowanie i rejestracja"}]},{"@type":"WebSite","@id":"https:\/\/manekispincasino.com\/pl\/#website","url":"https:\/\/manekispincasino.com\/pl\/","name":"Manekispin","description":"","publisher":{"@id":"https:\/\/manekispincasino.com\/pl\/#organization"},"potentialAction":[{"@type":"SearchAction","target":{"@type":"EntryPoint","urlTemplate":"https:\/\/manekispincasino.com\/pl\/?s={search_term_string}"},"query-input":{"@type":"PropertyValueSpecification","valueRequired":true,"valueName":"search_term_string"}}],"inLanguage":"pl-PL"},{"@type":"Organization","@id":"https:\/\/manekispincasino.com\/pl\/#organization","name":"Manekispin","url":"https:\/\/manekispincasino.com\/pl\/","logo":{"@type":"ImageObject","inLanguage":"pl-PL","@id":"https:\/\/manekispincasino.com\/pl\/#\/schema\/logo\/image\/","url":"https:\/\/manekispincasino.com\/wp-content\/uploads\/2026\/01\/logo.png","contentUrl":"https:\/\/manekispincasino.com\/wp-content\/uploads\/2026\/01\/logo.png","width":79,"height":24,"caption":"Manekispin"},"image":{"@id":"https:\/\/manekispincasino.com\/pl\/#\/schema\/logo\/image\/"}}]}},"_links":{"self":[{"href":"https:\/\/manekispincasino.com\/pl\/wp-json\/wp\/v2\/pages\/1474","targetHints":{"allow":["GET"]}}],"collection":[{"href":"https:\/\/manekispincasino.com\/pl\/wp-json\/wp\/v2\/pages"}],"about":[{"href":"https:\/\/manekispincasino.com\/pl\/wp-json\/wp\/v2\/types\/page"}],"author":[{"embeddable":true,"href":"https:\/\/manekispincasino.com\/pl\/wp-json\/wp\/v2\/users\/1"}],"replies":[{"embeddable":true,"href":"https:\/\/manekispincasino.com\/pl\/wp-json\/wp\/v2\/comments?post=1474"}],"version-history":[{"count":1,"href":"https:\/\/manekispincasino.com\/pl\/wp-json\/wp\/v2\/pages\/1474\/revisions"}],"predecessor-version":[{"id":1786,"href":"https:\/\/manekispincasino.com\/pl\/wp-json\/wp\/v2\/pages\/1474\/revisions\/1786"}],"wp:attachment":[{"href":"https:\/\/manekispincasino.com\/pl\/wp-json\/wp\/v2\/media?parent=1474"}],"curies":[{"name":"wp","href":"https:\/\/api.w.org\/{rel}","templated":true}]}}